{"id":1877,"date":"2023-10-16T21:38:34","date_gmt":"2023-10-16T21:38:34","guid":{"rendered":"http:\/\/fdep.mxl.uabc.mx\/posgrado\/?page_id=1877"},"modified":"2023-10-24T20:14:25","modified_gmt":"2023-10-24T20:14:25","slug":"estudiante","status":"publish","type":"page","link":"https:\/\/fdep.mxl.uabc.mx\/posgrado\/estudiante\/","title":{"rendered":"Estudiante"},"content":{"rendered":"\n\n\n<br>\nLos programas en el nivel de posgrados son los estudios universitarios que se realizan una vez que el estudiante obtuvo su t\u00edtulo de Licenciatura. \n<br>\nPor lo general, son actividades de investigaci\u00f3n y actualizaci\u00f3n de contenidos y se especializan en ciertas \u00e1reas del conocimiento.\n<br>\n<br>\n\n\n\n\n\n\n\n\n<table width=98%>\n <!--Encabezado-->\n<tr>\n<th>Semestre<\/th>\n<th>Total de Estudiantes<\/th>\n<th>Hombres<\/th>\n<th>Mujeres<\/th>\n<\/tr>\n <!--Fila 1-->\n<td>1\u00b0 2015-2<\/td>\n<td>16<\/td>\n<td>10<\/td>\n<td>6<\/td>\n<\/tr>\n <!--Fila 2-->\n<tr>\n<td>2\u00b0 2016-1<\/td>\n<td>16<\/td>\n<td>10<\/td>\n<td>6<\/td>\n<\/tr>\n <!--Fila 3-->\n<tr>\n<td>3\u00b0 2016-2<\/td>\n<td>16<\/td>\n<td>10<\/td>\n<td>6<\/td>\n<\/tr>\n <!--Fila 4-->\n<tr>\n<td>4\u00b0 2017-1<\/td>\n<td>16<\/td>\n<td>10<\/td>\n<td>6<\/td>\n<\/tr>\n <!--Fila 4-->\n<tr>\n<td>1\u00b0 2017-2<\/td>\n<td>13<\/td>\n<td>8<\/td>\n<td>5<\/td>\n<\/tr>\n <!--Fila 5-->\n<tr>\n<td>2\u00b0 2018-1<\/td>\n<td>13<\/td>\n<td>8<\/td>\n<td>5<\/td>\n<\/tr>\n <!--Fila 6-->\n<tr>\n<td>3\u00b0 2018-2<\/td>\n<td>13<\/td>\n<td>8<\/td>\n<td>5<\/td>\n<\/tr>\n <!--Fila 7-->\n<tr>\n<td>4\u00b0 2019-1<\/td>\n<td>13<\/td>\n<td>8<\/td>\n<td>5<\/td>\n<\/tr>\n <!--Fila 8-->\n<tr>\n<td>1\u00b0 2019-2<\/td>\n<td>13<\/td>\n<td>8<\/td>\n<td>5<\/td>\n<\/tr>\n<\/table>\n\n\n\n\n\n\n<table with= \"98%\">\n <!--Encabezado-->\n<tr>\n<th>Periodo<\/th>\n<th>Egresados<\/th>\n<th>Titulados<\/th>\n\n<\/tr>\n <!--Fila 1-->\n<tr>\n<td>2017-1<\/td>\n<td>14<\/td>\n<td>12<\/td>\n<\/tr>\n <!--Fila 2-->\n<tr>\n<td>2017-2<\/td>\n<td>2<\/td>\n<td>3<\/td>\n<\/tr>\n <!--Fila 3-->\n<tr>\n<td>2019-2<\/td>\n<td>13<\/td>\n<td>0<\/td>\n<\/tr>\n <!--Fila 4-->\n<tr>\n<td><STRONG>TOTAL:<\/STRONG><\/td>\n<td><STRONG>29<\/STRONG><\/td>\n<td><STRONG>15<\/STRONG><\/td>\n<\/tr>\n<\/table>\n\n\n\n\n\n\n","protected":false},"excerpt":{"rendered":"","protected":false},"author":1,"featured_media":0,"parent":0,"menu_order":0,"comment_status":"closed","ping_status":"closed","template":"","meta":{"_uag_custom_page_level_css":"","site-sidebar-layout":"default","site-content-layout":"","ast-site-content-layout":"default","site-content-style":"default","site-sidebar-style":"default","ast-global-header-display":"","ast-banner-title-visibility":"","ast-main-header-display":"","ast-hfb-above-header-display":"","ast-hfb-below-header-display":"","ast-hfb-mobile-header-display":"","site-post-title":"","ast-breadcrumbs-content":"","ast-featured-img":"","footer-sml-layout":"","ast-disable-related-posts":"","theme-transparent-header-meta":"","adv-header-id-meta":"","stick-header-meta":"","header-above-stick-meta":"","header-main-stick-meta":"","header-below-stick-meta":"","astra-migrate-meta-layouts":"set","ast-page-background-enabled":"default","ast-page-background-meta":{"desktop":{"background-color":"var(--ast-global-color-4)","background-image":"","background-repeat":"repeat","background-position":"center center","background-size":"auto","background-attachment":"scroll","background-type":"","background-media":"","overlay-type":"","overlay-color":"","overlay-opacity":"","overlay-gradient":""},"tablet":{"background-color":"","background-image":"","background-repeat":"repeat","background-position":"center center","background-size":"auto","background-attachment":"scroll","background-type":"","background-media":"","overlay-type":"","overlay-color":"","overlay-opacity":"","overlay-gradient":""},"mobile":{"background-color":"","background-image":"","background-repeat":"repeat","background-position":"center center","background-size":"auto","background-attachment":"scroll","background-type":"","background-media":"","overlay-type":"","overlay-color":"","overlay-opacity":"","overlay-gradient":""}},"ast-content-background-meta":{"desktop":{"background-color":"var(--ast-global-color-5)","background-image":"","background-repeat":"repeat","background-position":"center center","background-size":"auto","background-attachment":"scroll","background-type":"","background-media":"","overlay-type":"","overlay-color":"","overlay-opacity":"","overlay-gradient":""},"tablet":{"background-color":"var(--ast-global-color-5)","background-image":"","background-repeat":"repeat","background-position":"center center","background-size":"auto","background-attachment":"scroll","background-type":"","background-media":"","overlay-type":"","overlay-color":"","overlay-opacity":"","overlay-gradient":""},"mobile":{"background-color":"var(--ast-global-color-5)","background-image":"","background-repeat":"repeat","background-position":"center center","background-size":"auto","background-attachment":"scroll","background-type":"","background-media":"","overlay-type":"","overlay-color":"","overlay-opacity":"","overlay-gradient":""}},"footnotes":""},"class_list":["post-1877","page","type-page","status-publish","hentry"],"uagb_featured_image_src":{"full":false,"thumbnail":false,"medium":false,"medium_large":false,"large":false,"1536x1536":false,"2048x2048":false},"uagb_author_info":{"display_name":"Administrador","author_link":"https:\/\/fdep.mxl.uabc.mx\/posgrado\/blog\/author\/administrador\/"},"uagb_comment_info":0,"uagb_excerpt":null,"_links":{"self":[{"href":"https:\/\/fdep.mxl.uabc.mx\/posgrado\/wp-json\/wp\/v2\/pages\/1877","targetHints":{"allow":["GET"]}}],"collection":[{"href":"https:\/\/fdep.mxl.uabc.mx\/posgrado\/wp-json\/wp\/v2\/pages"}],"about":[{"href":"https:\/\/fdep.mxl.uabc.mx\/posgrado\/wp-json\/wp\/v2\/types\/page"}],"author":[{"embeddable":true,"href":"https:\/\/fdep.mxl.uabc.mx\/posgrado\/wp-json\/wp\/v2\/users\/1"}],"replies":[{"embeddable":true,"href":"https:\/\/fdep.mxl.uabc.mx\/posgrado\/wp-json\/wp\/v2\/comments?post=1877"}],"version-history":[{"count":18,"href":"https:\/\/fdep.mxl.uabc.mx\/posgrado\/wp-json\/wp\/v2\/pages\/1877\/revisions"}],"predecessor-version":[{"id":2275,"href":"https:\/\/fdep.mxl.uabc.mx\/posgrado\/wp-json\/wp\/v2\/pages\/1877\/revisions\/2275"}],"wp:attachment":[{"href":"https:\/\/fdep.mxl.uabc.mx\/posgrado\/wp-json\/wp\/v2\/media?parent=1877"}],"curies":[{"name":"wp","href":"https:\/\/api.w.org\/{rel}","templated":true}]}}