{"id":1356,"date":"2023-10-04T19:50:08","date_gmt":"2023-10-04T17:50:08","guid":{"rendered":"http:\/\/fdep.mxl.uabc.mx\/posgrado\/?page_id=1356"},"modified":"2025-06-16T18:35:51","modified_gmt":"2025-06-16T16:35:51","slug":"resultados","status":"publish","type":"page","link":"https:\/\/fdep.mxl.uabc.mx\/posgrado\/resultados\/","title":{"rendered":"Resultados"},"content":{"rendered":"\n\n\n<h5> <center>Candidatos Aceptados  a la Maestr\u00eda en Educaci\u00f3n F\u00edsica y Deporte Escolar<\/center><\/h5>\n\n\n\n\n\n\n\n\n<br>\n<h5><center>Candidatos Aceptados  a la Maestr\u00eda en Educaci\u00f3n F\u00edsica y Deporte Escolar Periodo Agosto 2025<\/center><\/h5>\n<table>\n<tbody><tr>\n<!--encabezado-->\n<th>FOLIO<\/th>\n<th>EXANI-III<\/th>\n<th>Entrevista<\/th>\n<th>Otra Lengua<\/th>\n<th>Puntaje<\/th>\n<\/tr>\n<!--fila 1-->\n<tr>\n<td>36479118<\/td>\n<td>50<\/td>\n<td>30<\/td>\n<td>20<\/td>\n<td>100*<\/td>\n<\/tr>\n<!--fila 2-->\n<tr>\n<td>36157136<\/td>\n<td>50<\/td>\n<td>29<\/td>\n<td>20<\/td>\n<td>99*<\/td>\n<\/tr>\n<!--fila 3-->\n<tr>\n<td>36227135<\/td>\n<td>50<\/td>\n<td>25<\/td>\n<td>20<\/td>\n<td>95*<\/td>\n<\/tr>\n<!--fila 4-->\n<tr>\n<td>34717131<\/td>\n<td>40<\/td>\n<td>30<\/td>\n<td>20<\/td>\n<td>90*<\/td>\n<\/tr>\n<!--fila 5-->\n<tr>\n<td>37260123<\/td>\n<td>40<\/td>\n<td>27<\/td>\n<td>20<\/td>\n<td>87*<\/td>\n<\/tr>\n<!--fila 6-->\n<tr>\n<td>36598132<\/td>\n<td>30<\/td>\n<td>30<\/td>\n<td>20<\/td>\n<td>80<\/td>\n<\/tr>\n<\/tbody><\/table>\n<br>\n<p>\nDocumentos para inscripci\u00f3n a presentar en la Facultad de Deportes.\n<\/p>\n<br>\n<ul>\n<li>Original y copia de acta de nacimiento (legalizado en caso de extranjeros)\n<\/li>\n<li>\nOriginal y copia de t\u00edtulo de licenciatura (legalizado en caso de extranjeros)\n<\/li>\n<li>\nOriginal y copia de certificado de estudios (legalizado en caso de extranjeros)\n<\/li>\n<li>\nCarta de aceptaci\u00f3n\n<\/li>\n<br>\n<p>Entrega estos documentos: a partir del 16 de junio.<\/p>\n<p>Sesi\u00f3n proped\u00e9utica en l\u00ednea: horario por definir<\/p>\n<p>Inicio de clases: 11 de agosto.<\/p><p>\n<\/p><p>*Tr\u00e1mite de beca SECIHTI a partir del 4 de agosto.(https:\/\/secihti.mx\/convocatorias\/convocatorias-becas-nacionales\/convocatorias-abiertas-becas-nacionales\/convocatoria-de-becas-nacionales-para-estudios-de-posgrado-2025\/)<\/p>\n<br>\n<strong>Nota:<\/strong>\n<br>\nEl Ceneval sugiere conservar la vigencia de los resultados de EXANI-lll por 2 a\u00f1os.\n<br>\nLa vigencia de los resultados del examen de ingles aplicado por la UABC es de 1 a\u00f1os.\n<br>\n<br><\/ul>\n\n\n\n\n\n\n<br>\n<h5><center>Candidatos Aceptados  a la Maestr\u00eda en Educaci\u00f3n F\u00edsica y Deporte Escolar Periodo Agosto 2024<\/center><\/h5>\n<table>\n<tr>\n<!--encabezado-->\n<th>FOLIO<\/th>\n<th>EXANI-III<\/th>\n<th>Entrevista<\/th>\n<th>Otra Lengua<\/th>\n<th>Puntaje<\/th>\n<\/tr>\n<!--fila 1-->\n<tr>\n<td>36409107<\/td>\n<td>50<\/td>\n<td>30<\/td>\n<td><\/td>\n<td>80<\/td>\n<\/tr>\n<!--fila 2-->\n<tr>\n<td>35193111<\/td>\n<td>50<\/td>\n<td>30<\/td>\n<td><\/td>\n<td>80<\/td>\n<\/tr>\n<!--fila 3-->\n<tr>\n<td>36213113<\/td>\n<td>50<\/td>\n<td>29<\/td>\n<td>20<\/td>\n<td>99<\/td>\n<\/tr>\n<!--fila 4-->\n<tr>\n<td>34230104<\/td>\n<td>40<\/td>\n<td>27<\/td>\n<td>20<\/td>\n<td>87<\/td>\n<\/tr>\n<!--fila 5-->\n<tr>\n<td>35722110<\/td>\n<td>40<\/td>\n<td>20<\/td>\n<td>20<\/td>\n<td>80<\/td>\n<\/tr>\n<\/table>\n<br>\n<p>\nDocumentos para inscripci\u00f3n a presentar en la Facultad de Deportes.\n<\/p>\n<br>\n<ul>\n<li>Original y copia de acta de nacimiento (legalizado en caso de extranjeros)\n<\/li>\n<li>\nOriginal y copia de t\u00edtulo de licenciatura (legalizado en caso de extranjeros)\n<\/li>\n<li>\nOriginal y copia de certificado de estudios (legalizado en caso de extranjeros)\n<\/li>\n<li>\nCarta de aceptaci\u00f3n\n<\/li>\n<br>\n<p>Entrega estos documentos: a partir del 24 de junio.<\/p>\n<p>Sesi\u00f3n proped\u00e9utica en l\u00ednea: horario por definir<\/p>\n<p>Inicio de clases: 12 de agosto.<p>\n<p>Tr\u00e1mite de beca CONACYT a partir del 5 de agosto.(https:\/\/www.conacyt.gob.mx\/Convocatorias-Abiertas-Becas-Nacionales.html)<\/p>\n<br>\n<strong>Nota:<\/strong>\n<br>\nEl Ceneval sugiere conservar la vigencia de los resultados de EXANI-lll por 2 a\u00f1os.\n<br>\nLa vigencia de los resultados del examen de ingles aplicado por la UABC es de 1 a\u00f1os.\n<br>\n<br>\n\n\n\n\n\n\n<br>\n<h5><center>Candidatos Aceptados  a la Maestr\u00eda en Educaci\u00f3n F\u00edsica y Deporte Escolar Periodo Agosto 2023<\/center><\/h5>\n<table>\n<tr>\n<!--encabezado-->\n<th>FOLIO<\/th>\n<th>EXANI-III<\/th>\n<th>Entrevista<\/th>\n<th>Otra Lengua<\/th>\n<th>Puntaje<\/th>\n<\/tr>\n<!--fila 1-->\n<tr>\n<td>3425690<\/td>\n<td>50<\/td>\n<td>26<\/td>\n<td>20<\/td>\n<td>96<\/td>\n<\/tr>\n<!--fila 2-->\n<tr>\n<td>3599436<\/td>\n<td>40<\/td>\n<td>30<\/td>\n<td>20<\/td>\n<td>90<\/td>\n<\/tr>\n<!--fila 3-->\n<tr>\n<td>3645384<\/td>\n<td>40<\/td>\n<td>28<\/td>\n<td>20<\/td>\n<td>88<\/td>\n<\/tr>\n<!--fila 4-->\n<tr>\n<td>3417897<\/td>\n<td>50<\/td>\n<td>29<\/td>\n<td>5<\/td>\n<td>84<\/td>\n<\/tr>\n<!--fila 5-->\n<tr>\n<td>3128598<\/td>\n<td>50<\/td>\n<td>27<\/td>\n<td>5<\/td>\n<td>82<\/td>\n<\/tr>\n<\/table>\n<br>\n<p>\nDocumentos para inscripci\u00f3n a presentar en la Facultad de Deportes.\n<\/p>\n<br>\n<ul>\n<li>Original y copia de acta de nacimiento (legalizado en caso de extranjeros)\n<\/li>\n<li>\nOriginal y copia de t\u00edtulo de licenciatura (legalizado en caso de extranjeros)\n<\/li>\n<li>\nOriginal y copia de certificado de estudios (legalizado en caso de extranjeros)\n<\/li>\n<li>\nCarta de aceptaci\u00f3n\n<\/li>\n<br>\n<p>Entrega estos documentos: a partir del 19 de junio<\/p>\n<p>Sesi\u00f3n proped\u00e9utica en l\u00ednea: horario por definir<\/p>\n<p>Inicio de clases: 7 de agosto<p>\n<p>Tr\u00e1mite de beca CONACYT a partir del 1 de agosto (https:\/\/www.conacyt.gob.mx\/Convocatorias-Abiertas-Becas-Nacionales.html)<\/p>\n<strong>Nota:<\/strong>\n<br>\nEl Ceneval sugiere conservar la vigencia de los resultados de EXANI-lll por 2 a\u00f1os.\n<br>\nLa vigencia de los resultados del examen de ingles aplicado por la UABC es de 1 a\u00f1os.\n<br>\n<br>\n\n\n\n\n\n\n<br>\n<h5><center>Candidatos Aceptados  a la Maestr\u00eda en Educaci\u00f3n F\u00edsica y Deporte Escolar Periodo Agosto 2022<\/center><\/h5>\n<table>\n<tr>\n<!--encabezado-->\n<th><\/th>\n<th>EXANI-III<\/th>\n<th>Entrevista<\/th>\n<th>Otra Lengua<\/th>\n<th>Puntaje<\/th>\n<\/tr>\n<!--fila 1-->\n<tr>\n<td>3577321<\/td>\n<td>40<\/td>\n<td>30<\/td>\n<td>20<\/td>\n<td>90<\/td>\n<\/tr>\n<!--fila 2-->\n<tr>\n<td>3272835<\/td>\n<td>50<\/td>\n<td>30<\/td>\n<td>20<\/td>\n<td>100<\/td>\n<\/tr>\n<!--fila 3-->\n<tr>\n<td>3086024<\/td>\n<td>50<\/td>\n<td>30<\/td>\n<td>20<\/td>\n<td>100<\/td>\n<\/tr>\n<!--fila 4-->\n<tr>\n<td>3265144<\/td>\n<td>50<\/td>\n<td>29<\/td>\n<td>20<\/td>\n<td>99<\/td>\n<\/tr>\n<!--fila 5-->\n<tr>\n<td>3561241<\/td>\n<td>50<\/td>\n<td>27<\/td>\n<td>20<\/td>\n<td>97<\/td>\n<\/tr>\n<!--fila 6-->\n<tr>\n<td>3502750<\/td>\n<td>50<\/td>\n<td>27<\/td>\n<td>20<\/td>\n<td>97<\/td>\n<\/tr>\n<!--fila 7-->\n<tr>\n<td>3447444<\/td>\n<td>50<\/td>\n<td>16<\/td>\n<td>20<\/td>\n<td>86<\/td>\n<\/tr>\n<!--fila 8-->\n<tr>\n<td>3467339<\/td>\n<td>40<\/td>\n<td>26<\/td>\n<td>20<\/td>\n<td>86<\/td>\n<\/tr>\n<!--fila 8-->\n<tr>\n<td>3640048<\/td>\n<td>40<\/td>\n<td>25<\/td>\n<td>20<\/td>\n<td>85<\/td>\n<\/tr>\n<!--fila 9-->\n<tr>\n<td>3627951<\/td>\n<td>50<\/td>\n<td>30<\/td>\n<td><\/td>\n<td>80<\/td>\n<\/tr>\n<\/table>\n<br>\n<p>\nDocumentos para inscripci\u00f3n a presentar en DEPARTAMENTO DE SERVICIOS ESTUDIANTILES Y GESTI\u00d3N ESCOLAR; Edificio de Vicerrector\u00eda (1er. piso) Blvd. Benito Ju\u00e1rez S\/N, Mexicali, B.C., C.P. 21280\n<\/p>\n<br>\n<ul>\n<li>Original y copia de acta de nacimiento (legalizado en caso de extranjeros)\n<\/li>\n<li>\nOriginal y copia de t\u00edtulo de licenciatura (legalizado en caso de extranjeros)\n<\/li>\n<li>\nOriginal y copia de certificado de estudios (legalizado en caso de extranjeros)\n<\/li>\n<li>\nCarta de aceptaci\u00f3n\n<\/li>\n<br>\n<p>Fecha de entrega de estos documentos: por definir<\/p>\n<p>Sesi\u00f3n proped\u00e9utica en l\u00ednea:  4 de agosto, horario por definir<\/p>\n<p>Inicio de clases: 8 de agosto<p>\n<p>Tr\u00e1mite de beca CONACYT a partir del 2 de agosto (https:\/\/www.conacyt.gob.mx\/Convocatorias-Abiertas-Becas-Nacionales.html)<\/p>\n<br>\n<p>\n<strong>NOTA: <\/strong>El Ceneval sugiere conservar la vigencia de los resultados de EXANI -III por 2 a\u00f1os.\n<br>\nLa vigencia de los resultados del examen de ingl\u00e9s aplicado por la UABC es de 1 a\u00f1o.<\/p>\n<br>\n\n\n\n\n\n\n<br>\n<h5><center>Candidatos Aceptados  a la Maestr\u00eda en Educaci\u00f3n F\u00edsica y Deporte Escolar Periodo 2021<\/center><\/h5>\n<table>\n<tr>\n<!--encabezado-->\n<th><\/th>\n<th>PAEP<\/th>\n<th>Entrevista<\/th>\n<th>Otra Lengua<\/th>\n<th>Puntaje<\/th>\n<\/tr>\n<!--fila 1-->\n<tr>\n<td>Ernesto Reyes Milian<\/td>\n<td>40<\/td>\n<td>27<\/td>\n<td>20<\/td>\n<td>87<\/td>\n<\/tr>\n<!--fila 2-->\n<tr>\n<td>Jos\u00e9 Crist\u00f3bal Gonz\u00e1lez Antigua<\/td>\n<td>40<\/td>\n<td>27<\/td>\n<td>20<\/td>\n<td>87<\/td>\n<\/tr>\n<!--fila 3-->\n<tr>\n<td>Kevin Antonio Rodr\u00edguez Fern\u00e1ndez<\/td>\n<td>50<\/td>\n<td>27<\/td>\n<td>20<\/td>\n<td>97<\/td>\n<\/tr>\n<!--fila 4-->\n<tr>\n<td>Cuauht\u00e9moc Hern\u00e1ndez Carballo<\/td>\n<td>50<\/td>\n<td>30<\/td>\n<td>20<\/td>\n<td>100<\/td>\n<\/tr>\n<!--fila 5-->\n<tr>\n<td>Wendy Itza Cortez<\/td>\n<td>50<\/td>\n<td>30<\/td>\n<td>20<\/td>\n<td>100<\/td>\n<\/tr>\n<!--fila 6-->\n<tr>\n<td>Jaime Flores Zamora<\/td>\n<td>40<\/td>\n<td>25<\/td>\n<td>20<\/td>\n<td>85<\/td>\n<\/tr>\n<!--fila 7-->\n<tr>\n<td>Yesenia Cota Fierro<\/td>\n<td>40<\/td>\n<td>20<\/td>\n<td>20<\/td>\n<td>80<\/td>\n<\/tr>\n<\/table>\n<br>\n<p>Documentos para inscripci\u00f3n a presentar en DEPARTAMENTO DE SERVICIOS ESTUDIANTILES Y GESTI\u00d3N ESCOLAR; Edificio de Vicerrector\u00eda (1er. piso) Blvd. Benito Ju\u00e1rez S\/N, Mexicali, B.C., C.P. 21280\n<\/p>\n<br>\n<ul>\n<li>Original y copia de acta de nacimiento (legalizado en caso de extranjeros)\n<\/li>\n<li>\nOriginal y copia de t\u00edtulo de licenciatura (legalizado en caso de extranjeros)\n<\/li>\n<li>\nOriginal y copia de certificado de estudios (legalizado en caso de extranjeros)\n<\/li>\n<li>\nCarta de aceptaci\u00f3n\n<\/li>\n<br>\n<p>Fecha de entrega de estos documentos: por definir<\/p>\n<p>Sesi\u00f3n proped\u00e9utica en l\u00ednea: 25 de junio, horario por definir<\/p>\n<p>Inicio de clases: 9 de agosto<p>\n<p>Tr\u00e1mite de beca CONACYT a partir del 3 de agosto (https:\/\/www.conacyt.gob.mx\/Convocatorias-Abiertas-Becas-Nacionales.html)<\/p>\n<br>\n\n\n\n\n\n\n","protected":false},"excerpt":{"rendered":"","protected":false},"author":1,"featured_media":0,"parent":0,"menu_order":0,"comment_status":"closed","ping_status":"closed","template":"","meta":{"_uag_custom_page_level_css":"","site-sidebar-layout":"default","site-content-layout":"","ast-site-content-layout":"default","site-content-style":"default","site-sidebar-style":"default","ast-global-header-display":"","ast-banner-title-visibility":"","ast-main-header-display":"","ast-hfb-above-header-display":"","ast-hfb-below-header-display":"","ast-hfb-mobile-header-display":"","site-post-title":"","ast-breadcrumbs-content":"","ast-featured-img":"","footer-sml-layout":"","ast-disable-related-posts":"","theme-transparent-header-meta":"","adv-header-id-meta":"","stick-header-meta":"","header-above-stick-meta":"","header-main-stick-meta":"","header-below-stick-meta":"","astra-migrate-meta-layouts":"set","ast-page-background-enabled":"default","ast-page-background-meta":{"desktop":{"background-color":"var(--ast-global-color-4)","background-image":"","background-repeat":"repeat","background-position":"center center","background-size":"auto","background-attachment":"scroll","background-type":"","background-media":"","overlay-type":"","overlay-color":"","overlay-opacity":"","overlay-gradient":""},"tablet":{"background-color":"","background-image":"","background-repeat":"repeat","background-position":"center center","background-size":"auto","background-attachment":"scroll","background-type":"","background-media":"","overlay-type":"","overlay-color":"","overlay-opacity":"","overlay-gradient":""},"mobile":{"background-color":"","background-image":"","background-repeat":"repeat","background-position":"center center","background-size":"auto","background-attachment":"scroll","background-type":"","background-media":"","overlay-type":"","overlay-color":"","overlay-opacity":"","overlay-gradient":""}},"ast-content-background-meta":{"desktop":{"background-color":"var(--ast-global-color-5)","background-image":"","background-repeat":"repeat","background-position":"center center","background-size":"auto","background-attachment":"scroll","background-type":"","background-media":"","overlay-type":"","overlay-color":"","overlay-opacity":"","overlay-gradient":""},"tablet":{"background-color":"var(--ast-global-color-5)","background-image":"","background-repeat":"repeat","background-position":"center center","background-size":"auto","background-attachment":"scroll","background-type":"","background-media":"","overlay-type":"","overlay-color":"","overlay-opacity":"","overlay-gradient":""},"mobile":{"background-color":"var(--ast-global-color-5)","background-image":"","background-repeat":"repeat","background-position":"center center","background-size":"auto","background-attachment":"scroll","background-type":"","background-media":"","overlay-type":"","overlay-color":"","overlay-opacity":"","overlay-gradient":""}},"footnotes":""},"class_list":["post-1356","page","type-page","status-publish","hentry"],"uagb_featured_image_src":{"full":false,"thumbnail":false,"medium":false,"medium_large":false,"large":false,"1536x1536":false,"2048x2048":false},"uagb_author_info":{"display_name":"Administrador","author_link":"https:\/\/fdep.mxl.uabc.mx\/posgrado\/blog\/author\/administrador\/"},"uagb_comment_info":0,"uagb_excerpt":null,"_links":{"self":[{"href":"https:\/\/fdep.mxl.uabc.mx\/posgrado\/wp-json\/wp\/v2\/pages\/1356","targetHints":{"allow":["GET"]}}],"collection":[{"href":"https:\/\/fdep.mxl.uabc.mx\/posgrado\/wp-json\/wp\/v2\/pages"}],"about":[{"href":"https:\/\/fdep.mxl.uabc.mx\/posgrado\/wp-json\/wp\/v2\/types\/page"}],"author":[{"embeddable":true,"href":"https:\/\/fdep.mxl.uabc.mx\/posgrado\/wp-json\/wp\/v2\/users\/1"}],"replies":[{"embeddable":true,"href":"https:\/\/fdep.mxl.uabc.mx\/posgrado\/wp-json\/wp\/v2\/comments?post=1356"}],"version-history":[{"count":20,"href":"https:\/\/fdep.mxl.uabc.mx\/posgrado\/wp-json\/wp\/v2\/pages\/1356\/revisions"}],"predecessor-version":[{"id":2928,"href":"https:\/\/fdep.mxl.uabc.mx\/posgrado\/wp-json\/wp\/v2\/pages\/1356\/revisions\/2928"}],"wp:attachment":[{"href":"https:\/\/fdep.mxl.uabc.mx\/posgrado\/wp-json\/wp\/v2\/media?parent=1356"}],"curies":[{"name":"wp","href":"https:\/\/api.w.org\/{rel}","templated":true}]}}