{"id":1352,"date":"2023-10-04T19:49:36","date_gmt":"2023-10-04T17:49:36","guid":{"rendered":"http:\/\/fdep.mxl.uabc.mx\/posgrado\/?page_id=1352"},"modified":"2026-03-18T19:42:46","modified_gmt":"2026-03-18T18:42:46","slug":"convocatoria","status":"publish","type":"page","link":"https:\/\/fdep.mxl.uabc.mx\/posgrado\/convocatoria\/","title":{"rendered":"Convocatoria"},"content":{"rendered":"\n\n\n<center>\nFacultad de Deportes\n<h5>Convoca a:<\/h5>\n<\/center>\n\n\n\n\n\n\n\n\n<p>\nEgresados(as) de maestr\u00edas en el \u00e1rea de las ciencias del deporte y actividad\nf\u00edsica, o licenciaturas afines que justifiquen su ingreso por la relaci\u00f3n existente\nentre su formaci\u00f3n acad\u00e9mica y profesional con la maestr\u00eda ofertada, a participar\nen el concurso de ingreso a la Maestr\u00eda en Educaci\u00f3n F\u00edsica y Deporte Escolar.&nbsp;\nAgosto 2026-2, a cursarse en el campus Mexicali.\n<\/p>\n<br>\n<p>\n<strong> Paso 1<\/strong>(antecedentes acad\u00e9micos): <span style=\"color:#e60000;\">Fecha l\u00edmite 31 de marzo del 2026<\/span>\n<\/p>\n<br>\n<ul>\n<li>\nCopia de T\u00edtulo de Licenciatura (o comprobante de T\u00edtulo en tr\u00e1mite), y\nc\u00e9dula profesional de licenciatura (o comprobante de c\u00e9dula federal en\ntr\u00e1mite expedido por la SEP, o su equivalente para estudiantes extranjeros).\n<\/li>\n<li>\nCopia de certificado de estudios de licenciatura que acredite un promedio\nm\u00ednimo de 80 sobre 100, o su equivalente en otros sistemas de calificaci\u00f3n.\n<\/li>\n<li>\nCarta de motivos personales firmada por el aspirante, donde explique qu\u00e9\nlo llev\u00f3 a tomar la decisi\u00f3n de ingresar a la MEFDE, qu\u00e9 planea desarrollar\ndurante el programa, y c\u00f3mo aplicar\u00e1 la informaci\u00f3n adquirida en su labor\nprofesional al egresar de la maestr\u00eda.\n<\/li>\n<li>\nCurr\u00edculo vitae, formato libre.\n<\/li>\n<li>\nDos cartas de recomendaci\u00f3n emitidas por profesores que le hayan\nimpartido clases durante la licenciatura. Formato libre.<\/li>\n<li>\nPara el caso de aspirantes extranjeros, adicionalmente se pide acta de\nnacimiento apostillada, copia de pasaporte con vigencia mayor a tres\nmeses del tiempo que desee permanecer en M\u00e9xico.\n<\/li>\n<li>\nPara el caso de aspirantes que no sean hispanoparlantes, deber\u00e1n\ncomprobar dominio del idioma espa\u00f1ol en comprensi\u00f3n, lectura y redacci\u00f3n\n(nivel B1 del Marco Com\u00fan Europeo).\n<\/li>\n<li>\nRegistrarse en<a href=\"https:\/\/forms.gle\/iVJtvCUcR5BYGmLn8\" target=\"_blank\"> <strong>https:\/\/forms.gle\/iVJtvCUcR5BYGmLn8<\/strong><\/a>\n<\/li>\n<\/ul>\n<br>\n<p><strong>\nPaso 2<\/strong> (examen de conocimientos):\n<\/p>\n<br>\n<ul>\n<li>\nPresentar y aprobar un examen de conocimientos generales nivel posgrado<\/li>\n<li>\n<span style=\"color:#e60000;\">Costo: $<u> 1,200.00<\/u><\/span><\/li>\n<li>\nPago y pre-registro Institucional\n<br>\n<u>Del 30 de marzo al 22 de abril de 2026.<\/u>\n<\/li>\n<li>Registro ante CENEVAL<br>\n<u>Del 30 de marzo al 23 de abril de 2026<\/u><\/li><\/ul>\n<br>\n<p><u>\nConvocatoria de Aplicacion de EXANI III 2026-1<\/u>\n<br>\nSi est\u00e1s en proceso de ingreso a un programa de posgrado, es importante que completes correctamente tu registro para presentar el EXANI III.\n<br> \nEl proceso consta de tres pasos: \n<br>\n<li>\nRealizar tu pre-registro institucional.<\/li>\n<li>\nEfectuar el pago correspondiente.<\/li>\n<li> Y finalizar tu registro ante CENEVAL<\/li>Todos son obligatorios para poder presentar el examen\n<\/p>\n<br>\n<p><strong>\nModalidad de aplicaci\u00f3n: desde casa<\/strong>\n<br>\nTe recomendamos revisar cuidadosamente cada indicaci\u00f3n y completar tu registro con anticipaci\u00f3n para evitar contratiempos.\n<br>\n<strong>Pre-registro institucional:<\/strong>\n<br>\n<p>\ud83d\udd17<a href=\"https:\/\/docs.google.com\/forms\/d\/e\/1FAIpQLScr3rCqojxgXl2PsLEZS1OAtpIYHOPWGtI_0tcATTpZrH3eAg\/viewform\" target=\"_blank\">https:\/\/docs.google.com\/forms\/d\/e\/1FAIpQLScr3rCqojxgXl2PsLEZS1OAtpIYHOPWGtI_0tcATTpZrH3eAg\/viewform <\/a>.\n<\/p>\n<strong>Registro ante CENEVAL:<\/strong>\n<p>\ud83d\udd17<a href=\"https:\/\/registroenlinea.ceneval.edu.mx\/RegistroLinea\/indexCerrado.php\" target=\"_blank\">https:\/\/registroenlinea.ceneval.edu.mx\/RegistroLinea\/indexCerrado.php<\/a>.\n<br>\n<br>\n\n<p><strong>\nPaso 3<\/strong> (entrevista colegiada):&nbsp;<span style=\"color:#e60000;\">Mayo del 2026<\/span><\/p>\n<br>\n<p>\nAsistir a la entrevista programada por el Coordinador de Posgrado e Investigaci\u00f3n.\nPodr\u00e1 hacerse presencial o virtualmente.\n<\/p>\n<br>\n<p><strong>\nPaso 4.<\/strong>\n<\/p>\n<br>\n<p>\nComprobar el conocimiento de una segunda lengua nivel A2 de comprensi\u00f3n\nlectora de acuerdo al Marco Com\u00fan Europeo de Referencia para las Lenguas, o\nbien su equivalente (e.g. TOEFL paper 397-433 pts.; TOEFL IBT 30-40 pts.;\nTOEIC 255-400 pts.; VEC online 46-53 pts.); Otras opciones como certificado de Competencia Laboral de un lenguaje de se\u00f1as que emite la SEP a trav\u00e9s del CONOCER (Consejo Nacional de Normalizaci\u00f3n y Certificaci\u00f3n de Competencias Laborales); lenguas ind\u00edgenas u otras lenguas. O bien comprobante m\u00ednimo de 400 horas de estudio emitido por una instituci\u00f3n oficial. Para todos los casos el comprobante no deber\u00e1 ser mayor a <u>2 a\u00f1os<\/u> previos a la convocatoria de ingreso vigente.\n<\/p>\n<br>\n<p>\nLa puntuaci\u00f3n que proporciona el proceso de selecci\u00f3n es la siguiente:\n<\/p>\n<br>\n<ul><li>\nExamen de selecci\u00f3n, hasta 50 puntos.&nbsp;<\/li><li>Entrevista colegiada y antecedentes acad\u00e9micos hasta 30 pts.&nbsp;<\/li><li>Segunda lengua 20 pts.&nbsp;<\/li><li>El puntaje m\u00ednimo ponderado para ser aceptado es de 80 pts.<\/li>\n<\/ul>\n<br>\n<p>\nAspirantes extranjeros aceptados se comprometen a demostrar su estancia legal en el pa\u00eds, y tener sus documentos legalizados.\n<\/p>\n<br>\n<p>\nLos resultados del proceso de selecci\u00f3n son inapelables, y ser\u00e1n publicados en el mes de junio en este sitio web <a href=\"https:\/\/fdep.mxl.uabc.mx\/posgrado\/resultados\/\" target=\"_blank\"><strong>Facultad de Deportes<\/strong><\/a>.\n<\/p>\n<p>\nPara cualquier aclaraci\u00f3n adicional sobre la presente convocatoria, las personas interesadas pueden dirigirse al:\n<\/p>\n<br>\n<p>\nTel\u00e9fono: (686) 564-6263\n<br>\nCorreo electr\u00f3nico: <strong>coordinacion.posgradofdmxl@uabc.edu.mx.\n<\/strong><\/p><p style=\"text-align: right;\">\n<br>\n<\/p><p>\nLa postulaci\u00f3n a becas quedar\u00e1 sujeta a la asignaci\u00f3n institucional que la SECIHTI otorgue a la UABC, a la distribuci\u00f3n correspondiente para cada programa de posgrado, y a los procesos de selecci\u00f3n derivados de la presente convocatoria.\n<\/p>\n<br>\n<br>\n<p style=\"text-align: right;\">\nMexicali B. C., a 3 de enero del 2026<\/p>\n\n\n\n\n\n\n<CENTER><img decoding=\"async\" src=\"http:\/\/fdep.mxl.uabc.mx\/posgrado\/wp-content\/uploads\/2025\/11\/Conv-2025.gif\"><\/CENTER>\n\n\n\n\n\n\n<img decoding=\"async\" src=\" http:\/\/fdep.mxl.uabc.mx\/posgrado\/wp-content\/uploads\/2024\/06\/ConvM-2024.gif\">\n\n\n\n\n\n\n<img decoding=\"async\" src=\" http:\/\/fdep.mxl.uabc.mx\/posgrado\/wp-content\/uploads\/2023\/11\/Aconvocatoria2023-2-scaled.gif\n\">\n\n\n\n\n\n\n<img decoding=\"async\" src=\"http:\/\/fdep.mxl.uabc.mx\/posgrado\/wp-content\/uploads\/2023\/10\/Conv-2022-scaled.gif\">\n\n\n\n\n\n\n<img decoding=\"async\" src=\"http:\/\/fdep.mxl.uabc.mx\/posgrado\/wp-content\/uploads\/2023\/10\/Conv-2021-scaled.gif\">\n\n\n\n\n\n\n<img decoding=\"async\" src=\"http:\/\/fdep.mxl.uabc.mx\/posgrado\/wp-content\/uploads\/2023\/10\/Convocatoria-2020-scaled.gif\">\n\n\n\n\n\n\n<img decoding=\"async\" src=\"http:\/\/fdep.mxl.uabc.mx\/posgrado\/wp-content\/uploads\/2023\/10\/Cov2019-2021-1-scaled.gif\">\n\n\n\n\n\n\n<img decoding=\"async\" src=\"http:\/\/fdep.mxl.uabc.mx\/posgrado\/wp-content\/uploads\/2023\/10\/Convocatoria-2017-scaled.gif\">\n\n\n\n\n\n\n","protected":false},"excerpt":{"rendered":"","protected":false},"author":1,"featured_media":0,"parent":0,"menu_order":0,"comment_status":"closed","ping_status":"closed","template":"","meta":{"_uag_custom_page_level_css":"","site-sidebar-layout":"default","site-content-layout":"","ast-site-content-layout":"default","site-content-style":"default","site-sidebar-style":"default","ast-global-header-display":"","ast-banner-title-visibility":"","ast-main-header-display":"","ast-hfb-above-header-display":"","ast-hfb-below-header-display":"","ast-hfb-mobile-header-display":"","site-post-title":"","ast-breadcrumbs-content":"","ast-featured-img":"","footer-sml-layout":"","ast-disable-related-posts":"","theme-transparent-header-meta":"","adv-header-id-meta":"","stick-header-meta":"","header-above-stick-meta":"","header-main-stick-meta":"","header-below-stick-meta":"","astra-migrate-meta-layouts":"set","ast-page-background-enabled":"default","ast-page-background-meta":{"desktop":{"background-color":"var(--ast-global-color-4)","background-image":"","background-repeat":"repeat","background-position":"center center","background-size":"auto","background-attachment":"scroll","background-type":"","background-media":"","overlay-type":"","overlay-color":"","overlay-opacity":"","overlay-gradient":""},"tablet":{"background-color":"","background-image":"","background-repeat":"repeat","background-position":"center center","background-size":"auto","background-attachment":"scroll","background-type":"","background-media":"","overlay-type":"","overlay-color":"","overlay-opacity":"","overlay-gradient":""},"mobile":{"background-color":"","background-image":"","background-repeat":"repeat","background-position":"center center","background-size":"auto","background-attachment":"scroll","background-type":"","background-media":"","overlay-type":"","overlay-color":"","overlay-opacity":"","overlay-gradient":""}},"ast-content-background-meta":{"desktop":{"background-color":"var(--ast-global-color-5)","background-image":"","background-repeat":"repeat","background-position":"center center","background-size":"auto","background-attachment":"scroll","background-type":"","background-media":"","overlay-type":"","overlay-color":"","overlay-opacity":"","overlay-gradient":""},"tablet":{"background-color":"var(--ast-global-color-5)","background-image":"","background-repeat":"repeat","background-position":"center center","background-size":"auto","background-attachment":"scroll","background-type":"","background-media":"","overlay-type":"","overlay-color":"","overlay-opacity":"","overlay-gradient":""},"mobile":{"background-color":"var(--ast-global-color-5)","background-image":"","background-repeat":"repeat","background-position":"center center","background-size":"auto","background-attachment":"scroll","background-type":"","background-media":"","overlay-type":"","overlay-color":"","overlay-opacity":"","overlay-gradient":""}},"footnotes":""},"class_list":["post-1352","page","type-page","status-publish","hentry"],"uagb_featured_image_src":{"full":false,"thumbnail":false,"medium":false,"medium_large":false,"large":false,"1536x1536":false,"2048x2048":false},"uagb_author_info":{"display_name":"Administrador","author_link":"https:\/\/fdep.mxl.uabc.mx\/posgrado\/blog\/author\/administrador\/"},"uagb_comment_info":0,"uagb_excerpt":null,"_links":{"self":[{"href":"https:\/\/fdep.mxl.uabc.mx\/posgrado\/wp-json\/wp\/v2\/pages\/1352","targetHints":{"allow":["GET"]}}],"collection":[{"href":"https:\/\/fdep.mxl.uabc.mx\/posgrado\/wp-json\/wp\/v2\/pages"}],"about":[{"href":"https:\/\/fdep.mxl.uabc.mx\/posgrado\/wp-json\/wp\/v2\/types\/page"}],"author":[{"embeddable":true,"href":"https:\/\/fdep.mxl.uabc.mx\/posgrado\/wp-json\/wp\/v2\/users\/1"}],"replies":[{"embeddable":true,"href":"https:\/\/fdep.mxl.uabc.mx\/posgrado\/wp-json\/wp\/v2\/comments?post=1352"}],"version-history":[{"count":109,"href":"https:\/\/fdep.mxl.uabc.mx\/posgrado\/wp-json\/wp\/v2\/pages\/1352\/revisions"}],"predecessor-version":[{"id":3016,"href":"https:\/\/fdep.mxl.uabc.mx\/posgrado\/wp-json\/wp\/v2\/pages\/1352\/revisions\/3016"}],"wp:attachment":[{"href":"https:\/\/fdep.mxl.uabc.mx\/posgrado\/wp-json\/wp\/v2\/media?parent=1352"}],"curies":[{"name":"wp","href":"https:\/\/api.w.org\/{rel}","templated":true}]}}