{"id":1350,"date":"2023-10-04T19:49:15","date_gmt":"2023-10-04T19:49:15","guid":{"rendered":"http:\/\/fdep.mxl.uabc.mx\/posgrado\/?page_id=1350"},"modified":"2023-10-24T20:41:47","modified_gmt":"2023-10-24T20:41:47","slug":"vinculacion","status":"publish","type":"page","link":"https:\/\/fdep.mxl.uabc.mx\/posgrado\/vinculacion\/","title":{"rendered":"Vinculaci\u00f3n"},"content":{"rendered":"\n\n\n<h5><center>Vinculaci\u00f3n<\/center><\/h5>\n\n\n\n\n<br>\n<p>\nSe promueve la colaboraci\u00f3n con los sectores de la sociedad, a trav\u00e9s de trabajo profesional de los estudiantes, para colaborar y aportar sus conocimientos, habilidades y capacidades con un enfoque multidisciplinario, para impulsar soluciones integrales para el avance de un conocimiento pertinente. Dado que la actividad f\u00edsica es un derecho de todas las personas, la vinculaci\u00f3n del programa educativo con los sectores de la sociedad, se da con aquellos espacios p\u00fablicos o privados que se apegan a la educaci\u00f3n f\u00edsica y deporte escolar, as\u00ed como con otras organizaciones o instituciones que se vean favorecidas con el acercamiento de la educaci\u00f3n f\u00edsica y el deporte escolar.\n\n \n\nTambi\u00e9n se intenta que el estudiante reporte resultados de la colaboraci\u00f3n, y que est\u00e9n alineados a su proyecto de trabajo terminal. La finalidad es orientar a la inserci\u00f3n laboral de los egresados. \n\n \n\nActualmente la Facultad de Deportes cuenta con un programa de vinculaci\u00f3n con distintas Facultades e Institutos de la propia Universidad Aut\u00f3noma de Baja California, as\u00ed como con departamentos de Actividad F\u00edsica y Deporte de otras universidades, redes de investigaci\u00f3n y empresas privadas. Entre \u00e9stos se encuentran.\n<\/p>\n<br>\n\n\n\n\n\n\n\n\n<h5>Entre \u00e9stos se encuentran:<\/h5>\n<br>\n<ul>\n <li>\nRed Euroamericana de Motricidad Humana (REMH): Se trata de una red de m\u00e1s de 50 universidades de pa\u00edses como Espa\u00f1a, Italia, Portugal, Brasil, Uruguay, Chile, Colombia, Paraguay, Costa Rica, M\u00e9xico y Per\u00fa, entre otras, con las que se realizan convenios y se culmina en proyectos como estancias de investigaci\u00f3n, trabajo colaborativo de investigaci\u00f3n, orientaci\u00f3n de estudiantes candidatos a maestr\u00eda o doctorado, conformaci\u00f3n de tribunales acad\u00e9micos para la defensa de grados, y colaboraciones de publicaciones en revistas arbitradas e indexadas, as\u00ed como, colaboraci\u00f3n en la elaboraci\u00f3n de cap\u00edtulos de libros.\n <\/li>\n<br>\n <li>\nAsociaci\u00f3n Mexicana de Instituciones Superiores en Cultura F\u00edsica (AMISCF): Red de 19 universidades de M\u00e9xico con las que se tiene una relaci\u00f3n a trav\u00e9s de diversas actividades como la impartici\u00f3n de conferencias, cursos, foros, talleres, as\u00ed como la participaci\u00f3n en eventos acad\u00e9micos tales como jurado, convenios de intercambio acad\u00e9mico, movilidad estudiantil, estancias de investigaci\u00f3n, redes de cuerpos acad\u00e9micos e innovaci\u00f3n educativa.\n <\/li>\n<br>\n <li>\nAUIP.\n <\/li>\n <li>\nIMDECUF.  \n <\/li>\n <li>\nSecretaria de Econom\u00eda Sustentable y Turismo Baja California.\n <\/li>\n <li>\nInstituto Kaizen Matamoros.\n <\/li>\n <li>\nInstituto Ramiro Kolbe.\n <\/li>\n <li>\nCasa hogar para varones A.C.\n <\/li>\n <li>\nCRIT Baja California.\n <\/li>\n <li>\nInstituto del Deporte y la Cultura F\u00edsica Baja California.\n <\/li>\n <li>\nSecretar\u00eda de Educaci\u00f3n Baja California.\n <\/li>\n <li>\nCentro deportivo UABC.\n <\/li>\n<br>\n\n\n\n\n\n\n<h5>Objetivo<\/h5>\n<br>\nLa vinculaci\u00f3n del programa educativo de posgrado con los sectores de la sociedad, se da con aquellos espacios p\u00fablicos o privados que se apegan a la educaci\u00f3n f\u00edsica y deporte escolar.\n<br>\nComo parte de los resultados de acciones de colaboraci\u00f3n entre los miembros de la planta acad\u00e9mica asociada al programa y sus contrapartes (instituciones, organismos o empresas), se tienen:\n<br>\n<br>\n<ol>\n<li>Co-direcci\u00f3n de trabajos terminales con profesores externos.<\/li>\n<li>Sinodal\u00edas (jurado de examen) conjuntas con profesores de otras instituciones.<\/li>\n<\/ol>\n<br><strong>\nActualmente se llevan a cabo:\n<\/strong>\n<ul>\n<li>\nMovilidad Acad\u00e9mica en el formato de Estancias de investigaci\u00f3n. \n<\/li>\n<li>\nMovilidad Acad\u00e9mica en el formato de Estancias de Docencia.\n<\/li>\n<li>\nMovilidad Acad\u00e9mica en el formato cursos de actualizaci\u00f3n.\n<\/li>\n<li>\nMovilidad Acad\u00e9mica Congresos organizados (divulgaci\u00f3n, asistencia y conferencistas).\n<\/li>\n<li>\nMovilidad Acad\u00e9mica Congresos de Invitaci\u00f3n (divulgaci\u00f3n, asistencia y conferencistas).\n<\/ul>\n<br>\n\n\n\n\n\n\n","protected":false},"excerpt":{"rendered":"","protected":false},"author":1,"featured_media":0,"parent":0,"menu_order":0,"comment_status":"closed","ping_status":"closed","template":"","meta":{"_uag_custom_page_level_css":"","site-sidebar-layout":"default","site-content-layout":"","ast-site-content-layout":"default","site-content-style":"default","site-sidebar-style":"default","ast-global-header-display":"","ast-banner-title-visibility":"","ast-main-header-display":"","ast-hfb-above-header-display":"","ast-hfb-below-header-display":"","ast-hfb-mobile-header-display":"","site-post-title":"","ast-breadcrumbs-content":"","ast-featured-img":"","footer-sml-layout":"","ast-disable-related-posts":"","theme-transparent-header-meta":"","adv-header-id-meta":"","stick-header-meta":"","header-above-stick-meta":"","header-main-stick-meta":"","header-below-stick-meta":"","astra-migrate-meta-layouts":"set","ast-page-background-enabled":"default","ast-page-background-meta":{"desktop":{"background-color":"var(--ast-global-color-4)","background-image":"","background-repeat":"repeat","background-position":"center center","background-size":"auto","background-attachment":"scroll","background-type":"","background-media":"","overlay-type":"","overlay-color":"","overlay-opacity":"","overlay-gradient":""},"tablet":{"background-color":"","background-image":"","background-repeat":"repeat","background-position":"center center","background-size":"auto","background-attachment":"scroll","background-type":"","background-media":"","overlay-type":"","overlay-color":"","overlay-opacity":"","overlay-gradient":""},"mobile":{"background-color":"","background-image":"","background-repeat":"repeat","background-position":"center center","background-size":"auto","background-attachment":"scroll","background-type":"","background-media":"","overlay-type":"","overlay-color":"","overlay-opacity":"","overlay-gradient":""}},"ast-content-background-meta":{"desktop":{"background-color":"var(--ast-global-color-5)","background-image":"","background-repeat":"repeat","background-position":"center center","background-size":"auto","background-attachment":"scroll","background-type":"","background-media":"","overlay-type":"","overlay-color":"","overlay-opacity":"","overlay-gradient":""},"tablet":{"background-color":"var(--ast-global-color-5)","background-image":"","background-repeat":"repeat","background-position":"center center","background-size":"auto","background-attachment":"scroll","background-type":"","background-media":"","overlay-type":"","overlay-color":"","overlay-opacity":"","overlay-gradient":""},"mobile":{"background-color":"var(--ast-global-color-5)","background-image":"","background-repeat":"repeat","background-position":"center center","background-size":"auto","background-attachment":"scroll","background-type":"","background-media":"","overlay-type":"","overlay-color":"","overlay-opacity":"","overlay-gradient":""}},"footnotes":""},"class_list":["post-1350","page","type-page","status-publish","hentry"],"uagb_featured_image_src":{"full":false,"thumbnail":false,"medium":false,"medium_large":false,"large":false,"1536x1536":false,"2048x2048":false},"uagb_author_info":{"display_name":"Administrador","author_link":"https:\/\/fdep.mxl.uabc.mx\/posgrado\/blog\/author\/administrador\/"},"uagb_comment_info":0,"uagb_excerpt":null,"_links":{"self":[{"href":"https:\/\/fdep.mxl.uabc.mx\/posgrado\/wp-json\/wp\/v2\/pages\/1350","targetHints":{"allow":["GET"]}}],"collection":[{"href":"https:\/\/fdep.mxl.uabc.mx\/posgrado\/wp-json\/wp\/v2\/pages"}],"about":[{"href":"https:\/\/fdep.mxl.uabc.mx\/posgrado\/wp-json\/wp\/v2\/types\/page"}],"author":[{"embeddable":true,"href":"https:\/\/fdep.mxl.uabc.mx\/posgrado\/wp-json\/wp\/v2\/users\/1"}],"replies":[{"embeddable":true,"href":"https:\/\/fdep.mxl.uabc.mx\/posgrado\/wp-json\/wp\/v2\/comments?post=1350"}],"version-history":[{"count":21,"href":"https:\/\/fdep.mxl.uabc.mx\/posgrado\/wp-json\/wp\/v2\/pages\/1350\/revisions"}],"predecessor-version":[{"id":2277,"href":"https:\/\/fdep.mxl.uabc.mx\/posgrado\/wp-json\/wp\/v2\/pages\/1350\/revisions\/2277"}],"wp:attachment":[{"href":"https:\/\/fdep.mxl.uabc.mx\/posgrado\/wp-json\/wp\/v2\/media?parent=1350"}],"curies":[{"name":"wp","href":"https:\/\/api.w.org\/{rel}","templated":true}]}}