{"id":1346,"date":"2023-10-04T19:48:23","date_gmt":"2023-10-04T17:48:23","guid":{"rendered":"http:\/\/fdep.mxl.uabc.mx\/posgrado\/?page_id=1346"},"modified":"2025-11-13T18:29:10","modified_gmt":"2025-11-13T17:29:10","slug":"profesores-visitantes","status":"publish","type":"page","link":"https:\/\/fdep.mxl.uabc.mx\/posgrado\/profesores-visitantes\/","title":{"rendered":"Profesores Visitantes"},"content":{"rendered":"\n\n\n<h5><center>Profesores Visitantes<\/h5>\n\n\n\n\n<br>\n<table width: 100%;>\n<!--Encabezado columnas-->\n<tr>\n<th>Profesor<\/th>\n<th>Universidad de Procedencia<\/th>\n<th>Unidades de Aprendizaje<\/th>\n<\/tr>\n<!--Fila 1-->\n<tr>\n<td>Dra. Mar\u00eda Fernanda Le\u00f3n Alcerreca<\/td>\n<td>Universidad Aut\u00f3noma de Nuevo Le\u00f3n<\/td>\n<td>Direcci\u00f3n de la educaci\u00f3n f\u00edsica y gesti\u00f3n del deporte.<\/td>\n<\/tr>\n<!--Fila 2-->\n<tr>\n<td>Mgr. Natalia Calder\u00f3n Astorga<\/td>\n<td>Universidad Estatal a Distancia, Costa Rica<\/td>\n<td>Fundamentos de la psicopedagog\u00eda.<\/td>\n<\/tr>\n<!--Fila 3-->\n<tr>\n<td>Dr. Konstantinos Gianikellis<\/td>\n<td>Universidad de Extremadura<\/td>\n<td>An\u00e1lisis del movimiento y postura <\/td>\n<\/tr>\n<!--Fila 4-->\n<tr>\n<td>Dra. Raquel Morquecho S\u00e1nchez<\/td>\n<td>Universidad Aut\u00f3noma de Nuevo Le\u00f3n<\/td>\n<td>Gesti\u00f3n de la educaci\u00f3n f\u00edsica y direcci\u00f3n del deporte.<\/td>\n<\/tr>\n<!--Fila 5-->\n<tr>\n<td>Dr. Erasmo Maldonado Maldonado<\/td>\n<td>Universidad Aut\u00f3noma de Nuevo Le\u00f3n<\/td>\n<td>Marco legal de la cultura f\u00edsica<\/td>\n<\/tr>\n<!--Fila 6-->\n<tr>\n<td>Dra. Ena Monserrat Romero P\u00e9rez<\/td>\n<td>Universidad de Sonora<\/td>\n<td>Entorno contextual<\/td>\n<\/tr>\n<!--Fila 7-->\n<tr>\n<td>Dr. Luis Monreal Ort\u00edz<\/td>\n<td>\t\nUniversidad Aut\u00f3noma de Sinaloa<\/td>\n<td> Asesor\u00eda<\/td>\n<\/tr>\n<!--Fila 8-->\n<tr>\n<td>Dr. Arnulfo Ramos<\/td>\n<td>Universidad Aut\u00f3noma de Ciudad Ju\u00e1rez<\/td>\n<td> Asesor\u00eda<\/td>\n<\/tr>\n<!--Fila 9-->\n<tr>\n<td>Dr. Manuel Antonio Arce Gamiz<\/td>\n<td>Sistema educativo estatal<\/td>\n<td>Did\u00e1ctica de la educaci\u00f3n f\u00edsica en la educaci\u00f3n b\u00e1sica: primaria<\/td>\n<\/tr>\n<!--Fila 10-->\n<tr>\n<td>Mtro. Oswualdo Antonio Gonz\u00e1lez<\/td>\n<td>Benem\u00e9rita Escuela Normal Veracruzana \u00abEnrique C. R\u00e9bsamen\u00bb<\/td>\n<td>Marco legal<\/td>\n<\/tr>\n<!--Fila 11-->\n<tr>\n<td>Mtro. Rafael Jaime M\u00e9ndez<\/td>\n<td>Benem\u00e9rita Escuela Normal Veracruzana \u00abEnrique C. R\u00e9bsamen\u00bb<\/td>\n<td>Did\u00e1ctica de la educaci\u00f3n f\u00edsica en la educaci\u00f3n b\u00e1sica: primaria<\/td>\n<\/tr>\n<!--Fila 12-->\n<tr>\n<td>Mtro. Daniel Rojas Su\u00e1rez<\/td>\n<td>Benem\u00e9rita Escuela Normal Veracruzana \u00abEnrique C. R\u00e9bsamen\u00bb<\/td>\n<td>Protocolos de actuaci\u00f3n en el \u00e1mbito escolar<\/td>\n<\/tr>\n<!--Fila13-->\n<tr>\n<td>Dr. Ra\u00fal Fern\u00e1ndez Ba\u00f1os<\/td>\n<td>Universidad de Granada. <\/td>\n<td>Did\u00e1ctica de la educaci\u00f3n f\u00edsica en la educaci\u00f3n b\u00e1sica: secundaria<\/td>\n<\/tr>\n<!--Fila14-->\n<tr>\n<td>Dr. Felipe Poblete Valderrama<\/td>\n<td>Universidad Cat\u00f3lica de la Sant\u00edsima Concepci\u00f3n<\/td>\n<\/tr>\n<!--Fila15-->\n<tr>\n<td>Mtro. Diego Orejuela Aristizabal<\/td>\n<td>Instituci\u00f3n Universitaria Escuela Nacional del Deporte<\/td>\n<td>Asesor\u00eda<\/td>\n<\/tr>\n<!--Fila16-->\n<tr>\n<td>Dr. Germ\u00e1n Dar\u00edo Izasa G\u00f3mez<\/td>\n<td>Instituci\u00f3n Universitaria Escuela Nacional del Deporte<\/td>\n<td>Asesor\u00eda<\/td>\n<\/tr>\n<!--Fila17-->\n<tr>\n<td>Dr. Irving Cruz Inda<\/td>\n<td>Colegio La Paz, A.C<\/td>\n<td>Asesor\u00eda<\/td>\n<\/tr>\n<!--Fila18-->\n<tr>\n<td>Mtra. Sesilu Melendrez M\u00e9ndez<\/td>\n<td>Sistema Educativo Estatal<\/td>\n<td>Did\u00e1ctica de la educaci\u00f3n f\u00edsica en la educaci\u00f3n b\u00e1sica: Preescolar<\/td>\n<\/tr>\n<!--Fila19-->\n<tr>\n<td>Mtro. Armando Meza Correa<\/td>\n<td>Sistema Educativo Estatal<\/td>\n<td>Did\u00e1ctica de la educaci\u00f3n f\u00edsica en la educaci\u00f3n b\u00e1sica: Secundaria<\/td>\n<\/tr>\n<!--Fila20-->\n<tr>\n<td>Mtra. Rita Paulina Ch\u00e1vez L\u00f3pez<\/td>\n<td>Sistema Educativo Estatal<\/td>\n<td>Did\u00e1ctica de la educaci\u00f3n f\u00edsica en la educaci\u00f3n b\u00e1sica: Secundaria<\/td>\n<\/tr>\n<!--Fila21-->\n<tr>\n<td><\/td>\n<td>Cruz Roja Mexicana<\/td>\n<td>Protocolos de actuaci\u00f3n en el \u00e1mbito escolar<\/td>\n<\/tr>\n<\/table>\n\n\n","protected":false},"excerpt":{"rendered":"","protected":false},"author":1,"featured_media":0,"parent":0,"menu_order":0,"comment_status":"closed","ping_status":"closed","template":"","meta":{"_uag_custom_page_level_css":"","site-sidebar-layout":"default","site-content-layout":"","ast-site-content-layout":"default","site-content-style":"default","site-sidebar-style":"default","ast-global-header-display":"","ast-banner-title-visibility":"","ast-main-header-display":"","ast-hfb-above-header-display":"","ast-hfb-below-header-display":"","ast-hfb-mobile-header-display":"","site-post-title":"","ast-breadcrumbs-content":"","ast-featured-img":"","footer-sml-layout":"","ast-disable-related-posts":"","theme-transparent-header-meta":"","adv-header-id-meta":"","stick-header-meta":"","header-above-stick-meta":"","header-main-stick-meta":"","header-below-stick-meta":"","astra-migrate-meta-layouts":"set","ast-page-background-enabled":"default","ast-page-background-meta":{"desktop":{"background-color":"var(--ast-global-color-4)","background-image":"","background-repeat":"repeat","background-position":"center center","background-size":"auto","background-attachment":"scroll","background-type":"","background-media":"","overlay-type":"","overlay-color":"","overlay-opacity":"","overlay-gradient":""},"tablet":{"background-color":"","background-image":"","background-repeat":"repeat","background-position":"center center","background-size":"auto","background-attachment":"scroll","background-type":"","background-media":"","overlay-type":"","overlay-color":"","overlay-opacity":"","overlay-gradient":""},"mobile":{"background-color":"","background-image":"","background-repeat":"repeat","background-position":"center center","background-size":"auto","background-attachment":"scroll","background-type":"","background-media":"","overlay-type":"","overlay-color":"","overlay-opacity":"","overlay-gradient":""}},"ast-content-background-meta":{"desktop":{"background-color":"var(--ast-global-color-5)","background-image":"","background-repeat":"repeat","background-position":"center center","background-size":"auto","background-attachment":"scroll","background-type":"","background-media":"","overlay-type":"","overlay-color":"","overlay-opacity":"","overlay-gradient":""},"tablet":{"background-color":"var(--ast-global-color-5)","background-image":"","background-repeat":"repeat","background-position":"center center","background-size":"auto","background-attachment":"scroll","background-type":"","background-media":"","overlay-type":"","overlay-color":"","overlay-opacity":"","overlay-gradient":""},"mobile":{"background-color":"var(--ast-global-color-5)","background-image":"","background-repeat":"repeat","background-position":"center center","background-size":"auto","background-attachment":"scroll","background-type":"","background-media":"","overlay-type":"","overlay-color":"","overlay-opacity":"","overlay-gradient":""}},"footnotes":""},"class_list":["post-1346","page","type-page","status-publish","hentry"],"uagb_featured_image_src":{"full":false,"thumbnail":false,"medium":false,"medium_large":false,"large":false,"1536x1536":false,"2048x2048":false},"uagb_author_info":{"display_name":"Administrador","author_link":"https:\/\/fdep.mxl.uabc.mx\/posgrado\/blog\/author\/administrador\/"},"uagb_comment_info":0,"uagb_excerpt":null,"_links":{"self":[{"href":"https:\/\/fdep.mxl.uabc.mx\/posgrado\/wp-json\/wp\/v2\/pages\/1346","targetHints":{"allow":["GET"]}}],"collection":[{"href":"https:\/\/fdep.mxl.uabc.mx\/posgrado\/wp-json\/wp\/v2\/pages"}],"about":[{"href":"https:\/\/fdep.mxl.uabc.mx\/posgrado\/wp-json\/wp\/v2\/types\/page"}],"author":[{"embeddable":true,"href":"https:\/\/fdep.mxl.uabc.mx\/posgrado\/wp-json\/wp\/v2\/users\/1"}],"replies":[{"embeddable":true,"href":"https:\/\/fdep.mxl.uabc.mx\/posgrado\/wp-json\/wp\/v2\/comments?post=1346"}],"version-history":[{"count":27,"href":"https:\/\/fdep.mxl.uabc.mx\/posgrado\/wp-json\/wp\/v2\/pages\/1346\/revisions"}],"predecessor-version":[{"id":2958,"href":"https:\/\/fdep.mxl.uabc.mx\/posgrado\/wp-json\/wp\/v2\/pages\/1346\/revisions\/2958"}],"wp:attachment":[{"href":"https:\/\/fdep.mxl.uabc.mx\/posgrado\/wp-json\/wp\/v2\/media?parent=1346"}],"curies":[{"name":"wp","href":"https:\/\/api.w.org\/{rel}","templated":true}]}}