{"id":1344,"date":"2023-10-04T19:48:03","date_gmt":"2023-10-04T17:48:03","guid":{"rendered":"http:\/\/fdep.mxl.uabc.mx\/posgrado\/?page_id=1344"},"modified":"2026-01-16T20:37:36","modified_gmt":"2026-01-16T19:37:36","slug":"nucleo-academico","status":"publish","type":"page","link":"https:\/\/fdep.mxl.uabc.mx\/posgrado\/nucleo-academico\/","title":{"rendered":"N\u00facleo Acad\u00e9mico"},"content":{"rendered":"\n\n\n<!--Ney-->\n<h5><center><a href=\"http:\/\/fdep.mxl.uabc.mx\/posgrado\/wp-content\/uploads\/2023\/10\/CVU_ENeyGalarraga.pdf\" target=\"_blank\" rel=\"noopener\">CURRICULUM VITAE<\/a><\/h5>\n\n\n\n\n\n\n\n\n\n<table border=\"0\">\n<!--docente 1-->\n<tr>\n<th>Acad\u00e9mico:<\/th>\n<td>Edgar Ney Galarraga Triana.<\/td>\n<\/tr>\n<tr>\n<th>Grado Acad\u00e9mico:<\/th>\n<td>Doctorado en Ciencias de la Educaci\u00f3n.<\/td>\n<\/tr>\n<tr>\n<th>Formaci\u00f3n:<\/th>\n<td>Cultura F\u00edsica.<\/td>\n<\/tr>\n<tr>\n<th>LGAC:<\/th>\n<td>Problem\u00e1ticas en educaci\u00f3n f\u00edsica y deporte escolar.<\/td>\n<\/tr>\n<tr>\n<th>Instituci\u00f3n Educativa de \u00daltimo Grado:<\/th>\n<td>Facultad de Ciencias de la Educaci\u00f3n, Universidad de Granada, Espa\u00f1a<\/td>\n<\/tr>\n<\/table>\n\n\n\n\n<!--Javier-->\n<h5><center>\n<a href=\"https:\/\/deportes.uabc.mx\/Investigacion\/index.php\/c-academico\/caafyd\" target=\"_blank\" rel=\"noopener\">CURRICULUM VITAE<\/a><\/h5>\n\n\n\n\n\n\n\n\n\n<table border=\"0px\">\n<tr>\n<th>Acad\u00e9mico:<\/th>\n<td>Javier Arturo Hall L\u00f3pez<\/td>\n<\/tr>\n<tr>\n<th>Grado Acad\u00e9mico:<\/th>\n<td>Doctorado en Medicina del Deporte<\/td>\n<\/tr>\n<tr>\n<th>Formaci\u00f3n:<\/th>\n<td>Actividad F\u00edsica y Salud..<\/td>\n<\/tr>\n<tr>\n<th>LGAC:<\/th>\n<td>Problem\u00e1ticas en educaci\u00f3n f\u00edsica y deporte escolar.<\/td>\n<\/tr>\n<tr>\n<th>Instituci\u00f3n Educativa de \u00daltimo Grado:<\/th>\n<td>Facultad de Ciencias de la Salud Universidad Cat\u00f3lica de Nuestra Se\u00f1ora de la Asunci\u00f3n.<\/td>\n<\/tr>\n<\/table>\n\n\n\n\n<!--Paulina-->\n<h5><center><a href=\"https:\/\/deportes.uabc.mx\/Investigacion\/index.php\/c-academico\/caafyd\" target=\"_blank\" rel=\"noopener\">CURRICULUM VITAE<\/a><\/h5>\n\n\n\n\n\n\n\n\n\n<table border=\"0\">\n<!--docente 1-->\n<tr>\n<th>Acad\u00e9mico:<\/th>\n<td>Paulina Yesica Ochoa Mart\u00ednez.<\/td>\n<\/tr>\n<tr>\n<th>Grado Acad\u00e9mico:<\/th>\n<td> Doctorado en Medicina del Deporte.<\/td>\n<\/tr>\n<tr>\n<th>Formaci\u00f3n:<\/th>\n<td>Actividad F\u00edsica y Salud.<\/td>\n<\/tr>\n<tr>\n<th>LGAC:<\/th>\n<td>Problem\u00e1ticas en educaci\u00f3n f\u00edsica y deporte escolar.<\/td>\n<\/tr>\n<tr>\n<th>Instituci\u00f3n Educativa de \u00daltimo Grado:<\/th>\n<td>Facultad de Ciencias de la Salud Universidad Cat\u00f3lica de Nuestra Se\u00f1ora de la Asunci\u00f3n..<\/td>\n<\/tr>\n<\/table>\n\n\n\n\n<!--Marina-->\n<h5><center>\n<a href=\"https:\/\/deportes.uabc.mx\/Investigacion\/index.php\/c-academico\/caefyd\" target=\"_blank\" rel=\"noopener\">CURRICULUM VITAE<\/a><\/h5>\n\n\n\n\n\n\n\n\n\n<table border=\"0\">\n<!--docente 1-->\n<tr>\n<th>Acad\u00e9mico:<\/th>\n<td>Marina Trejo Trejo<\/td>\n<\/tr>\n<tr>\n<th>Grado Acad\u00e9mico:<\/th>\n<td>Doctora en Ciencias M\u00e9dicas<\/td>\n<\/tr>\n<tr>\n<th>Formaci\u00f3n:<\/th>\n<td>Ciencias de la Salud.<\/td>\n<\/tr>\n<tr>\n<th>LGAC:<\/th>\n<td>Problem\u00e1ticas en educaci\u00f3n f\u00edsica y deporte escolar.<\/td>\n<\/tr>\n<tr>\n<th>Instituci\u00f3n Educativa de \u00daltimo Grado:<\/th>\n<td>Universidad de Guanajuato.<\/td>\n<\/tr>\n<\/table>\n\n\n\n\n<!--Antonio-->\n<h5><center><a href=\"https:\/\/deportes.uabc.mx\/Investigacion\/index.php\/c-academico\/caefyd\" target=\"_blank\" rel=\"noopener\">CURRICULUM VITAE<\/a><\/h5>\n\n\n\n\n\n\n\n\n\n<table border=\"0\">\n<!--docente 1-->\n<tr>\n<th>Acad\u00e9mico:<\/th>\n<td>Dr. Heriberto Antonio Pineda Espejel.<\/td>\n<\/tr>\n<tr>\n<th>Grado Acad\u00e9mico:<\/th>\n<td>Doctorado en Ciencias de la Cultura F\u00edsica.<\/td>\n<\/tr>\n<tr>\n<th>Formaci\u00f3n:<\/th>\n<td>Entrenamiento Deportivo.<\/td>\n<\/tr>\n<tr>\n<th>LGAC:<\/th>\n<td>Problem\u00e1ticas en educaci\u00f3n f\u00edsica y deporte escolar.<\/td>\n<\/tr>\n<tr>\n<th>Instituci\u00f3n Educativa de \u00daltimo Grado:<\/th>\n<td>Facultad de Organizaci\u00f3n Deportiva, Universidad Aut\u00f3noma de Nuevo Le\u00f3n.  <\/td>\n<\/tr>\n<\/table>\n\n\n\n\n<!--Antonio-->\n<h5><center><a href=\"https:\/\/deportes.uabc.mx\/Investigacion\/index.php\/c-academico\/caefyd\" target=\"_blank\" rel=\"noopener\">CURRICULUM VITAE<\/a><\/h5>\n\n\n\n\n\n\n\n\n\n<table border=\"0\">\n<!--docente 1-->\n<tr>\n<th>Acad\u00e9mico:<\/th>\n<td>Dr. Edgar Ismael Alarc\u00f3n Meza.<\/td>\n<\/tr>\n<tr>\n<th>Grado Acad\u00e9mico:<\/th>\n<td>Doctorado en Fisiolog\u00eda del Ejercicio.<\/td>\n<\/tr>\n<tr>\n<th>Formaci\u00f3n:<\/th>\n<td>Ingenier\u00eda.<\/td>\n<\/tr>\n<tr>\n<th>LGAC:<\/th>\n<td>Problem\u00e1ticas en educaci\u00f3n f\u00edsica y deporte escolar.<\/td>\n<\/tr>\n<tr>\n<th>Instituci\u00f3n Educativa de \u00daltimo Grado:<\/th>\n<td>Facultad de Ciencias de la Salud Universidad Cat\u00f3lica de Nuestra Se\u00f1ora de la Asunci\u00f3n. .  <\/td>\n<\/tr>\n<\/table>\n\n\n\n\n<!--Mirvana-->\n<h5><center><a href=\"http:\/\/fdep.mxl.uabc.mx\/posgrado\/wp-content\/uploads\/2023\/10\/CVU_Mirvana\" target=\"_blank\" rel=\"noopener\">CURRICULUM VITAE<\/a><\/h5>\n\n\n\n\n\n\n\n\n\n<table border=\"0\">\n<!--docente 1-->\n<tr>\n<th>Acad\u00e9mico:<\/th>\n<td>Dra. Mirvana Elizabeth Gonz\u00e1lez Mac\u00edas<\/td>\n<\/tr>\n<tr>\n<th>Grado Acad\u00e9mico:<\/th>\n<td>Doctorado en Ciencias.<\/td>\n<\/tr>\n<tr>\n<th>Formaci\u00f3n:<\/th>\n<td>Qu\u00edmicas-F\u00edsica Aplicada.<\/td>\n<\/tr>\n<tr>\n<th>LGAC:<\/th>\n<td>Problem\u00e1ticas en educaci\u00f3n f\u00edsica y deporte escolar.<\/td>\n<\/tr>\n<tr>\n<th>Instituci\u00f3n Educativa de \u00daltimo Grado:<\/th>\n<td>Instituto de Ingenier\u00eda, Universidad Aut\u00f3noma de Baja California. .<\/td>\n<\/tr>\n<\/table>\n\n\n\n\n<!--Mirvana-->\n<h5><center><a href=\"http:\/\/fdep.mxl.uabc.mx\/posgrado\/wp-content\/uploads\/2023\/10\/CVU_Mirvana\" target=\"_blank\" rel=\"noopener\">CURRICULUM VITAE<\/a><\/h5>\n\n\n\n\n\n\n\n\n\n<table border=\"0\">\n<!--docente 1-->\n<tr>\n<th>Acad\u00e9mico:<\/th>\n<td>Dra. Tatiana Romero Garc\u00eda<\/td>\n<\/tr>\n<tr>\n<th>Grado Acad\u00e9mico:<\/th>\n<td>Doctorado en  ciencias en la especialidad e bioqu\u00edmica.<\/td>\n<\/tr>\n<tr>\n<th>Formaci\u00f3n:<\/th>\n<td>Qu\u00edmica Aplicada.<\/td>\n<\/tr>\n<tr>\n<th>LGAC:<\/th>\n<td>Problem\u00e1ticas en educaci\u00f3n f\u00edsica y deporte escolar.<\/td>\n<\/tr>\n<tr>\n<th>Instituci\u00f3n Educativa de \u00daltimo Grado:<\/th>\n<td>Centro de Investigaci\u00f3n y de Estudios Avanzados del Instituto Politecnico Nacional<\/td>\n<\/tr>\n<\/table>\n\n\n","protected":false},"excerpt":{"rendered":"","protected":false},"author":1,"featured_media":0,"parent":0,"menu_order":0,"comment_status":"closed","ping_status":"closed","template":"","meta":{"_uag_custom_page_level_css":"","site-sidebar-layout":"default","site-content-layout":"","ast-site-content-layout":"default","site-content-style":"default","site-sidebar-style":"default","ast-global-header-display":"","ast-banner-title-visibility":"","ast-main-header-display":"","ast-hfb-above-header-display":"","ast-hfb-below-header-display":"","ast-hfb-mobile-header-display":"","site-post-title":"","ast-breadcrumbs-content":"","ast-featured-img":"","footer-sml-layout":"","ast-disable-related-posts":"","theme-transparent-header-meta":"","adv-header-id-meta":"","stick-header-meta":"","header-above-stick-meta":"","header-main-stick-meta":"","header-below-stick-meta":"","astra-migrate-meta-layouts":"set","ast-page-background-enabled":"default","ast-page-background-meta":{"desktop":{"background-color":"var(--ast-global-color-4)","background-image":"","background-repeat":"repeat","background-position":"center center","background-size":"auto","background-attachment":"scroll","background-type":"","background-media":"","overlay-type":"","overlay-color":"","overlay-opacity":"","overlay-gradient":""},"tablet":{"background-color":"","background-image":"","background-repeat":"repeat","background-position":"center center","background-size":"auto","background-attachment":"scroll","background-type":"","background-media":"","overlay-type":"","overlay-color":"","overlay-opacity":"","overlay-gradient":""},"mobile":{"background-color":"","background-image":"","background-repeat":"repeat","background-position":"center center","background-size":"auto","background-attachment":"scroll","background-type":"","background-media":"","overlay-type":"","overlay-color":"","overlay-opacity":"","overlay-gradient":""}},"ast-content-background-meta":{"desktop":{"background-color":"var(--ast-global-color-5)","background-image":"","background-repeat":"repeat","background-position":"center center","background-size":"auto","background-attachment":"scroll","background-type":"","background-media":"","overlay-type":"","overlay-color":"","overlay-opacity":"","overlay-gradient":""},"tablet":{"background-color":"var(--ast-global-color-5)","background-image":"","background-repeat":"repeat","background-position":"center center","background-size":"auto","background-attachment":"scroll","background-type":"","background-media":"","overlay-type":"","overlay-color":"","overlay-opacity":"","overlay-gradient":""},"mobile":{"background-color":"var(--ast-global-color-5)","background-image":"","background-repeat":"repeat","background-position":"center center","background-size":"auto","background-attachment":"scroll","background-type":"","background-media":"","overlay-type":"","overlay-color":"","overlay-opacity":"","overlay-gradient":""}},"footnotes":""},"class_list":["post-1344","page","type-page","status-publish","hentry"],"uagb_featured_image_src":{"full":false,"thumbnail":false,"medium":false,"medium_large":false,"large":false,"1536x1536":false,"2048x2048":false},"uagb_author_info":{"display_name":"Administrador","author_link":"https:\/\/fdep.mxl.uabc.mx\/posgrado\/blog\/author\/administrador\/"},"uagb_comment_info":0,"uagb_excerpt":null,"_links":{"self":[{"href":"https:\/\/fdep.mxl.uabc.mx\/posgrado\/wp-json\/wp\/v2\/pages\/1344","targetHints":{"allow":["GET"]}}],"collection":[{"href":"https:\/\/fdep.mxl.uabc.mx\/posgrado\/wp-json\/wp\/v2\/pages"}],"about":[{"href":"https:\/\/fdep.mxl.uabc.mx\/posgrado\/wp-json\/wp\/v2\/types\/page"}],"author":[{"embeddable":true,"href":"https:\/\/fdep.mxl.uabc.mx\/posgrado\/wp-json\/wp\/v2\/users\/1"}],"replies":[{"embeddable":true,"href":"https:\/\/fdep.mxl.uabc.mx\/posgrado\/wp-json\/wp\/v2\/comments?post=1344"}],"version-history":[{"count":45,"href":"https:\/\/fdep.mxl.uabc.mx\/posgrado\/wp-json\/wp\/v2\/pages\/1344\/revisions"}],"predecessor-version":[{"id":2989,"href":"https:\/\/fdep.mxl.uabc.mx\/posgrado\/wp-json\/wp\/v2\/pages\/1344\/revisions\/2989"}],"wp:attachment":[{"href":"https:\/\/fdep.mxl.uabc.mx\/posgrado\/wp-json\/wp\/v2\/media?parent=1344"}],"curies":[{"name":"wp","href":"https:\/\/api.w.org\/{rel}","templated":true}]}}