{"id":1330,"date":"2023-10-04T19:45:27","date_gmt":"2023-10-04T19:45:27","guid":{"rendered":"http:\/\/fdep.mxl.uabc.mx\/posgrado\/?page_id=1330"},"modified":"2023-10-24T20:02:18","modified_gmt":"2023-10-24T20:02:18","slug":"programa-estudios-2020-1","status":"publish","type":"page","link":"https:\/\/fdep.mxl.uabc.mx\/posgrado\/programa-estudios-2020-1\/","title":{"rendered":"Programa Estudios 2020-1"},"content":{"rendered":"\n\n\n<h5><center>Plan de Estudios 2020-1<\/center><\/h5>\n\n\n\n\n\n\n\n\n<center><img decoding=\"async\" src=\"http:\/\/fdep.mxl.uabc.mx\/posgrado\/wp-content\/uploads\/2023\/10\/MC-2020-1.png\" alt=\"\" pl-media-id=\"1517\">\n\n\n\n\n\n\n<strong>Unidades de aprendizaje obligatorias.<\/strong>\n<br>\n<br>\n<a href=\"http:\/\/fdep.mxl.uabc.mx\/posgrado\/wp-content\/uploads\/2023\/10\/CD-20-MlEducacion-Fisica.pdf\" target=\"_blank\" rel=\"noopener\">\nMarco legal de la educaci\u00f3n f\u00edsica.\n<\/a>\n<br>\n<a href=\"http:\/\/fdep.mxl.uabc.mx\/posgrado\/wp-content\/uploads\/2023\/10\/CD-20-FEEjercicioFisicoEdadEscolar.pdf\" target=\"_blank\" rel=\"noopener\">\nFisiolog\u00eda y evaluaci\u00f3n del ejercicio f\u00edsico en la edad escolar.\n<\/a>\n<br>\n<a href=\"http:\/\/fdep.mxl.uabc.mx\/posgrado\/wp-content\/uploads\/2023\/10\/CD-20-Did-EducacionFisica.pdf\" target=\"_blank\" rel=\"noopener\">\nDid\u00e1ctica de la educaci\u00f3n f\u00edsica.\n<\/a>\n<br>\n<a href=\"http:\/\/fdep.mxl.uabc.mx\/posgrado\/wp-content\/uploads\/2023\/10\/CD-20-DHDEEducacinFisica.pdf\" target=\"_blank\" rel=\"noopener\">\nDesarrollo de habilidades digitales para la ense\u00f1anza de la educaci\u00f3n f\u00edsica.\n<\/a>\n<br>\n<a href=\"http:\/\/fdep.mxl.uabc.mx\/posgrado\/wp-content\/uploads\/2023\/10\/CD-20-EPProfesional-1.pdf\" target=\"_blank\" rel=\"noopener\">\nEstancia Pr\u00e1ctica Profesional I\n<\/a>\n<br>\n<a href=\"http:\/\/fdep.mxl.uabc.mx\/posgrado\/wp-content\/uploads\/2023\/10\/CD-20-EPProfesiona-lI.pdf\" target=\"_blank\" rel=\"noopener\">\nEstancia Pr\u00e1ctica Profesional II\n<\/a>\n<br>\n<a href=\"http:\/\/fdep.mxl.uabc.mx\/posgrado\/wp-content\/uploads\/2023\/10\/CD-20-T-I-TTerminal.pdf\" target=\"_blank\" rel=\"noopener\">\nTaller I de trabajo terminal\n<\/a>\n<br>\n<a href=\"http:\/\/fdep.mxl.uabc.mx\/posgrado\/wp-content\/uploads\/2023\/10\/CD-20-T-II-TTerminal.pdf\" target=\"_blank\" rel=\"noopener\">\nTaller II de trabajo terminal.<\/a>\n\n\n\n\n\n\n<strong>Unidades de Aprendizaje Optativas<\/strong>\n<br>\n<br>\n<strong>Bloque 1: <\/strong>\n<br>\n<a href=\"http:\/\/fdep.mxl.uabc.mx\/posgrado\/wp-content\/uploads\/2023\/10\/CD-20-Comp_docentes.pdf\" target=\"_blank\" rel=\"noopener\">\nCompetencias docentes.\n<\/a>\n<br>\n<a href=\"http:\/\/fdep.mxl.uabc.mx\/posgrado\/wp-content\/uploads\/2023\/10\/CD-20-InclusionEF.pdf\" target=\"_blank\" rel=\"noopener\">\nInclusi\u00f3n en educaci\u00f3n f\u00edsica.\n<\/a>\n<br>\n<br>\n<strong>Bloque 2: <\/strong>\n <br>\n<a href=\"http:\/\/fdep.mxl.uabc.mx\/posgrado\/wp-content\/uploads\/2023\/10\/CD-20-4996-DEFEB-Preescolar.pdf\" target=\"_blank\" rel=\"noopener\">\n4996-Did\u00e1ctica de la educaci\u00f3n f\u00edsica en la educaci\u00f3n b\u00e1sica: preescolar.\n<\/a>\n<br>\n<a href=\"http:\/\/fdep.mxl.uabc.mx\/posgrado\/wp-content\/uploads\/2023\/10\/CD-20-DEdFiDEscolar.pdf\" target=\"_blank\" rel=\"noopener\">\nGesti\u00f3n y direcci\u00f3n para la educaci\u00f3n f\u00edsica y el deporte escolar.\n<\/a>\n<br>\n<a href=\"http:\/\/fdep.mxl.uabc.mx\/posgrado\/wp-content\/uploads\/2023\/10\/CD-20-5001-PEFN-Adolescencia.pdf\" target=\"_blank\" rel=\"noopener\">\n5001-Prescripci\u00f3n del ejercicio f\u00edsico en la ni\u00f1ez y adolescencia.\n<\/a>\n<br>\n<a href=\"http:\/\/fdep.mxl.uabc.mx\/posgrado\/wp-content\/uploads\/2023\/10\/CD-20-5002-NI-Adolecencia.pdf\" target=\"_blank\" rel=\"noopener\">\n5002-Nutrici\u00f3n en la infancia y adolescencia.\n<\/a>\n <br>\n<br>\n<strong>Bloque 3:<\/strong>\n <br>\n<a href=\"http:\/\/fdep.mxl.uabc.mx\/posgrado\/wp-content\/uploads\/2023\/10\/CD-20-5635-Dep_Escolar.pdf\" target=\"_blank\" rel=\"noopener\">\n5635-Deporte escolar.\n<\/a>\n<br>\n<a href=\"http:\/\/fdep.mxl.uabc.mx\/posgrado\/wp-content\/uploads\/2023\/10\/CD-20-DEFPrimaria.pdf\" target=\"_blank\" rel=\"noopener\">\nDid\u00e1ctica de la educaci\u00f3n f\u00edsica en la educaci\u00f3n b\u00e1sica: primaria.\n<\/a>\n<br>\n<a href=\"http:\/\/fdep.mxl.uabc.mx\/posgrado\/wp-content\/uploads\/2023\/10\/CD-20-ProcesoEmprendedor.pdf\" target=\"_blank\" rel=\"noopener\">\nProceso emprendedor.\n<\/a>\n<br>\n<a href=\"http:\/\/fdep.mxl.uabc.mx\/posgrado\/wp-content\/uploads\/2023\/10\/CD-20-AMPostura.pdf\" target=\"_blank\" rel=\"noopener\">\nAn\u00e1lisis del movimiento.\n<\/a>\n <br>\n<br>\n<strong>Bloque 4:<\/strong>\n <br>\n<a href=\"http:\/\/fdep.mxl.uabc.mx\/posgrado\/wp-content\/uploads\/2023\/10\/CD-20-PAAEscolar.pdf\" target=\"_blank\" rel=\"noopener\">\nProtocolos de actuaci\u00f3n en el \u00e1mbito escolar.\n<\/a>\n<br>\n<a href=\"http:\/\/fdep.mxl.uabc.mx\/posgrado\/wp-content\/uploads\/2023\/10\/CD-20-DEFEBSecundaria.pdf\" target=\"_blank\" rel=\"noopener\">\nDid\u00e1ctica de la educaci\u00f3n f\u00edsica en la educaci\u00f3n b\u00e1sica: secundaria.\n<\/a>\n<br>\n<a href=\"http:\/\/fdep.mxl.uabc.mx\/posgrado\/wp-content\/uploads\/2023\/10\/CD-20-ELTextosA-Ingls.pdf\" target=\"_blank\" rel=\"noopener\">\nEstrategias de lectura de texto en ingl\u00e9s.\n<\/a>\n<br>\n<a href=\"http:\/\/fdep.mxl.uabc.mx\/posgrado\/wp-content\/uploads\/2023\/10\/CD-20-ESProfesional.pdf\" target=\"_blank\" rel=\"noopener\">\nEstancia en el sector profesional.\n<\/a>\n<br>\n<a href=\"http:\/\/fdep.mxl.uabc.mx\/posgrado\/wp-content\/uploads\/2023\/10\/CD-20-TRFAcadmicos.pdf\" target=\"_blank\" rel=\"noopener\">\nTaller de redacci\u00f3n para fines acad\u00e9micos.\n<\/a>\n<br>\n<br>\n\n\n\n\n\n\n<center><img decoding=\"async\" src=\"http:\/\/fdep.mxl.uabc.mx\/posgrado\/wp-content\/uploads\/2023\/10\/RCritica-2020-1.png\" alt=\"\" pl-media-id=\"1523\"><\/center>\n\n\n\n\n\n\n<img decoding=\"async\" src=\"http:\/\/fdep.mxl.uabc.mx\/posgrado\/wp-content\/uploads\/2023\/10\/ico-pdf.jpg\">\n<a href=\"http:\/\/fdep.mxl.uabc.mx\/posgrado\/wp-content\/uploads\/2023\/10\/2020-Horario-3ro.pdf\" target=\"_blank\" rel=\"noopener\">Horario<\/a>\n\n\n\n\n\n\n<center><img decoding=\"async\" src=\"http:\/\/fdep.mxl.uabc.mx\/posgrado\/wp-content\/uploads\/2023\/10\/RSocial-2020-1.png\" alt=\"\" pl-media-id=\"1530\">\n\n\n\n\n\n\n","protected":false},"excerpt":{"rendered":"","protected":false},"author":1,"featured_media":0,"parent":0,"menu_order":0,"comment_status":"closed","ping_status":"closed","template":"","meta":{"_uag_custom_page_level_css":"","site-sidebar-layout":"default","site-content-layout":"","ast-site-content-layout":"default","site-content-style":"default","site-sidebar-style":"default","ast-global-header-display":"","ast-banner-title-visibility":"","ast-main-header-display":"","ast-hfb-above-header-display":"","ast-hfb-below-header-display":"","ast-hfb-mobile-header-display":"","site-post-title":"","ast-breadcrumbs-content":"","ast-featured-img":"","footer-sml-layout":"","ast-disable-related-posts":"","theme-transparent-header-meta":"","adv-header-id-meta":"","stick-header-meta":"","header-above-stick-meta":"","header-main-stick-meta":"","header-below-stick-meta":"","astra-migrate-meta-layouts":"set","ast-page-background-enabled":"default","ast-page-background-meta":{"desktop":{"background-color":"var(--ast-global-color-4)","background-image":"","background-repeat":"repeat","background-position":"center center","background-size":"auto","background-attachment":"scroll","background-type":"","background-media":"","overlay-type":"","overlay-color":"","overlay-opacity":"","overlay-gradient":""},"tablet":{"background-color":"","background-image":"","background-repeat":"repeat","background-position":"center center","background-size":"auto","background-attachment":"scroll","background-type":"","background-media":"","overlay-type":"","overlay-color":"","overlay-opacity":"","overlay-gradient":""},"mobile":{"background-color":"","background-image":"","background-repeat":"repeat","background-position":"center center","background-size":"auto","background-attachment":"scroll","background-type":"","background-media":"","overlay-type":"","overlay-color":"","overlay-opacity":"","overlay-gradient":""}},"ast-content-background-meta":{"desktop":{"background-color":"var(--ast-global-color-5)","background-image":"","background-repeat":"repeat","background-position":"center center","background-size":"auto","background-attachment":"scroll","background-type":"","background-media":"","overlay-type":"","overlay-color":"","overlay-opacity":"","overlay-gradient":""},"tablet":{"background-color":"var(--ast-global-color-5)","background-image":"","background-repeat":"repeat","background-position":"center center","background-size":"auto","background-attachment":"scroll","background-type":"","background-media":"","overlay-type":"","overlay-color":"","overlay-opacity":"","overlay-gradient":""},"mobile":{"background-color":"var(--ast-global-color-5)","background-image":"","background-repeat":"repeat","background-position":"center center","background-size":"auto","background-attachment":"scroll","background-type":"","background-media":"","overlay-type":"","overlay-color":"","overlay-opacity":"","overlay-gradient":""}},"footnotes":""},"class_list":["post-1330","page","type-page","status-publish","hentry"],"uagb_featured_image_src":{"full":false,"thumbnail":false,"medium":false,"medium_large":false,"large":false,"1536x1536":false,"2048x2048":false},"uagb_author_info":{"display_name":"Administrador","author_link":"https:\/\/fdep.mxl.uabc.mx\/posgrado\/blog\/author\/administrador\/"},"uagb_comment_info":0,"uagb_excerpt":null,"_links":{"self":[{"href":"https:\/\/fdep.mxl.uabc.mx\/posgrado\/wp-json\/wp\/v2\/pages\/1330","targetHints":{"allow":["GET"]}}],"collection":[{"href":"https:\/\/fdep.mxl.uabc.mx\/posgrado\/wp-json\/wp\/v2\/pages"}],"about":[{"href":"https:\/\/fdep.mxl.uabc.mx\/posgrado\/wp-json\/wp\/v2\/types\/page"}],"author":[{"embeddable":true,"href":"https:\/\/fdep.mxl.uabc.mx\/posgrado\/wp-json\/wp\/v2\/users\/1"}],"replies":[{"embeddable":true,"href":"https:\/\/fdep.mxl.uabc.mx\/posgrado\/wp-json\/wp\/v2\/comments?post=1330"}],"version-history":[{"count":49,"href":"https:\/\/fdep.mxl.uabc.mx\/posgrado\/wp-json\/wp\/v2\/pages\/1330\/revisions"}],"predecessor-version":[{"id":2272,"href":"https:\/\/fdep.mxl.uabc.mx\/posgrado\/wp-json\/wp\/v2\/pages\/1330\/revisions\/2272"}],"wp:attachment":[{"href":"https:\/\/fdep.mxl.uabc.mx\/posgrado\/wp-json\/wp\/v2\/media?parent=1330"}],"curies":[{"name":"wp","href":"https:\/\/api.w.org\/{rel}","templated":true}]}}