{"id":1326,"date":"2023-10-04T19:43:40","date_gmt":"2023-10-04T19:43:40","guid":{"rendered":"http:\/\/fdep.mxl.uabc.mx\/posgrado\/?page_id=1326"},"modified":"2023-10-24T19:48:35","modified_gmt":"2023-10-24T19:48:35","slug":"perfil","status":"publish","type":"page","link":"https:\/\/fdep.mxl.uabc.mx\/posgrado\/perfil\/","title":{"rendered":"Perfil"},"content":{"rendered":"\n\n\n<h4>El aspirante a la Maestr\u00eda en Educaci\u00f3n F\u00edsica y Deporte Escolar debe cumplir con lo siguiente: <\/h4>\n\n\n\n\n\n\n\n\n<br><strong>\nLos aspirantes a ingresar a la Maestr\u00eda en Educaci\u00f3n F\u00edsica y Deporte Escolar deben cumplir con los siguientes:<\/strong>\n<br>\n<br>\n<strong>Conocimientos: <\/strong>te\u00f3ricos y pr\u00e1cticos en actividad f\u00edsica y deporte, sobre dise\u00f1o de proyectos educativos, y de una segunda lengua.\n<br>\n<strong>Capacidades: <\/strong>de comprensi\u00f3n lectora; para organizar, planificar, analizar y sintetizar informaci\u00f3n. Para comunicarse de manera oral y escrita; para ser creativo, y utilizar las nuevas tecnolog\u00edas en el ejercicio profesional. Para trabajar de manera aut\u00f3noma y aplicar los conocimientos te\u00f3ricos.\n<br>\n<strong>Habilidades: <\/strong>\ncognitivas y matem\u00e1ticas; para gestionar, tomar decisiones y trabajar en equipo. Para buscar, procesar y analizar informaci\u00f3n procedente de diversas fuentes.\n<br>\n<strong>Actitudes: <\/strong>perseverancia, iniciativa, adaptaci\u00f3n a las nuevas situaciones, y vocaci\u00f3n hacia la actividad f\u00edsica.\n<br>\n<strong>Valores: <\/strong>\nresponsabilidad social, honestidad, respeto, compromiso, y esp\u00edritu emprendedor.\n<br>\n<br>\n\n\n\n\n\n\n<br>\n<strong>Requisitos de Ingreso:<\/strong>\n<br>\n<br>\n1.- Ser egresado(a) de licenciaturas en el \u00e1rea de las ciencias del deporte y actividad f\u00edsica, o licenciaturas afines que justifiquen su ingreso por la relaci\u00f3n existente entre su formaci\u00f3n acad\u00e9mica y profesional con la maestr\u00eda ofertada.\n<br>\n2.- Tener T\u00edtulo de Licenciatura (o comprobante de T\u00edtulo en tr\u00e1mite), y c\u00e9dula profesional de licenciatura (o comprobante de c\u00e9dula federal en tr\u00e1mite expedido por la SEP, o su equivalente para estudiantes extranjeros). Para los aspirantes que no apliquen a la beca Nacional CONACYT, se les acepta carta pasante.\n<br>\n3.- Comprobar con certificado de estudios promedio general de licenciatura igual o mayor a 80 en escala de 0 a 100, o su equivalente en otros sistemas de calificaci\u00f3n.\n<br>\n4. Presentar y aprobar un examen de admisi\u00f3n (conocimientos y habilidades) a nivel posgrado.\n<br>\n5. Documento que acredite el nivel de dominio o comprensi\u00f3n de una lengua adicional al espa\u00f1ol.\n<br>\n\n\n\n\n\n\n\n\n\n\n\n\n\n<h4> <center>El Egresado de la Maestr\u00eda en Educaci\u00f3n F\u00edsica y Deporte Escolar<\/center><\/h4> \n<p>\nEs un profesional con herramientas te\u00f3rico-pr\u00e1cticas para elaborar proyectos o programas de intervenci\u00f3n en el \u00e1mbito de la Educaci\u00f3n F\u00edsica y Deporte Escolar.\n<\/p>\n<br>\n\n\n\n\n\n\n\n\n<br>\n<p>Un profesional especializado en el dise\u00f1o, aplicaci\u00f3n y evaluaci\u00f3n de programas de innovaci\u00f3n e intervenci\u00f3n, en las \u00e1reas biomotriz, psicomotriz o sociomotriz, pertinentes y acordes con los planes y programas educativos vigentes, que incrementen el desarrollo de la educaci\u00f3n f\u00edsica y el deporte escolar, colaborando con diferentes actores a trav\u00e9s de redes, y actuando con responsabilidad social, sentido transformacional y emprendedor, mediante una visi\u00f3n humanista, inclusiva y compleja.<\/p>\n<br>\n\n\n\n\n\n\n<br>\n1.- Cubrir 80 cr\u00e9ditos como m\u00ednimo, 40 obligatorios y 40 cr\u00e9ditos optativos.\n<br>\n2.- Presentar y aprobar un Trabajo Terminal.\n<br>\n3.- Comprobar el conocimiento del idioma ingl\u00e9s, al menos Nivel B1 de comprensi\u00f3n lectora de acuerdo al Marco Com\u00fan Europeo, de acuerdo a los est\u00e1ndares recomendados por la legislaci\u00f3n de la Universidad Aut\u00f3noma de Baja California, o equivalente (TOEFL paper 437-473 pts.; TOEFL IBT 41-52 pts.; TOEIC 405-600 pts.; VEC online 54-57 pts.)\n\n\n\n\n\n\n","protected":false},"excerpt":{"rendered":"","protected":false},"author":1,"featured_media":0,"parent":0,"menu_order":0,"comment_status":"closed","ping_status":"closed","template":"","meta":{"_uag_custom_page_level_css":"","site-sidebar-layout":"default","site-content-layout":"","ast-site-content-layout":"default","site-content-style":"default","site-sidebar-style":"default","ast-global-header-display":"","ast-banner-title-visibility":"","ast-main-header-display":"","ast-hfb-above-header-display":"","ast-hfb-below-header-display":"","ast-hfb-mobile-header-display":"","site-post-title":"","ast-breadcrumbs-content":"","ast-featured-img":"","footer-sml-layout":"","ast-disable-related-posts":"","theme-transparent-header-meta":"","adv-header-id-meta":"","stick-header-meta":"","header-above-stick-meta":"","header-main-stick-meta":"","header-below-stick-meta":"","astra-migrate-meta-layouts":"set","ast-page-background-enabled":"default","ast-page-background-meta":{"desktop":{"background-color":"var(--ast-global-color-4)","background-image":"","background-repeat":"repeat","background-position":"center center","background-size":"auto","background-attachment":"scroll","background-type":"","background-media":"","overlay-type":"","overlay-color":"","overlay-opacity":"","overlay-gradient":""},"tablet":{"background-color":"","background-image":"","background-repeat":"repeat","background-position":"center center","background-size":"auto","background-attachment":"scroll","background-type":"","background-media":"","overlay-type":"","overlay-color":"","overlay-opacity":"","overlay-gradient":""},"mobile":{"background-color":"","background-image":"","background-repeat":"repeat","background-position":"center center","background-size":"auto","background-attachment":"scroll","background-type":"","background-media":"","overlay-type":"","overlay-color":"","overlay-opacity":"","overlay-gradient":""}},"ast-content-background-meta":{"desktop":{"background-color":"var(--ast-global-color-5)","background-image":"","background-repeat":"repeat","background-position":"center center","background-size":"auto","background-attachment":"scroll","background-type":"","background-media":"","overlay-type":"","overlay-color":"","overlay-opacity":"","overlay-gradient":""},"tablet":{"background-color":"var(--ast-global-color-5)","background-image":"","background-repeat":"repeat","background-position":"center center","background-size":"auto","background-attachment":"scroll","background-type":"","background-media":"","overlay-type":"","overlay-color":"","overlay-opacity":"","overlay-gradient":""},"mobile":{"background-color":"var(--ast-global-color-5)","background-image":"","background-repeat":"repeat","background-position":"center center","background-size":"auto","background-attachment":"scroll","background-type":"","background-media":"","overlay-type":"","overlay-color":"","overlay-opacity":"","overlay-gradient":""}},"footnotes":""},"class_list":["post-1326","page","type-page","status-publish","hentry"],"uagb_featured_image_src":{"full":false,"thumbnail":false,"medium":false,"medium_large":false,"large":false,"1536x1536":false,"2048x2048":false},"uagb_author_info":{"display_name":"Administrador","author_link":"https:\/\/fdep.mxl.uabc.mx\/posgrado\/blog\/author\/administrador\/"},"uagb_comment_info":0,"uagb_excerpt":null,"_links":{"self":[{"href":"https:\/\/fdep.mxl.uabc.mx\/posgrado\/wp-json\/wp\/v2\/pages\/1326","targetHints":{"allow":["GET"]}}],"collection":[{"href":"https:\/\/fdep.mxl.uabc.mx\/posgrado\/wp-json\/wp\/v2\/pages"}],"about":[{"href":"https:\/\/fdep.mxl.uabc.mx\/posgrado\/wp-json\/wp\/v2\/types\/page"}],"author":[{"embeddable":true,"href":"https:\/\/fdep.mxl.uabc.mx\/posgrado\/wp-json\/wp\/v2\/users\/1"}],"replies":[{"embeddable":true,"href":"https:\/\/fdep.mxl.uabc.mx\/posgrado\/wp-json\/wp\/v2\/comments?post=1326"}],"version-history":[{"count":68,"href":"https:\/\/fdep.mxl.uabc.mx\/posgrado\/wp-json\/wp\/v2\/pages\/1326\/revisions"}],"predecessor-version":[{"id":2262,"href":"https:\/\/fdep.mxl.uabc.mx\/posgrado\/wp-json\/wp\/v2\/pages\/1326\/revisions\/2262"}],"wp:attachment":[{"href":"https:\/\/fdep.mxl.uabc.mx\/posgrado\/wp-json\/wp\/v2\/media?parent=1326"}],"curies":[{"name":"wp","href":"https:\/\/api.w.org\/{rel}","templated":true}]}}