{"id":1324,"date":"2023-10-04T19:41:34","date_gmt":"2023-10-04T19:41:34","guid":{"rendered":"http:\/\/fdep.mxl.uabc.mx\/posgrado\/?page_id=1324"},"modified":"2023-10-24T19:51:40","modified_gmt":"2023-10-24T19:51:40","slug":"objetivo","status":"publish","type":"page","link":"https:\/\/fdep.mxl.uabc.mx\/posgrado\/objetivo\/","title":{"rendered":"Objetivo"},"content":{"rendered":"\n\n\n<h5><center>Objetivo General de la Maestr\u00eda en Educaci\u00f3n F\u00edsica y Deporte Escolar.<\/h5>\n\n\n\n\n\n\n\n\n<h5>Objetivo general curricular<\/h5>\n<p>Formar profesionales especializados en las habilidades te\u00f3ricas, pr\u00e1cticas y tecnol\u00f3gicas de la educaci\u00f3n f\u00edsica y el deporte escolar, para mejorar el ejercicio profesional a partir de la intervenci\u00f3n en los diferentes niveles educativos.<\/p>\n<br>\n\n\n\n\n\n\n<h5>Competencias especificas curriculares<\/h5>\n<ul>\n<li>Dise\u00f1ar e implementar actividades did\u00e1cticas a partir de la acci\u00f3n motriz, teniendo en cuenta la inclusi\u00f3n y las necesidades e intereses de los estudiantes, para generar aprendizajes significativos, con actitud proactiva y responsable.\n<\/li>\n<br>\n<li>\nDise\u00f1ar y aplicar programas de ejercicio f\u00edsico, a partir de la evaluaci\u00f3n de fundamentos biol\u00f3gicos con apoyo de herramientas tecnol\u00f3gicas, para preservar la salud desde la educaci\u00f3n f\u00edsica, o mejorar el rendimiento desde el deporte escolar, de manera integral e inclusiva, con actitud responsable, capacidad anal\u00edtica y comportamiento \u00e9tico. \n<\/li>\n<br>\n<li>\nDise\u00f1ar e implementar proyectos de emprendimiento en acci\u00f3n motriz, a trav\u00e9s de los principios administrativos, el an\u00e1lisis del sistema educativo y otros sectores, para gestionar recursos y actividades que impacten en la calidad de vida de la comunidad, con responsabilidad social, actitud cr\u00edtica y proactiva.\n<\/li>\n<br>\n<li>\nDesarrollar y divulgar proyectos innovadores con impacto social y educativo en los sectores p\u00fablico, privado y social, apoyado en marcos te\u00f3rico-metodol\u00f3gicos, para aportar soluciones pertinentes y acordes a las problem\u00e1ticas relacionadas con la Educaci\u00f3n F\u00edsica y el Deporte Escolar, con una actitud proactiva, \u00e9tica y responsable.\n<\/li>\n<ul>\n<br>\n\n\n\n\n\n\n<h5>Prop\u00f3sitos<\/h5>\n<ul>\n<li>\nProp\u00f3sito institucional Ampliar y diversificar la oferta educativa incorporando programas de maestr\u00eda en el \u00e1rea de actividad f\u00edsica y deporte, fortaleciendo la formaci\u00f3n a nivel de posgrado en el Estado, as\u00ed como a nivel nacional e internacional. El fortalecimiento del Posgrado es una de las estrategias para impulsar la formaci\u00f3n especializada, establecida en el Plan de Trabajo del rector para el periodo 2019-2023.\n<\/li>\n<br>\n<li>\nProp\u00f3sito general curricular Fortalecer el \u00e1rea de profesionalizaci\u00f3n de los egresados de programas de licenciatura en Actividad F\u00edsica y Deporte o \u00e1reas afines, as\u00ed como brindar las herramientas de actualizaci\u00f3n para los actores que se dedican profesionalmente en el \u00e1rea de educaci\u00f3n f\u00edsica y deporte escolar, fortaleciendo sus competencias, conocimientos y habilidades. \n<\/li>\n<ul>\n<br>\n\n\n\n\n\n\n\n\n<p><p><\/p>\n\n\n","protected":false},"excerpt":{"rendered":"","protected":false},"author":1,"featured_media":0,"parent":0,"menu_order":0,"comment_status":"closed","ping_status":"closed","template":"","meta":{"_uag_custom_page_level_css":"","site-sidebar-layout":"default","site-content-layout":"","ast-site-content-layout":"default","site-content-style":"default","site-sidebar-style":"default","ast-global-header-display":"","ast-banner-title-visibility":"","ast-main-header-display":"","ast-hfb-above-header-display":"","ast-hfb-below-header-display":"","ast-hfb-mobile-header-display":"","site-post-title":"","ast-breadcrumbs-content":"","ast-featured-img":"","footer-sml-layout":"","ast-disable-related-posts":"","theme-transparent-header-meta":"","adv-header-id-meta":"","stick-header-meta":"","header-above-stick-meta":"","header-main-stick-meta":"","header-below-stick-meta":"","astra-migrate-meta-layouts":"set","ast-page-background-enabled":"default","ast-page-background-meta":{"desktop":{"background-color":"var(--ast-global-color-4)","background-image":"","background-repeat":"repeat","background-position":"center center","background-size":"auto","background-attachment":"scroll","background-type":"","background-media":"","overlay-type":"","overlay-color":"","overlay-opacity":"","overlay-gradient":""},"tablet":{"background-color":"","background-image":"","background-repeat":"repeat","background-position":"center center","background-size":"auto","background-attachment":"scroll","background-type":"","background-media":"","overlay-type":"","overlay-color":"","overlay-opacity":"","overlay-gradient":""},"mobile":{"background-color":"","background-image":"","background-repeat":"repeat","background-position":"center center","background-size":"auto","background-attachment":"scroll","background-type":"","background-media":"","overlay-type":"","overlay-color":"","overlay-opacity":"","overlay-gradient":""}},"ast-content-background-meta":{"desktop":{"background-color":"var(--ast-global-color-5)","background-image":"","background-repeat":"repeat","background-position":"center center","background-size":"auto","background-attachment":"scroll","background-type":"","background-media":"","overlay-type":"","overlay-color":"","overlay-opacity":"","overlay-gradient":""},"tablet":{"background-color":"var(--ast-global-color-5)","background-image":"","background-repeat":"repeat","background-position":"center center","background-size":"auto","background-attachment":"scroll","background-type":"","background-media":"","overlay-type":"","overlay-color":"","overlay-opacity":"","overlay-gradient":""},"mobile":{"background-color":"var(--ast-global-color-5)","background-image":"","background-repeat":"repeat","background-position":"center center","background-size":"auto","background-attachment":"scroll","background-type":"","background-media":"","overlay-type":"","overlay-color":"","overlay-opacity":"","overlay-gradient":""}},"footnotes":""},"class_list":["post-1324","page","type-page","status-publish","hentry"],"uagb_featured_image_src":{"full":false,"thumbnail":false,"medium":false,"medium_large":false,"large":false,"1536x1536":false,"2048x2048":false},"uagb_author_info":{"display_name":"Administrador","author_link":"https:\/\/fdep.mxl.uabc.mx\/posgrado\/blog\/author\/administrador\/"},"uagb_comment_info":0,"uagb_excerpt":null,"_links":{"self":[{"href":"https:\/\/fdep.mxl.uabc.mx\/posgrado\/wp-json\/wp\/v2\/pages\/1324","targetHints":{"allow":["GET"]}}],"collection":[{"href":"https:\/\/fdep.mxl.uabc.mx\/posgrado\/wp-json\/wp\/v2\/pages"}],"about":[{"href":"https:\/\/fdep.mxl.uabc.mx\/posgrado\/wp-json\/wp\/v2\/types\/page"}],"author":[{"embeddable":true,"href":"https:\/\/fdep.mxl.uabc.mx\/posgrado\/wp-json\/wp\/v2\/users\/1"}],"replies":[{"embeddable":true,"href":"https:\/\/fdep.mxl.uabc.mx\/posgrado\/wp-json\/wp\/v2\/comments?post=1324"}],"version-history":[{"count":24,"href":"https:\/\/fdep.mxl.uabc.mx\/posgrado\/wp-json\/wp\/v2\/pages\/1324\/revisions"}],"predecessor-version":[{"id":2263,"href":"https:\/\/fdep.mxl.uabc.mx\/posgrado\/wp-json\/wp\/v2\/pages\/1324\/revisions\/2263"}],"wp:attachment":[{"href":"https:\/\/fdep.mxl.uabc.mx\/posgrado\/wp-json\/wp\/v2\/media?parent=1324"}],"curies":[{"name":"wp","href":"https:\/\/api.w.org\/{rel}","templated":true}]}}