{"id":6,"date":"2023-11-24T22:09:56","date_gmt":"2023-11-24T21:09:56","guid":{"rendered":"https:\/\/fdep.mxl.uabc.mx\/posgrado\/investigacion\/?page_id=6"},"modified":"2024-02-06T19:45:21","modified_gmt":"2024-02-06T18:45:21","slug":"inicio","status":"publish","type":"page","link":"https:\/\/fdep.mxl.uabc.mx\/posgrado\/investigacion\/","title":{"rendered":"Inicio"},"content":{"rendered":"\n\n\n<h5><center>Investigaci\u00f3n UABC<\/h5>\n\n\n\n\n<p style=\"text-align: justify;\">La Universidad Aut\u00f3noma de Baja California (UABC); fue creada el 27 de febrero de 1957, a partir de la publicaci\u00f3n de su ley org\u00e1nica, en la cual se establece dentro de sus fines el de fomentar y llevar a cabo investigaciones cient\u00edficas, dando preferencia a las que tienden a resolver los problemas estatales y nacionales.\n<\/p>\n<p style=\"text-align: justify;\">\nLa investigaci\u00f3n es la actividad de informaci\u00f3n metodol\u00f3gica y cient\u00edfica generadora de conocimientos que desempe\u00f1an los acad\u00e9micos. Los conocimientos obtenidos a trav\u00e9s de la investigaci\u00f3n servir\u00e1n adem\u00e1s, para desarrollar nuevos materiales, productos y dispositivos, as\u00ed como para establecer nuevos procesos y sistemas, o mejorar los ya existentes.\n<\/p>\n<p><strong>Plan de Desarrollo Institucional 2023-2027<\/strong><\/p>\n\n<p style=\"text-align: justify;\">La UABC reconoce a la investigaci\u00f3n como un elemento que la distingue en Baja California y la regi\u00f3n de aquellos IES dedicados estrictamente a la docencia. Esto resulta sumamente relevante en la actualidad, debido a la complejidad de los desaf\u00edos que enfrenta la humanidad y el planeta, los cuales requieren de una mayor comprensi\u00f3n cient\u00edfica de los fen\u00f3menos desde un enfoque social. Las universidades, como generadoras de conocimiento, contribuyen a robustecer los polos cient\u00edficos e industriales de las regiones a trav\u00e9s de la innovaci\u00f3n, al adoptar una postura colaborativa en la construcci\u00f3n de redes con diversos actores para explorar soluciones viables y factibles mediante el desarrollo tecnol\u00f3gico. Estos ecosistemas de investigaci\u00f3n e innovaci\u00f3n son m\u00e1s robustos para lograr su prop\u00f3sito mediante enfoques interdisciplinarios, que permitan sumar conocimientos, habilidades y esfuerzos desde m\u00faltiples \u00e1reas del saber.<\/p>\n\n\n\n\n\n\n\n\n\n<h5>Enl\u00e1zate con nosotros:<\/h5>\n\n\n\n\n\n\n\n\n\n\n\n\n\n\n\n\n\n\n\n\n\n\n\n\n\n\n\n<h5>Domicilio<\/h5>\n<p>\nEsquina. Av. Rio Mocorito y Monclova,\n<br>\nCol. Ex-Ejido Coahuila, S\/N\n<br>\nC.P. 21289\n<br>\nTel\u00e9fono:(686) 689-0810\n<br> Ext. 44601.<\/p>\n\n\n<h5>Identidad UABC<\/h5>\n<ul>\n<li><a href=\"https:\/\/www.sorteosuabc.mx\/\" target=\"_blank\" rel=\"noopener\">Sorteos UABC<\/a><\/li>\n<li><a href=\"https:\/\/centrodeeducacioncontinua.uabc.mx\/\" target=\"_blank\" rel=\"noopener\">Centro de Educaci\u00f3n Continua UABC<\/a><\/li>\n<li><a href=\"https:\/\/www.facebook.com\/centrodeportivouabc\/\" target=\"_blank\" rel=\"noopener\">Centro Deportivo UABC<\/a><\/li>\n<li><a href=\"http:\/\/transparencia.uabc.mx\/Aviso_Privacidad\/index.html\" target=\"_blank\" rel=\"noopener\">Aviso de Privacidad<\/a><\/li>\n<li><a href=\"https:\/\/campus.mxl.uabc.mx\/proteccion-civil\/\" target=\"_blank\" rel=\"noopener\">Protecci\u00f3n Civil<\/a><\/li>\n<\/ul>\n\n\n<h5>Sitios de Inter\u00e9s<\/h5>\n<ul>\n<li><a href=\"https:\/\/www.gob.mx\/sep\" target=\"_blank\" rel=\"noopener\">SEP<\/a><\/li>\n<li><a href=\"https:\/\/conahcyt.mx\/\" target=\"_blank\" rel=\"noopener\">Conacyt<\/a><\/li>\n<li><a href=\"http:\/\/www.anuies.mx\/\" target=\"_blank\" rel=\"noopener\">Anuies<\/a><\/li>\n<li><a href=\"https:\/\/www.copaes.org\/\" target=\"_blank\" rel=\"noopener\">Copaes<\/a><\/li>\n<li><a href=\"https:\/\/www.ciees.edu.mx\/\" target=\"_blank\" rel=\"noopener\">CIEES<\/a><\/li>\n<li><a href=\"https:\/\/www.cumex.org.mx\/\" target=\"_blank\" rel=\"noopener\">CUMEX<\/a><\/li>\n<\/ul>\n\n\n","protected":false},"excerpt":{"rendered":"","protected":false},"author":1,"featured_media":0,"parent":0,"menu_order":0,"comment_status":"closed","ping_status":"closed","template":"","meta":{"_uag_custom_page_level_css":"","site-sidebar-layout":"default","site-content-layout":"","ast-site-content-layout":"default","site-content-style":"default","site-sidebar-style":"default","ast-global-header-display":"","ast-banner-title-visibility":"","ast-main-header-display":"","ast-hfb-above-header-display":"","ast-hfb-below-header-display":"","ast-hfb-mobile-header-display":"","site-post-title":"","ast-breadcrumbs-content":"","ast-featured-img":"","footer-sml-layout":"","ast-disable-related-posts":"","theme-transparent-header-meta":"","adv-header-id-meta":"","stick-header-meta":"","header-above-stick-meta":"","header-main-stick-meta":"","header-below-stick-meta":"","astra-migrate-meta-layouts":"default","ast-page-background-enabled":"default","ast-page-background-meta":{"desktop":{"background-color":"var(--ast-global-color-4)","background-image":"","background-repeat":"repeat","background-position":"center center","background-size":"auto","background-attachment":"scroll","background-type":"","background-media":"","overlay-type":"","overlay-color":"","overlay-opacity":"","overlay-gradient":""},"tablet":{"background-color":"","background-image":"","background-repeat":"repeat","background-position":"center center","background-size":"auto","background-attachment":"scroll","background-type":"","background-media":"","overlay-type":"","overlay-color":"","overlay-opacity":"","overlay-gradient":""},"mobile":{"background-color":"","background-image":"","background-repeat":"repeat","background-position":"center center","background-size":"auto","background-attachment":"scroll","background-type":"","background-media":"","overlay-type":"","overlay-color":"","overlay-opacity":"","overlay-gradient":""}},"ast-content-background-meta":{"desktop":{"background-color":"var(--ast-global-color-5)","background-image":"","background-repeat":"repeat","background-position":"center center","background-size":"auto","background-attachment":"scroll","background-type":"","background-media":"","overlay-type":"","overlay-color":"","overlay-opacity":"","overlay-gradient":""},"tablet":{"background-color":"var(--ast-global-color-5)","background-image":"","background-repeat":"repeat","background-position":"center center","background-size":"auto","background-attachment":"scroll","background-type":"","background-media":"","overlay-type":"","overlay-color":"","overlay-opacity":"","overlay-gradient":""},"mobile":{"background-color":"var(--ast-global-color-5)","background-image":"","background-repeat":"repeat","background-position":"center center","background-size":"auto","background-attachment":"scroll","background-type":"","background-media":"","overlay-type":"","overlay-color":"","overlay-opacity":"","overlay-gradient":""}},"footnotes":""},"class_list":["post-6","page","type-page","status-publish","hentry"],"uagb_featured_image_src":{"full":false,"thumbnail":false,"medium":false,"medium_large":false,"large":false,"1536x1536":false,"2048x2048":false},"uagb_author_info":{"display_name":"Administrador","author_link":"https:\/\/fdep.mxl.uabc.mx\/posgrado\/investigacion\/author\/administrador\/"},"uagb_comment_info":0,"uagb_excerpt":null,"_links":{"self":[{"href":"https:\/\/fdep.mxl.uabc.mx\/posgrado\/investigacion\/wp-json\/wp\/v2\/pages\/6","targetHints":{"allow":["GET"]}}],"collection":[{"href":"https:\/\/fdep.mxl.uabc.mx\/posgrado\/investigacion\/wp-json\/wp\/v2\/pages"}],"about":[{"href":"https:\/\/fdep.mxl.uabc.mx\/posgrado\/investigacion\/wp-json\/wp\/v2\/types\/page"}],"author":[{"embeddable":true,"href":"https:\/\/fdep.mxl.uabc.mx\/posgrado\/investigacion\/wp-json\/wp\/v2\/users\/1"}],"replies":[{"embeddable":true,"href":"https:\/\/fdep.mxl.uabc.mx\/posgrado\/investigacion\/wp-json\/wp\/v2\/comments?post=6"}],"version-history":[{"count":88,"href":"https:\/\/fdep.mxl.uabc.mx\/posgrado\/investigacion\/wp-json\/wp\/v2\/pages\/6\/revisions"}],"predecessor-version":[{"id":478,"href":"https:\/\/fdep.mxl.uabc.mx\/posgrado\/investigacion\/wp-json\/wp\/v2\/pages\/6\/revisions\/478"}],"wp:attachment":[{"href":"https:\/\/fdep.mxl.uabc.mx\/posgrado\/investigacion\/wp-json\/wp\/v2\/media?parent=6"}],"curies":[{"name":"wp","href":"https:\/\/api.w.org\/{rel}","templated":true}]}}