{"id":496,"date":"2024-02-27T18:18:47","date_gmt":"2024-02-27T17:18:47","guid":{"rendered":"https:\/\/fdep.mxl.uabc.mx\/posgrado\/investigacion\/?page_id=496"},"modified":"2024-02-27T22:20:47","modified_gmt":"2024-02-27T21:20:47","slug":"quimica-sanguinea","status":"publish","type":"page","link":"https:\/\/fdep.mxl.uabc.mx\/posgrado\/investigacion\/quimica-sanguinea\/","title":{"rendered":"Qu\u00edmica Sangu\u00ednea"},"content":{"rendered":"\n\n\n<h5><center><font style=\"vertical-align: inherit;\"><font style=\"vertical-align: inherit;\">LABORATORIO DE QU\u00cdMICA SANGU\u00cdNEA<\/font><\/font><\/center><\/h5>\n\n<p style=\"text-align: justify;\"><font style=\"vertical-align: inherit;\"><font style=\"vertical-align: inherit;\">El objetivo del laboratorio es relacionar el conocimiento del \u00e1rea bioqu\u00edmica en la pr\u00e1ctica de laboratorio con el conocimiento te\u00f3rico con la finalidad de fundamentar y aplicar estos conocimientos a trav\u00e9s de la utilizaci\u00f3n de equipo espec\u00edfico del \u00e1rea en el an\u00e1lisis de la actividad deportiva. \n<\/font><\/font><\/p>\n<p style=\"text-align: justify;\"><font style=\"vertical-align: inherit;\"><font style=\"vertical-align: inherit;\">\nEl estudio de las respuestas y adaptaciones bioqu\u00edmicas al ejercicio y el deporte es de gran relevancia, permitiendo atender a atletas amateurs y deportistas de \u00e9lite que buscan mejorar su desempe\u00f1o y rendimiento, as\u00ed como personas con diversas patolog\u00edas y condiciones metab\u00f3licas que buscan los efectos ben\u00e9ficos sobre la salud de la actividad f\u00edsica.\n<\/font><\/font><\/p><font style=\"vertical-align: inherit;\"><font style=\"vertical-align: inherit;\">\n<p><strong>Sectores a atender:\n<\/strong>\n<ul>\n<li>Comunidad educativa (docentes y estudiantes).\n<\/li>\n<li>Particulares y profesionales de las \u00e1reas de la salud y el deporte.\n<\/li>\n<li>Entidades y asociaciones deportivas.\n<\/li>\n<\/ul>\n\n\n\n\n\n\n\n\n<ul>\n<li>Estudios de Hematolog\u00eda<\/li>\n<li>An\u00e1lisis automatizado para bioqu\u00edmica cl\u00ednica y turbidimetr\u00eda.<\/li> \n<li>An\u00e1lisis automatizado cualitativo y semicuantitativo de par\u00e1metros en orina.<\/li>\n<li>An\u00e1lisis de prote\u00f3mica en muestras de origen biol\u00f3gico (sangre, saliva u orina) para la determinaci\u00f3n de hormonas y prote\u00ednas de importancia metab\u00f3lica.<\/li>\n<li>Microscop\u00eda.<\/li>\n<li>Determinaciones de pH en soluciones.<\/li>\n<\/ul>\n<br>\n<strong> Responsable:<\/strong>\n<br>\nTatiana Romero Garc\u00eda. <br>\ntatiana.romero@uabc.edu.mx \n<\/p>\n<tabla>\n<center style=\"text-align: right;\">   \n<img decoding=\"async\" src=\"http:\/\/fdep.mxl.uabc.mx\/posgrado\/investigacion\/wp-content\/uploads\/sites\/3\/2024\/02\/QS-4.jpg\" style=\"font-size: 1rem;\">\n<\/center>\n<\/tabla>\n\n\n\n\n\n\n<ul>\n<li>Ficha de solicitud de equipo y\/o material fuera de las instalaciones del laboratorio.( <a href=\"http:\/\/fdep.mxl.uabc.mx\/posgrado\/investigacion\/wp-content\/uploads\/sites\/3\/2024\/02\/QS-1.pdf\" target=\"_blank\" rel=\"noopener\">\nformato de descarga<\/a>)\n\n<li>Ficha de solicitud de equipo y\/o material del laboratorio. (<a href=\"http:\/\/fdep.mxl.uabc.mx\/posgrado\/investigacion\/wp-content\/uploads\/sites\/3\/2024\/02\/QS-1.pdf\" target=\"_blank\" rel=\"noopener\">descarga formato<\/a>)\n<br>\n<br>\n<tabla>\n<center>\n<img decoding=\"async\" src=\"http:\/\/fdep.mxl.uabc.mx\/posgrado\/investigacion\/wp-content\/uploads\/sites\/3\/2024\/02\/QS-3.jpg\">&nbsp;\n<img decoding=\"async\" src=\"http:\/\/fdep.mxl.uabc.mx\/posgrado\/investigacion\/wp-content\/uploads\/sites\/3\/2024\/02\/QS-1.jpg\">&nbsp;\n<img decoding=\"async\" src=\"http:\/\/fdep.mxl.uabc.mx\/posgrado\/investigacion\/wp-content\/uploads\/sites\/3\/2024\/02\/QS-2.jpg\"><\/center><\/tabla>\n<br>\n\n\n\n\n\n\n","protected":false},"excerpt":{"rendered":"","protected":false},"author":1,"featured_media":0,"parent":0,"menu_order":0,"comment_status":"closed","ping_status":"closed","template":"","meta":{"_uag_custom_page_level_css":"","site-sidebar-layout":"default","site-content-layout":"","ast-site-content-layout":"default","site-content-style":"default","site-sidebar-style":"default","ast-global-header-display":"","ast-banner-title-visibility":"","ast-main-header-display":"","ast-hfb-above-header-display":"","ast-hfb-below-header-display":"","ast-hfb-mobile-header-display":"","site-post-title":"","ast-breadcrumbs-content":"","ast-featured-img":"","footer-sml-layout":"","ast-disable-related-posts":"","theme-transparent-header-meta":"","adv-header-id-meta":"","stick-header-meta":"","header-above-stick-meta":"","header-main-stick-meta":"","header-below-stick-meta":"","astra-migrate-meta-layouts":"default","ast-page-background-enabled":"default","ast-page-background-meta":{"desktop":{"background-color":"var(--ast-global-color-4)","background-image":"","background-repeat":"repeat","background-position":"center center","background-size":"auto","background-attachment":"scroll","background-type":"","background-media":"","overlay-type":"","overlay-color":"","overlay-opacity":"","overlay-gradient":""},"tablet":{"background-color":"","background-image":"","background-repeat":"repeat","background-position":"center center","background-size":"auto","background-attachment":"scroll","background-type":"","background-media":"","overlay-type":"","overlay-color":"","overlay-opacity":"","overlay-gradient":""},"mobile":{"background-color":"","background-image":"","background-repeat":"repeat","background-position":"center center","background-size":"auto","background-attachment":"scroll","background-type":"","background-media":"","overlay-type":"","overlay-color":"","overlay-opacity":"","overlay-gradient":""}},"ast-content-background-meta":{"desktop":{"background-color":"var(--ast-global-color-5)","background-image":"","background-repeat":"repeat","background-position":"center center","background-size":"auto","background-attachment":"scroll","background-type":"","background-media":"","overlay-type":"","overlay-color":"","overlay-opacity":"","overlay-gradient":""},"tablet":{"background-color":"var(--ast-global-color-5)","background-image":"","background-repeat":"repeat","background-position":"center center","background-size":"auto","background-attachment":"scroll","background-type":"","background-media":"","overlay-type":"","overlay-color":"","overlay-opacity":"","overlay-gradient":""},"mobile":{"background-color":"var(--ast-global-color-5)","background-image":"","background-repeat":"repeat","background-position":"center center","background-size":"auto","background-attachment":"scroll","background-type":"","background-media":"","overlay-type":"","overlay-color":"","overlay-opacity":"","overlay-gradient":""}},"footnotes":""},"class_list":["post-496","page","type-page","status-publish","hentry"],"uagb_featured_image_src":{"full":false,"thumbnail":false,"medium":false,"medium_large":false,"large":false,"1536x1536":false,"2048x2048":false},"uagb_author_info":{"display_name":"Administrador","author_link":"https:\/\/fdep.mxl.uabc.mx\/posgrado\/investigacion\/author\/administrador\/"},"uagb_comment_info":0,"uagb_excerpt":null,"_links":{"self":[{"href":"https:\/\/fdep.mxl.uabc.mx\/posgrado\/investigacion\/wp-json\/wp\/v2\/pages\/496","targetHints":{"allow":["GET"]}}],"collection":[{"href":"https:\/\/fdep.mxl.uabc.mx\/posgrado\/investigacion\/wp-json\/wp\/v2\/pages"}],"about":[{"href":"https:\/\/fdep.mxl.uabc.mx\/posgrado\/investigacion\/wp-json\/wp\/v2\/types\/page"}],"author":[{"embeddable":true,"href":"https:\/\/fdep.mxl.uabc.mx\/posgrado\/investigacion\/wp-json\/wp\/v2\/users\/1"}],"replies":[{"embeddable":true,"href":"https:\/\/fdep.mxl.uabc.mx\/posgrado\/investigacion\/wp-json\/wp\/v2\/comments?post=496"}],"version-history":[{"count":40,"href":"https:\/\/fdep.mxl.uabc.mx\/posgrado\/investigacion\/wp-json\/wp\/v2\/pages\/496\/revisions"}],"predecessor-version":[{"id":542,"href":"https:\/\/fdep.mxl.uabc.mx\/posgrado\/investigacion\/wp-json\/wp\/v2\/pages\/496\/revisions\/542"}],"wp:attachment":[{"href":"https:\/\/fdep.mxl.uabc.mx\/posgrado\/investigacion\/wp-json\/wp\/v2\/media?parent=496"}],"curies":[{"name":"wp","href":"https:\/\/api.w.org\/{rel}","templated":true}]}}