{"id":11,"date":"2023-11-24T22:11:03","date_gmt":"2023-11-24T21:11:03","guid":{"rendered":"https:\/\/fdep.mxl.uabc.mx\/posgrado\/investigacion\/?page_id=11"},"modified":"2023-12-01T19:58:35","modified_gmt":"2023-12-01T18:58:35","slug":"caafyd","status":"publish","type":"page","link":"https:\/\/fdep.mxl.uabc.mx\/posgrado\/investigacion\/caafyd\/","title":{"rendered":"CAAFYD"},"content":{"rendered":"\n\n\n<h4><center>CAAFYD<\/h4>\n\n\n\n\n\n\n\n\n<table>\n<!--Fila 1-->\n<tr>\n<td style=\"width: 15%\">Datos<\/td>\n<td style=\"width: 9%\"><\/td>\n<td style=\"width: 16%\"><\/td>\n<td><a href=\"https:\/\/www.researchgate.net\/profile\/Javier-Hall-Lopez\" target=\"_blank\" rel=\"noopener\">PRODUCCI\u00d3N<\/a><\/td>\n<\/tr>\n<!--Fila 2-->\n<tr>\n<td rowspan=\"10\">\n<center><img decoding=\"async\" alt=\"JavierHall\" src=\"http:\/\/fdep.mxl.uabc.mx\/posgrado\/investigacion\/wp-content\/uploads\/sites\/3\/2023\/11\/JavierHall.gif\" \/><\/td>\n<td><\/td>\n<td><\/td>\n<td>Dr. Javier Arturo Hall L\u00f3pez<\/td>\n<\/tr>\n<!--Fila 3-->\n<td><strong>Acad\u00e9mico<\/strong><\/td>\n<td><\/td>\n<td>Profesor-Investigador Titular C<\/td>\n<\/tr>\n<!--Fila 4-->\n<tr>\n<td><\/td>\n<td><strong><\/strong>\n<\/td>\n<td><strong>Perfil PRODEP<\/strong><\/td>\n<\/tr>\n<!--Fila 5-->\n<tr>\n<td><\/td>\n<td><\/td>\n<td>Adscrito al Sistema Nacional de Investigadores SNI del Consejo Nacional de Ciencia y Tecnolog\u00eda CONACYT Nivel 1<\/td>\n<\/tr>\n<!--Fila 6 -->\n<tr>\n<td><\/td>\n<td><\/td>\n<td>Perfil deseable por parte del Programa de Mejoramiento al Profesorado PRODEP<\/td>\n<\/tr>\n<!--Fila 7-->\n<tr>\n<td><\/td>\n<td><strong>Formaci\u00f3n Acad\u00e9mica:<\/strong><\/td>\n<td>&#8211; Doctorado en Medicina del Deporte<\/td>\n<\/tr>\n<!--Fila 8-->\n<tr>\n<td><\/td>\n<td><\/td>\n<td>&#8211; Maestr\u00eda en Ciencias del Deporte Opci\u00f3n Biolog\u00eda<\/td>\n<\/tr>\n<!--Fila 9-->\n<tr>\n<td><\/td>\n<td><\/td>\n<td>&#8211; Lic. en Educaci\u00f3n F\u00edsica<\/td>\n<\/tr>\n<!--Fila 10-->\n<tr>\n<td><\/td>\n<td><strong>Dependencia:<\/strong><\/td>\n<td>Facultad de Deportes UABC, Esq. Av. Rio Mocorito y Monclova \u00abEx-ejido Coahuila Campus Mexicali\u00bb C.p. 21360<\/td>\n<\/tr>\n<!--Fila 11-->\n<tr>\n<td><\/td>\n<td><strong>Contacto:<\/strong><\/td>\n<td>javierhall@uabc.edu.mx<\/td>\n<\/tr>\n<\/table>\n<table>\n<!--Fila 1-->\n<tr>\n<td style=\"width: 15%\">Datos<\/td>\n<td style=\"width: 9%\"><\/td>\n<td style=\"width: 16%\"><\/td>\n<td><a href=\"https:\/\/www.researchgate.net\/profile\/Paulina-Ochoa-Martinez\" target=\"_blank\" rel=\"noopener\">PRODUCCI\u00d3N<\/td>\n<\/tr>\n<!--Fila 2-->\n<tr>\n<td rowspan=\"10\">\n<center><img decoding=\"async\" alt=\"JavierHall\" src=\"http:\/\/fdep.mxl.uabc.mx\/posgrado\/investigacion\/wp-content\/uploads\/sites\/3\/2023\/11\/PaulinaOchoa.gif\" \/><\/td>\n<td><\/td>\n<td><\/td>\n<td>Dra. Paulina Yesica Ochoa Mart\u00ednez<\/td>\n<\/tr>\n<!--Fila 3-->\n<td><strong>Acad\u00e9mico<\/strong><\/td>\n<td><\/td>\n<td>Profesor-Investigador Titular C<\/td>\n<\/tr>\n<!--Fila 4-->\n<tr>\n<td><\/td>\n<td><strong><\/strong>\n<\/td>\n<td><strong>Perfil PRODEP<\/strong><\/td>\n<\/tr>\n<!--Fila 5-->\n<tr>\n<td><\/td>\n<td><\/td>\n<td>Adscrito al Sistema Nacional de Investigadores SNI del Consejo Nacional de Ciencia y Tecnolog\u00eda CONACYT Nivel 1<\/td>\n<\/tr>\n<!--Fila 6 -->\n<tr>\n<td><\/td>\n<td><\/td>\n<td>Perfil deseable por parte del Programa de Mejoramiento al Profesorado PRODEP<\/td>\n<\/tr>\n<!--Fila 7-->\n<tr>\n<td><\/td>\n<td><strong>Formaci\u00f3n Acad\u00e9mica:<\/strong><\/td>\n<td>&#8211; Doctorado en Ciencias M\u00e9dicas<\/td>\n<\/tr>\n<!--Fila 8-->\n<tr>\n<td><\/td>\n<td><\/td>\n<td>&#8211; Maestr\u00eda en Ciencias del Deporte Opci\u00f3n Biolog\u00eda<\/td>\n<\/tr>\n<!--Fila 9-->\n<tr>\n<td><\/td>\n<td><\/td>\n<td>&#8211; Lic. en Educaci\u00f3n F\u00edsica<\/td>\n<\/tr>\n<!--Fila 10-->\n<tr>\n<td><\/td>\n<td><strong>Dependencia:<\/strong><\/td>\n<td>Facultad de Deportes UABC, Esq. Av. Rio Mocorito y Monclova \u00abEx-ejido Coahuila Campus Mexicali\u00bb C.p. 21360<\/td>\n<\/tr>\n<!--Fila 11-->\n<tr>\n<td><\/td>\n<td><strong>Contacto:<\/strong><\/td>\n<td>pochoa@uabc.edu.mx<\/td>\n<\/tr>\n<\/table>\n<table>\n<!--Fila 1-->\n<tr>\n<td style=\"width: 15%\">Datos<\/td>\n<td style=\"width: 9%\"><\/td>\n<td style=\"width: 16%\"><\/td>\n<td><a href=\"https:\/\/www.researchgate.net\/profile\/Edgar-Ismael-Meza\" target=\"_blank\" rel=\"noopener\">PRODUCCI\u00d3N<\/a><\/td>\n<\/tr>\n<!--Fila 2-->\n<tr>\n<td rowspan=\"10\">\n<center><img decoding=\"async\" alt=\"JavierHall\" src=\"http:\/\/fdep.mxl.uabc.mx\/posgrado\/investigacion\/wp-content\/uploads\/sites\/3\/2023\/11\/EdgarAlarcon.gif\" \/><\/td>\n<td><\/td>\n<td><\/td>\n<td>Dr. Edgar Ismael Alarc\u00f3n Meza<\/td>\n<\/tr>\n<!--Fila 3-->\n<td><strong>Acad\u00e9mico<\/strong><\/td>\n<td><\/td>\n<td><\/td>\n<\/tr>\n<!--Fila 4-->\n<tr>\n<td><\/td>\n<td><strong><\/strong>\n<\/td>\n<td><strong>Perfil PRODEP<\/strong><\/td>\n<\/tr>\n<!--Fila 7-->\n<tr>\n<td><\/td>\n<td><strong>Formaci\u00f3n Acad\u00e9mica:<\/strong><\/td>\n<td>&#8211; Doctorado en Fisiolog\u00eda de Ejercicio<\/td>\n<\/tr>\n\n<!--Fila 10-->\n<tr>\n<td><\/td>\n<td><strong>Dependencia:<\/strong><\/td>\n<td>Facultad de Deportes UABC, Esq. Av. Rio Mocorito y Monclova \u00abEx-ejido Coahuila Campus Mexicali\u00bb C.p. 21360<\/td>\n<\/tr>\n<!--Fila 11-->\n<tr>\n<td><\/td>\n<td><strong>Contacto:<\/strong><\/td>\n<td>eiam@uabc.edu.mx<\/td>\n<\/tr>\n<\/table>\n\n\n\n\n\n\n<h5><center>La LGAC que cultiva este Cuerpo Acad\u00e9mico es: Motricidad Humana<\/h5>\n\n\n\n\n\n\n<table>\n<tr>\n<td style=\"width: 16%;\"><strong>Nombre del Proyecto:<\/strong><\/td>\n<td>Dise\u00f1o de un programa de formaci\u00f3n orientado a incrementar la actividad f\u00edsica moderada a vigorosa en  profesores de educaci\u00f3n f\u00edsica.<\/td>\n<\/tr>\n<tr>\n<td><strong>Financiadora:<\/strong><\/td>\n<td>Facultad de Deportes UABC.<\/td>\n<tr>\n<td><strong>Monto:<\/strong><\/td>\n<td>Autofinanciado<\/td>\n<\/tr>\n<tr>\n<td><strong>Responsable:<\/strong><\/td>\n<td>Dr. Javier Arturo Hall L\u00f3pez<\/td>\n<\/tr>\n<tr>\n<td><strong>Vigencia:<\/strong><\/td>\n<td>2017-2  2019-1.<\/td>\n<\/tr>\n<\/tr>\n<\/table>\n<table>\n<tr>\n<td style=\"width: 16%;\"><strong>Nombre del Proyecto:<\/strong><\/td>\n<td>Relaci\u00f3n de la grasa corporal con intensidad de actividad f\u00edsica evaluada mediante aceler\u00f3metros y monitores de frecuencia cardiaca durante la jornada escolar en educaci\u00f3n b\u00e1sica.<\/td>\n<\/tr>\n<tr>\n<td><strong>Financiadora:<\/strong><\/td>\n<td>Facultad de Deportes UABC.<\/td>\n<tr>\n<td><strong>Monto:<\/strong><\/td>\n<td>Autofinanciado<\/td>\n<\/tr>\n<tr>\n<td><strong>Responsable:<\/strong><\/td>\n<td>Dr. Javier Arturo Hall L\u00f3pez<\/td>\n<\/tr>\n<tr>\n<td><strong>Vigencia:<\/strong><\/td>\n<td>2017-2  2019-1.<\/td>\n<\/tr>\n<\/tr>\n<\/table>\n<table>\n<tr>\n<td style=\"width: 16%;\"><strong>Nombre del Proyecto:<\/strong><\/td>\n<td>Percepci\u00f3n de esfuerzo e \u00edndice de actividad f\u00edsica moderada a vigorosa en educaci\u00f3n f\u00edsica y recreo de acuerdo al g\u00e9nero.<\/td>\n<\/tr>\n<tr>\n<td><strong>Financiadora:<\/strong><\/td>\n<td>Facultad de Deportes UABC.<\/td>\n<tr>\n<td><strong>Monto:<\/strong><\/td>\n<td>Autofinanciado<\/td>\n<\/tr>\n<tr>\n<td><strong>Responsable:<\/strong><\/td>\n<td>Dr. Javier Arturo Hall L\u00f3pez<\/td>\n<\/tr>\n<tr>\n<td><strong>Vigencia:<\/strong><\/td>\n<td>2017-2  2019-1.<\/td>\n<\/tr>\n<\/tr>\n<\/table>\n<table>\n<tr>\n<td style=\"width: 16%;\"><strong>Nombre del Proyecto:<\/strong><\/td>\n<td>Dise\u00f1o de un programa de formaci\u00f3n orientado a incrementar la actividad f\u00edsica moderada a vigorosa en  profesores de educaci\u00f3n f\u00edsica.<\/td>\n<\/tr>\n<tr>\n<td><strong>Financiadora:<\/strong><\/td>\n<td>Facultad de Deportes UABC.<\/td>\n<tr>\n<td><strong>Monto:<\/strong><\/td>\n<td>Autofinanciado<\/td>\n<\/tr>\n<tr>\n<td><strong>Responsable:<\/strong><\/td>\n<td>Dra. Paulina Yesica Ochoa Mart\u00ednez<\/td>\n<\/tr>\n<tr>\n<td><strong>Vigencia:<\/strong><\/td>\n<td>2016-1  2017-2<\/td>\n<\/tr>\n<\/tr>\n<\/table>\n<table>\n<tr>\n<td style=\"width: 16%;\"><strong>Nombre del Proyecto:<\/strong><\/td>\n<td>Actividad f\u00edsica acu\u00e1tica en ni\u00f1os con capacidades diferentes de edad escolar <\/td>\n<\/tr>\n<tr>\n<td><strong>Financiadora:<\/strong><\/td>\n<td>Facultad de Deportes UABC.<\/td>\n<tr>\n<td><strong>Monto:<\/strong><\/td>\n<td>Autofinanciado<\/td>\n<\/tr>\n<tr>\n<td><strong>Responsable:<\/strong><\/td>\n<td>Dra. Paulina Yesica Ochoa Mart\u00ednez<\/td>\n<\/tr>\n<tr>\n<td><strong>Vigencia:<\/strong><\/td>\n<td>2017-2  2019-1<\/td>\n<\/tr>\n<\/tr>\n<\/table>\n<table>\n<tr>\n<td style=\"width: 16%;\"><strong>Nombre del Proyecto:<\/strong><\/td>\n<td>Evaluaci\u00f3n de un programa de desarrollo motor en escolares con capacidades diferentes. <\/td>\n<\/tr>\n<tr>\n<td><strong>Financiadora:<\/strong><\/td>\n<td>Facultad de Deportes UABC.<\/td>\n<tr>\n<td><strong>Monto:<\/strong><\/td>\n<td>Autofinanciado<\/td>\n<\/tr>\n<tr>\n<td><strong>Responsable:<\/strong><\/td>\n<td>Dra. Paulina Yesica Ochoa Mart\u00ednez<\/td>\n<\/tr>\n<tr>\n<td><strong>Vigencia:<\/strong><\/td>\n<td>2017-2  2019-1<\/td>\n<\/tr>\n<\/tr>\n<\/table>\n\n\n\n\n\n\n","protected":false},"excerpt":{"rendered":"","protected":false},"author":1,"featured_media":0,"parent":0,"menu_order":0,"comment_status":"closed","ping_status":"closed","template":"","meta":{"_uag_custom_page_level_css":"","site-sidebar-layout":"default","site-content-layout":"","ast-site-content-layout":"default","site-content-style":"default","site-sidebar-style":"default","ast-global-header-display":"","ast-banner-title-visibility":"","ast-main-header-display":"","ast-hfb-above-header-display":"","ast-hfb-below-header-display":"","ast-hfb-mobile-header-display":"","site-post-title":"","ast-breadcrumbs-content":"","ast-featured-img":"","footer-sml-layout":"","ast-disable-related-posts":"","theme-transparent-header-meta":"","adv-header-id-meta":"","stick-header-meta":"","header-above-stick-meta":"","header-main-stick-meta":"","header-below-stick-meta":"","astra-migrate-meta-layouts":"default","ast-page-background-enabled":"default","ast-page-background-meta":{"desktop":{"background-color":"var(--ast-global-color-4)","background-image":"","background-repeat":"repeat","background-position":"center center","background-size":"auto","background-attachment":"scroll","background-type":"","background-media":"","overlay-type":"","overlay-color":"","overlay-opacity":"","overlay-gradient":""},"tablet":{"background-color":"","background-image":"","background-repeat":"repeat","background-position":"center center","background-size":"auto","background-attachment":"scroll","background-type":"","background-media":"","overlay-type":"","overlay-color":"","overlay-opacity":"","overlay-gradient":""},"mobile":{"background-color":"","background-image":"","background-repeat":"repeat","background-position":"center center","background-size":"auto","background-attachment":"scroll","background-type":"","background-media":"","overlay-type":"","overlay-color":"","overlay-opacity":"","overlay-gradient":""}},"ast-content-background-meta":{"desktop":{"background-color":"var(--ast-global-color-5)","background-image":"","background-repeat":"repeat","background-position":"center center","background-size":"auto","background-attachment":"scroll","background-type":"","background-media":"","overlay-type":"","overlay-color":"","overlay-opacity":"","overlay-gradient":""},"tablet":{"background-color":"var(--ast-global-color-5)","background-image":"","background-repeat":"repeat","background-position":"center center","background-size":"auto","background-attachment":"scroll","background-type":"","background-media":"","overlay-type":"","overlay-color":"","overlay-opacity":"","overlay-gradient":""},"mobile":{"background-color":"var(--ast-global-color-5)","background-image":"","background-repeat":"repeat","background-position":"center center","background-size":"auto","background-attachment":"scroll","background-type":"","background-media":"","overlay-type":"","overlay-color":"","overlay-opacity":"","overlay-gradient":""}},"footnotes":""},"class_list":["post-11","page","type-page","status-publish","hentry"],"uagb_featured_image_src":{"full":false,"thumbnail":false,"medium":false,"medium_large":false,"large":false,"1536x1536":false,"2048x2048":false},"uagb_author_info":{"display_name":"Administrador","author_link":"https:\/\/fdep.mxl.uabc.mx\/posgrado\/investigacion\/author\/administrador\/"},"uagb_comment_info":0,"uagb_excerpt":null,"_links":{"self":[{"href":"https:\/\/fdep.mxl.uabc.mx\/posgrado\/investigacion\/wp-json\/wp\/v2\/pages\/11","targetHints":{"allow":["GET"]}}],"collection":[{"href":"https:\/\/fdep.mxl.uabc.mx\/posgrado\/investigacion\/wp-json\/wp\/v2\/pages"}],"about":[{"href":"https:\/\/fdep.mxl.uabc.mx\/posgrado\/investigacion\/wp-json\/wp\/v2\/types\/page"}],"author":[{"embeddable":true,"href":"https:\/\/fdep.mxl.uabc.mx\/posgrado\/investigacion\/wp-json\/wp\/v2\/users\/1"}],"replies":[{"embeddable":true,"href":"https:\/\/fdep.mxl.uabc.mx\/posgrado\/investigacion\/wp-json\/wp\/v2\/comments?post=11"}],"version-history":[{"count":58,"href":"https:\/\/fdep.mxl.uabc.mx\/posgrado\/investigacion\/wp-json\/wp\/v2\/pages\/11\/revisions"}],"predecessor-version":[{"id":311,"href":"https:\/\/fdep.mxl.uabc.mx\/posgrado\/investigacion\/wp-json\/wp\/v2\/pages\/11\/revisions\/311"}],"wp:attachment":[{"href":"https:\/\/fdep.mxl.uabc.mx\/posgrado\/investigacion\/wp-json\/wp\/v2\/media?parent=11"}],"curies":[{"name":"wp","href":"https:\/\/api.w.org\/{rel}","templated":true}]}}