{"id":62,"date":"2023-10-30T22:13:51","date_gmt":"2023-10-30T21:13:51","guid":{"rendered":"http:\/\/fdep.mxl.uabc.mx\/posgrado\/doctorado\/?page_id=62"},"modified":"2023-11-08T20:47:44","modified_gmt":"2023-11-08T19:47:44","slug":"perfil","status":"publish","type":"page","link":"https:\/\/fdep.mxl.uabc.mx\/posgrado\/doctorado\/perfil\/","title":{"rendered":"Perfil"},"content":{"rendered":"\n\n\n<p>El aspirante al Doctorado en Ciencias de  la Actividad F\u00edsica y del Deporte, debe cumplir con lo siguiente:<\/p>\n\n\n\n\n\n\n\n\n<p><strong>Conocimientos:<\/strong> te\u00f3ricos y pr\u00e1cticos en actividad f\u00edsica y deporte; de una segunda lengua (comprensi\u00f3n de lecturas acad\u00e9micas); sobre metodolog\u00eda general de investigaci\u00f3n; en estad\u00edstica b\u00e1sica; y conocimientos espec\u00edficos sobre la tem\u00e1tica de la tesis que pretenda desarrollar. \n<\/p>\n<p>\n<strong>Capacidades: <\/strong>de comprensi\u00f3n lectora; de an\u00e1lisis e interpretaci\u00f3n de la literatura cient\u00edfica; para comunicase de manera oral y escrita; para ser creativo, y utilizar las nuevas tecnolog\u00edas en el ejercicio profesional; para trabajar de manera aut\u00f3noma y aplicar los conocimientos te\u00f3ricos.\n<\/p>\n<p>\n<strong>Habilidades: <\/strong>cognitivas y matem\u00e1ticas; para gestionar, tomar decisiones y trabajar en equipo; para buscar, procesar y analizar informaci\u00f3n procedente de diversas fuentes.\n<\/p>\n<p>\n<strong>Actitudes: <\/strong>perseverancia, iniciativa, inter\u00e9s por el conocimiento, adaptaci\u00f3n a las nuevas situaciones, deseo de superaci\u00f3n, tolerancia, disposici\u00f3n al dialogo, e inter\u00e9s por contribuir a soluciones de problem\u00e1ticas en la actividad f\u00edsica y deporte.\n<\/p>\n<p>\n<strong>Valores: <\/strong>responsabilidad social, honestidad, respeto, compromiso, y esp\u00edritu emprendedor.\n<\/p>\n\n\n\n\n\n\n\n\n\n\n\n\n\n<h5><center>El Egresado del Doctorado en Ciencias de la Actividad F\u00edsica y Deporte<\/center><\/h5>\n<p>Es un profesional con herramientas te\u00f3rico-pr\u00e1cticas para elaborar proyectos o programas de intervenci\u00f3n en el \u00e1mbito de la Educaci\u00f3n F\u00edsica y Deporte Escolar.<\/p>\n\n\n\n\n\n\n\n\n<p>\nEl egresado del programa de doctorado en ciencias de la actividad f\u00edsica y del deporte tendr\u00e1 las competencias profesionales y cient\u00edficas para abordar y contribuir a la soluci\u00f3n de problemas prioritarios dentro del estudio del movimiento humano, para incrementar el nivel de desarrollo y bienestar de la sociedad, tanto a nivel local, como nacional e internacional, con pertinencia social.<\/p>\n<p>\nAl concluir sus estudios, el egresado ser\u00e1 capaz de:\n<\/p>\n<ul>\n<li>Evaluar problem\u00e1ticas cuyo objeto de estudio sea el movimiento humano, aplicando las ciencias de la actividad f\u00edsica y del deporte, para mejorar el nivel de desarrollo y bienestar de la sociedad, tanto a nivel local, como nacional e internacional, con responsabilidad social.\n<\/li>\n<br>\n<li>\nDise\u00f1ar procesos sustanciales de investigaci\u00f3n original, mediante bases cient\u00edficas y metodol\u00f3gicas para atender problem\u00e1ticas sociales relacionadas con la actividad f\u00edsica y el deporte, de manera cr\u00edtica y con sentido \u00e9tico.\n<\/li>\n<\/ul>\n\n\n\n\n\n\n<p>El egresado ser\u00e1 capaz de:<\/p>\n<ol>\n<li>\nCubrir un total de 160 cr\u00e9ditos, distribuidos de la manera establecida en el plan de estudios, con un promedio ponderado superior a 80.\n    <ul>\n<li>54 cr\u00e9ditos obligatorios.<\/li>\n<li>20 cr\u00e9ditos optativos.<\/li>\n<li>86 cr\u00e9ditos correspondientes a la tesis, los cuales se acreditar\u00e1n cuando el estudiante apruebe su examen de grado. [Los requisitos para la sustentaci\u00f3n de tesis son: evidenciar la publicaci\u00f3n o aceptaci\u00f3n de un trabajo original que se desprenda de la tesis doctoral (art\u00edculo en revista indexada o patentes, libro, cap\u00edtulo de libro, libro colectivo en editoriales reconocidas por el CONACYT) donde el estudiante figure como primer autor o autor de correspondencia; informe favorable del Director, y en su caso codirector, de Tesis; e informe favorable de los lectores externos].<\/li>\n        <\/ul>\n<\/li>\n<br>\n<li>\nComprobar el conocimiento del idioma ingl\u00e9s, al menos Nivel B1 de comprensi\u00f3n lectora de acuerdo al Marco Com\u00fan Europeo, o equivalente (TOEFL paper 437-473 pts.; TOEFL IBT 41-52 pts.; TOEIC 405-600 pts.; VEC online 54-57 pts.).\n<\/li>\n<\/ol>\n\n\n\n\n\n\n","protected":false},"excerpt":{"rendered":"","protected":false},"author":1,"featured_media":0,"parent":0,"menu_order":0,"comment_status":"closed","ping_status":"closed","template":"","meta":{"_uag_custom_page_level_css":"","site-sidebar-layout":"default","site-content-layout":"","ast-site-content-layout":"default","site-content-style":"default","site-sidebar-style":"default","ast-global-header-display":"","ast-banner-title-visibility":"","ast-main-header-display":"","ast-hfb-above-header-display":"","ast-hfb-below-header-display":"","ast-hfb-mobile-header-display":"","site-post-title":"","ast-breadcrumbs-content":"","ast-featured-img":"","footer-sml-layout":"","ast-disable-related-posts":"","theme-transparent-header-meta":"","adv-header-id-meta":"","stick-header-meta":"","header-above-stick-meta":"","header-main-stick-meta":"","header-below-stick-meta":"","astra-migrate-meta-layouts":"default","ast-page-background-enabled":"default","ast-page-background-meta":{"desktop":{"background-color":"var(--ast-global-color-4)","background-image":"","background-repeat":"repeat","background-position":"center center","background-size":"auto","background-attachment":"scroll","background-type":"","background-media":"","overlay-type":"","overlay-color":"","overlay-opacity":"","overlay-gradient":""},"tablet":{"background-color":"","background-image":"","background-repeat":"repeat","background-position":"center center","background-size":"auto","background-attachment":"scroll","background-type":"","background-media":"","overlay-type":"","overlay-color":"","overlay-opacity":"","overlay-gradient":""},"mobile":{"background-color":"","background-image":"","background-repeat":"repeat","background-position":"center center","background-size":"auto","background-attachment":"scroll","background-type":"","background-media":"","overlay-type":"","overlay-color":"","overlay-opacity":"","overlay-gradient":""}},"ast-content-background-meta":{"desktop":{"background-color":"var(--ast-global-color-5)","background-image":"","background-repeat":"repeat","background-position":"center center","background-size":"auto","background-attachment":"scroll","background-type":"","background-media":"","overlay-type":"","overlay-color":"","overlay-opacity":"","overlay-gradient":""},"tablet":{"background-color":"var(--ast-global-color-5)","background-image":"","background-repeat":"repeat","background-position":"center center","background-size":"auto","background-attachment":"scroll","background-type":"","background-media":"","overlay-type":"","overlay-color":"","overlay-opacity":"","overlay-gradient":""},"mobile":{"background-color":"var(--ast-global-color-5)","background-image":"","background-repeat":"repeat","background-position":"center center","background-size":"auto","background-attachment":"scroll","background-type":"","background-media":"","overlay-type":"","overlay-color":"","overlay-opacity":"","overlay-gradient":""}},"footnotes":""},"class_list":["post-62","page","type-page","status-publish","hentry"],"uagb_featured_image_src":{"full":false,"thumbnail":false,"medium":false,"medium_large":false,"large":false,"1536x1536":false,"2048x2048":false},"uagb_author_info":{"display_name":"Administrador","author_link":"https:\/\/fdep.mxl.uabc.mx\/posgrado\/doctorado\/author\/administrador\/"},"uagb_comment_info":0,"uagb_excerpt":null,"_links":{"self":[{"href":"https:\/\/fdep.mxl.uabc.mx\/posgrado\/doctorado\/wp-json\/wp\/v2\/pages\/62","targetHints":{"allow":["GET"]}}],"collection":[{"href":"https:\/\/fdep.mxl.uabc.mx\/posgrado\/doctorado\/wp-json\/wp\/v2\/pages"}],"about":[{"href":"https:\/\/fdep.mxl.uabc.mx\/posgrado\/doctorado\/wp-json\/wp\/v2\/types\/page"}],"author":[{"embeddable":true,"href":"https:\/\/fdep.mxl.uabc.mx\/posgrado\/doctorado\/wp-json\/wp\/v2\/users\/1"}],"replies":[{"embeddable":true,"href":"https:\/\/fdep.mxl.uabc.mx\/posgrado\/doctorado\/wp-json\/wp\/v2\/comments?post=62"}],"version-history":[{"count":16,"href":"https:\/\/fdep.mxl.uabc.mx\/posgrado\/doctorado\/wp-json\/wp\/v2\/pages\/62\/revisions"}],"predecessor-version":[{"id":232,"href":"https:\/\/fdep.mxl.uabc.mx\/posgrado\/doctorado\/wp-json\/wp\/v2\/pages\/62\/revisions\/232"}],"wp:attachment":[{"href":"https:\/\/fdep.mxl.uabc.mx\/posgrado\/doctorado\/wp-json\/wp\/v2\/media?parent=62"}],"curies":[{"name":"wp","href":"https:\/\/api.w.org\/{rel}","templated":true}]}}