{"id":30,"date":"2023-10-30T17:55:48","date_gmt":"2023-10-30T16:55:48","guid":{"rendered":"http:\/\/fdep.mxl.uabc.mx\/posgrado\/doctorado\/?page_id=30"},"modified":"2025-12-08T20:12:33","modified_gmt":"2025-12-08T19:12:33","slug":"inicio","status":"publish","type":"page","link":"https:\/\/fdep.mxl.uabc.mx\/posgrado\/doctorado\/","title":{"rendered":"Inicio"},"content":{"rendered":"\n\n\n\n\n\n\n<p>\n<br>\nEl programa de Doctorado en Ciencias de la Actividad F\u00edsica y del Deporte se empez\u00f3 a desarrollar a partir del 2021 con los primeros estudios de viabilidad, pertinencia y factibilidad. En el 2022 se conform\u00f3 el Documento de referencia y operaci\u00f3n de programas de posgrado. El 28 de agosto del 2023 la Comisi\u00f3n permanente de asuntos t\u00e9cnicos del Consejo Universitario aprob\u00f3 el programa educativo. La primera generaci\u00f3n inicia estudios el semestre 2024-2. \n<\/p>\n<h5><strong>Misi\u00f3n<\/strong><\/h5>\n<p>Formar profesionales innovadores y competentes en la actividad f\u00edsica y deporte, que apliquen principios cient\u00edficos y t\u00e9cnicos para satisfacer las demandas de la sociedad relacionadas con la cultura f\u00edsica y ciencias aplicadas al deporte para el dise\u00f1o y desarrollo de soluciones a problem\u00e1ticas en el \u00e1mbito nacional e internacional, con sentido emprendedor y capaces de vincularse e internacionalizarse a las exigencias que demande el entorno, aplicando los valores institucionales; adem\u00e1s de promover la generaci\u00f3n y transferencia de nuevos conocimientos para coadyuvar al desarrollo de la sociedad a trav\u00e9s de la cultura f\u00edsica y deporte.\n<\/p>\n<p>\nAsimismo, brindar servicios de calidad que promueven a la adherencia de h\u00e1bitos de vida saludables y la pr\u00e1ctica del deporte, tanto en la comunidad universitaria como en la poblaci\u00f3n en general, a trav\u00e9s de los programas de actividad f\u00edsica y deporte de la Coordinaci\u00f3n Deportiva y el Centro Deportivo UABC A.C. coadyuvando al desarrollo de la calidad de vida de la sociedad.\n<\/p>\n\n\n\n\n<h5><strong>Visi\u00f3n<\/strong><\/h5>\n<p>En 2030, la Facultad de Deportes es un referente nacional e internacional por ofertar programas educativos pertinentes y reconocidos por su buena calidad, con una planta consolidada, la cual se encuentra en procesos de mejora continua; su oferta educativa atiende la necesidad del entorno en materia de cultura f\u00edsica y ciencias aplicadas al deporte; la formaci\u00f3n integral del estudiante universitario se atiende a trav\u00e9s de los programas de deporte masivo, representativo y curricular. Su vinculaci\u00f3n es reconocida en los diferentes sectores, as\u00ed como su internacionalizaci\u00f3n mediante la producci\u00f3n cient\u00edfica, capacidad docente y deporte universitario, para responder a los desaf\u00edos de la globalizaci\u00f3n.\n<\/p>\n<p>\nLa extensi\u00f3n de los servicios a trav\u00e9s de los programas de actividad f\u00edsica, salud y deporte, son reconocidos en la comunidad por su diversidad y buena calidad.\n<\/p>\n\n\n\n\n<br>\n<h5 style=\"text-align: center;\"><strong>Domicilio:<\/strong><\/h5>\n<br>\n<strong> \nEsquina. Rio Mocorito y Monclova, \n<br>\nCol. Ex-Ejido Coahuila, S\/N \n<br>\nCP 21289 \n<br>\nTel\u00e9fono: (686) 689-0810 Ext.44620.<\/strong> \n<br>\n<br>\n<p><\/p>\n\n\n<iframe src=\"https:\/\/www.google.com\/maps\/embed?pb=!1m18!1m12!1m3!1d3360.1048941240324!2d-115.43895542467081!3d32.63002999148392!2m3!1f0!2f0!3f0!3m2!1i1024!2i768!4f13.1!3m3!1m2!1s0x80d770fab784cd73%3A0x6605b40e1a9c8136!2sFacultad%20de%20Deportes%20-%20UABC!5e0!3m2!1ses-419!2smx!4v1695762462391!5m2!1ses-419!2smx\" width=\"5000\" height=\"300\" style=\"border:0;\" allowfullscreen=\"\" loading=\"lazy\" referrerpolicy=\"no-referrer-when-downgrade\"><\/iframe>\n\n\n\n\n\n\n\n\n\n\n\n\n\n\n\n\n\n\n\n\n\n\n\n\n\n\n\n\n\n\n","protected":false},"excerpt":{"rendered":"","protected":false},"author":1,"featured_media":0,"parent":0,"menu_order":0,"comment_status":"closed","ping_status":"closed","template":"","meta":{"_uag_custom_page_level_css":"","site-sidebar-layout":"default","site-content-layout":"","ast-site-content-layout":"default","site-content-style":"default","site-sidebar-style":"default","ast-global-header-display":"","ast-banner-title-visibility":"","ast-main-header-display":"","ast-hfb-above-header-display":"","ast-hfb-below-header-display":"","ast-hfb-mobile-header-display":"","site-post-title":"","ast-breadcrumbs-content":"","ast-featured-img":"","footer-sml-layout":"","ast-disable-related-posts":"","theme-transparent-header-meta":"","adv-header-id-meta":"","stick-header-meta":"","header-above-stick-meta":"","header-main-stick-meta":"","header-below-stick-meta":"","astra-migrate-meta-layouts":"default","ast-page-background-enabled":"default","ast-page-background-meta":{"desktop":{"background-color":"var(--ast-global-color-4)","background-image":"","background-repeat":"repeat","background-position":"center center","background-size":"auto","background-attachment":"scroll","background-type":"","background-media":"","overlay-type":"","overlay-color":"","overlay-opacity":"","overlay-gradient":""},"tablet":{"background-color":"","background-image":"","background-repeat":"repeat","background-position":"center center","background-size":"auto","background-attachment":"scroll","background-type":"","background-media":"","overlay-type":"","overlay-color":"","overlay-opacity":"","overlay-gradient":""},"mobile":{"background-color":"","background-image":"","background-repeat":"repeat","background-position":"center center","background-size":"auto","background-attachment":"scroll","background-type":"","background-media":"","overlay-type":"","overlay-color":"","overlay-opacity":"","overlay-gradient":""}},"ast-content-background-meta":{"desktop":{"background-color":"var(--ast-global-color-5)","background-image":"","background-repeat":"repeat","background-position":"center center","background-size":"auto","background-attachment":"scroll","background-type":"","background-media":"","overlay-type":"","overlay-color":"","overlay-opacity":"","overlay-gradient":""},"tablet":{"background-color":"var(--ast-global-color-5)","background-image":"","background-repeat":"repeat","background-position":"center center","background-size":"auto","background-attachment":"scroll","background-type":"","background-media":"","overlay-type":"","overlay-color":"","overlay-opacity":"","overlay-gradient":""},"mobile":{"background-color":"var(--ast-global-color-5)","background-image":"","background-repeat":"repeat","background-position":"center center","background-size":"auto","background-attachment":"scroll","background-type":"","background-media":"","overlay-type":"","overlay-color":"","overlay-opacity":"","overlay-gradient":""}},"footnotes":""},"class_list":["post-30","page","type-page","status-publish","hentry"],"uagb_featured_image_src":{"full":false,"thumbnail":false,"medium":false,"medium_large":false,"large":false,"1536x1536":false,"2048x2048":false},"uagb_author_info":{"display_name":"Administrador","author_link":"https:\/\/fdep.mxl.uabc.mx\/posgrado\/doctorado\/author\/administrador\/"},"uagb_comment_info":0,"uagb_excerpt":null,"_links":{"self":[{"href":"https:\/\/fdep.mxl.uabc.mx\/posgrado\/doctorado\/wp-json\/wp\/v2\/pages\/30","targetHints":{"allow":["GET"]}}],"collection":[{"href":"https:\/\/fdep.mxl.uabc.mx\/posgrado\/doctorado\/wp-json\/wp\/v2\/pages"}],"about":[{"href":"https:\/\/fdep.mxl.uabc.mx\/posgrado\/doctorado\/wp-json\/wp\/v2\/types\/page"}],"author":[{"embeddable":true,"href":"https:\/\/fdep.mxl.uabc.mx\/posgrado\/doctorado\/wp-json\/wp\/v2\/users\/1"}],"replies":[{"embeddable":true,"href":"https:\/\/fdep.mxl.uabc.mx\/posgrado\/doctorado\/wp-json\/wp\/v2\/comments?post=30"}],"version-history":[{"count":61,"href":"https:\/\/fdep.mxl.uabc.mx\/posgrado\/doctorado\/wp-json\/wp\/v2\/pages\/30\/revisions"}],"predecessor-version":[{"id":602,"href":"https:\/\/fdep.mxl.uabc.mx\/posgrado\/doctorado\/wp-json\/wp\/v2\/pages\/30\/revisions\/602"}],"wp:attachment":[{"href":"https:\/\/fdep.mxl.uabc.mx\/posgrado\/doctorado\/wp-json\/wp\/v2\/media?parent=30"}],"curies":[{"name":"wp","href":"https:\/\/api.w.org\/{rel}","templated":true}]}}