{"id":242,"date":"2023-11-08T21:25:47","date_gmt":"2023-11-08T20:25:47","guid":{"rendered":"https:\/\/fdep.mxl.uabc.mx\/posgrado\/doctorado\/?page_id=242"},"modified":"2025-02-21T17:45:00","modified_gmt":"2025-02-21T16:45:00","slug":"plazas-disponibles","status":"publish","type":"page","link":"https:\/\/fdep.mxl.uabc.mx\/posgrado\/doctorado\/plazas-disponibles\/","title":{"rendered":"Plazas disponibles"},"content":{"rendered":"\n\n\n\n\n\n\n<table>\n<!--Encabezado-->\n<tbody><tr>\n<th><font style=\"vertical-align: inherit;\"><font style=\"vertical-align: inherit;\">Profesor del N\u00facleo B\u00e1sico y Producci\u00f3n Cient\u00edfica<\/font><\/font><\/th>\n<th><font style=\"vertical-align: inherit;\"><font style=\"vertical-align: inherit;\">Total de plazas<\/font><\/font><\/th>\n<th><font style=\"vertical-align: inherit;\"><font style=\"vertical-align: inherit;\">Plazas disponibles<\/font><\/font><\/th>\n<\/tr>\n<!--Fila 1-->\n<tr>\n<td><font style=\"vertical-align: inherit;\"><font style=\"vertical-align: inherit;\">Marina Trejo Trejo<\/font><\/font><\/td>\n<td><font style=\"vertical-align: inherit;\"><font style=\"vertical-align: inherit;\">5 alumnos<\/font><\/font><\/td>\n<td>3<\/td>\n<\/tr>\n<!--Fila 2-->\n<tr>\n<td><a href=\"https:\/\/orcid.org\/0000-0003-4316-2248\" target=\"_blank\" rel=\"noopener\">Tatiana Romero Garc\u00eda<\/a><\/td>\n<td>5 alumnos<\/td>\n<td>0<\/td>\n<\/tr>\n<!--Fila 3-->\n<tr>\n<td><a href=\"https:\/\/orcid.org\/0000-0002-8210-692X\" target=\"_blank\" rel=\"noopener\">Mirvana E. Gonz\u00e1lez Macia<\/a><\/td>\n<td>5 alumnos<\/td>\n<td>5<\/td>\n<\/tr>\n<!--Fila 4-->\n<tr>\n<td><a href=\"https:\/\/orcid.org\/0000-0001-7778-7655\" target=\"_blank\" rel=\"noopener\">Antonio Pineda Espejel<\/a><\/td>\n<td>5 alumnos<\/td>\n<td>0<\/td>\n<\/tr>\n<!--Fila 5-->\n<tr>\n<td><a href=\"https:\/\/orcid.org\/0000-0002-7703-1695\" target=\"_blank\" rel=\"noopener\">Luis Mario G\u00f3mez Miranda<\/a><\/td>\n<td>5 alumnos<\/td>\n<td>5<\/td>\n<\/tr>\n\n<!--Fila 6-->\n<tr>\n<td>Lourdes Cutti Riveros<\/td>\n<td>5 alumnos<\/td>\n<td>5<\/td>\n<\/tr>\n<!--Fila 7-->\n<tr>\n<td><a href=\"https:\/\/orcid.org\/0000-0001-9687-5941\" target=\"_blank\" rel=\"noopener\">Roberto Espinoza Guti\u00e9rrez<\/a><\/td>\n<td>5 alumnos<\/td>\n<td>5<\/td>\n<\/tr>\n<!--Fila 8-->\n<tr>\n<td><a href=\"https:\/\/orcid.org\/0000-0003-1954-2857\" target=\"_blank\" rel=\"noopener\">Marco A. Hern\u00e1ndez Lepe<\/a><\/td>\n<td>5 alumnos<\/td>\n<td>5<\/td>\n<\/tr>\n<!--Fila 9-->\n<tr>\n<td>Edgar Ismael Alarc\u00f3n Meza<\/td>\n<td>5 alumnos<\/td>\n<td>0<\/td>\n<\/tr>\n<\/tbody><\/table>\n\n\n","protected":false},"excerpt":{"rendered":"","protected":false},"author":1,"featured_media":0,"parent":0,"menu_order":0,"comment_status":"closed","ping_status":"closed","template":"","meta":{"_uag_custom_page_level_css":"","site-sidebar-layout":"default","site-content-layout":"","ast-site-content-layout":"default","site-content-style":"default","site-sidebar-style":"default","ast-global-header-display":"","ast-banner-title-visibility":"","ast-main-header-display":"","ast-hfb-above-header-display":"","ast-hfb-below-header-display":"","ast-hfb-mobile-header-display":"","site-post-title":"disabled","ast-breadcrumbs-content":"","ast-featured-img":"","footer-sml-layout":"","ast-disable-related-posts":"","theme-transparent-header-meta":"","adv-header-id-meta":"","stick-header-meta":"","header-above-stick-meta":"","header-main-stick-meta":"","header-below-stick-meta":"","astra-migrate-meta-layouts":"","ast-page-background-enabled":"default","ast-page-background-meta":{"desktop":{"background-color":"var(--ast-global-color-4)","background-image":"","background-repeat":"repeat","background-position":"center center","background-size":"auto","background-attachment":"scroll","background-type":"","background-media":"","overlay-type":"","overlay-color":"","overlay-opacity":"","overlay-gradient":""},"tablet":{"background-color":"","background-image":"","background-repeat":"repeat","background-position":"center center","background-size":"auto","background-attachment":"scroll","background-type":"","background-media":"","overlay-type":"","overlay-color":"","overlay-opacity":"","overlay-gradient":""},"mobile":{"background-color":"","background-image":"","background-repeat":"repeat","background-position":"center center","background-size":"auto","background-attachment":"scroll","background-type":"","background-media":"","overlay-type":"","overlay-color":"","overlay-opacity":"","overlay-gradient":""}},"ast-content-background-meta":{"desktop":{"background-color":"var(--ast-global-color-5)","background-image":"","background-repeat":"repeat","background-position":"center center","background-size":"auto","background-attachment":"scroll","background-type":"","background-media":"","overlay-type":"","overlay-color":"","overlay-opacity":"","overlay-gradient":""},"tablet":{"background-color":"var(--ast-global-color-5)","background-image":"","background-repeat":"repeat","background-position":"center center","background-size":"auto","background-attachment":"scroll","background-type":"","background-media":"","overlay-type":"","overlay-color":"","overlay-opacity":"","overlay-gradient":""},"mobile":{"background-color":"var(--ast-global-color-5)","background-image":"","background-repeat":"repeat","background-position":"center center","background-size":"auto","background-attachment":"scroll","background-type":"","background-media":"","overlay-type":"","overlay-color":"","overlay-opacity":"","overlay-gradient":""}},"footnotes":""},"class_list":["post-242","page","type-page","status-publish","hentry"],"uagb_featured_image_src":{"full":false,"thumbnail":false,"medium":false,"medium_large":false,"large":false,"1536x1536":false,"2048x2048":false},"uagb_author_info":{"display_name":"Administrador","author_link":"https:\/\/fdep.mxl.uabc.mx\/posgrado\/doctorado\/author\/administrador\/"},"uagb_comment_info":0,"uagb_excerpt":null,"_links":{"self":[{"href":"https:\/\/fdep.mxl.uabc.mx\/posgrado\/doctorado\/wp-json\/wp\/v2\/pages\/242","targetHints":{"allow":["GET"]}}],"collection":[{"href":"https:\/\/fdep.mxl.uabc.mx\/posgrado\/doctorado\/wp-json\/wp\/v2\/pages"}],"about":[{"href":"https:\/\/fdep.mxl.uabc.mx\/posgrado\/doctorado\/wp-json\/wp\/v2\/types\/page"}],"author":[{"embeddable":true,"href":"https:\/\/fdep.mxl.uabc.mx\/posgrado\/doctorado\/wp-json\/wp\/v2\/users\/1"}],"replies":[{"embeddable":true,"href":"https:\/\/fdep.mxl.uabc.mx\/posgrado\/doctorado\/wp-json\/wp\/v2\/comments?post=242"}],"version-history":[{"count":40,"href":"https:\/\/fdep.mxl.uabc.mx\/posgrado\/doctorado\/wp-json\/wp\/v2\/pages\/242\/revisions"}],"predecessor-version":[{"id":553,"href":"https:\/\/fdep.mxl.uabc.mx\/posgrado\/doctorado\/wp-json\/wp\/v2\/pages\/242\/revisions\/553"}],"wp:attachment":[{"href":"https:\/\/fdep.mxl.uabc.mx\/posgrado\/doctorado\/wp-json\/wp\/v2\/media?parent=242"}],"curies":[{"name":"wp","href":"https:\/\/api.w.org\/{rel}","templated":true}]}}