{"id":225,"date":"2023-11-07T20:39:47","date_gmt":"2023-11-07T19:39:47","guid":{"rendered":"https:\/\/fdep.mxl.uabc.mx\/posgrado\/doctorado\/?page_id=225"},"modified":"2026-03-20T18:18:24","modified_gmt":"2026-03-20T17:18:24","slug":"convocatoria","status":"publish","type":"page","link":"https:\/\/fdep.mxl.uabc.mx\/posgrado\/doctorado\/convocatoria\/","title":{"rendered":"Convocatoria"},"content":{"rendered":"\n\n\n\n\n\n\n<h4><center>Universidad Aut\u00f3noma de Baja California<\/center><\/h4>\n<p><\/p><center><strong>\nFacultad de Deportes<\/strong>\n<p>\nConvoca a:\n<\/p><\/center><p><\/p>\n<!-- Encabezado -->\n<p><font dir=\"auto\" style=\"vertical-align: inherit;\"><font dir=\"auto\" style=\"vertical-align: inherit;\"><font dir=\"auto\" style=\"vertical-align: inherit;\"><font dir=\"auto\" style=\"vertical-align: inherit;\">\nEgresados(as) de maestr\u00edas en el \u00e1rea de la cultura f\u00edsica, o afines que justifiquen su ingreso por la relaci\u00f3n existente entre su formaci\u00f3n acad\u00e9mica y profesional con el doctorado ofertado, a participar en el concurso de ingreso al <\/font><\/font><\/font><\/font><strong><font dir=\"auto\" style=\"vertical-align: inherit;\"><font dir=\"auto\" style=\"vertical-align: inherit;\"><font dir=\"auto\" style=\"vertical-align: inherit;\"><font dir=\"auto\" style=\"vertical-align: inherit;\">Doctorado en Ciencias de la Actividad F\u00edsica y del Deporte<\/font><\/font><\/font><\/font><\/strong><font dir=\"auto\" style=\"vertical-align: inherit;\"><font dir=\"auto\" style=\"vertical-align: inherit;\"><font dir=\"auto\" style=\"vertical-align: inherit;\"><font dir=\"auto\" style=\"vertical-align: inherit;\"> , agosto 2026-2.\n<\/font><\/font><\/font><\/font><\/p>\n<p>\n<strong><font dir=\"auto\" style=\"vertical-align: inherit;\"><font dir=\"auto\" style=\"vertical-align: inherit;\"><font dir=\"auto\" style=\"vertical-align: inherit;\"><font dir=\"auto\" style=\"vertical-align: inherit;\">Paso 1<\/font><\/font><\/font><\/font><\/strong><font dir=\"auto\" style=\"vertical-align: inherit;\"><font dir=\"auto\" style=\"vertical-align: inherit;\"><font dir=\"auto\" style=\"vertical-align: inherit;\"><font dir=\"auto\" style=\"vertical-align: inherit;\"> (antecedentes acad\u00e9micos y laborales): <\/font><\/font><\/font><\/font><font color=\"#f71401\"><font dir=\"auto\" style=\"vertical-align: inherit;\"><font dir=\"auto\" style=\"vertical-align: inherit;\"><font dir=\"auto\" style=\"vertical-align: inherit;\"><font dir=\"auto\" style=\"vertical-align: inherit;\">Fecha l\u00edmite 30 de marzo del 2026<\/font><\/font><\/font><\/font><\/font>\n<\/p>\n<ul>\n<li><font dir=\"auto\" style=\"vertical-align: inherit;\">\nCopia de t\u00edtulo de maestr\u00eda (o comprobante de grado en tr\u00e1mite), y c\u00e9dula profesional de maestr\u00eda (o comprobante de c\u00e9dula federal en tr\u00e1mite expedido por la SEP).\n<\/font>\n<\/li>\n<li><font dir=\"auto\" style=\"vertical-align: inherit;\">\nComprobar, con certificado de estudios de maestr\u00eda, un promedio general igual o mayor a 80 en escala de 0 a 100, o su equivalente en otros sistemas de calificaci\u00f3n.\n<\/font><\/li>\n<li><font dir=\"auto\" style=\"vertical-align: inherit;\">\nCarta de motivos personales firmada por el aspirante, donde explique qu\u00e9 lo llev\u00f3 a tomar la decisi\u00f3n de ingresar al Doctorado, qu\u00e9 planea desarrollar durante el programa del Doctorado, y c\u00f3mo aplicar la informaci\u00f3n adquirida en su trabajo profesional al egresar del doctorado.\n<\/font><\/li>\n<li><font dir=\"auto\" style=\"vertical-align: inherit;\">\nEntregar dos cartas de recomendaci\u00f3n de profesores que le hayan impartido clase en el posgrado.\n<\/font><\/li>\n<li><font dir=\"auto\" style=\"vertical-align: inherit;\">\nCurr\u00edculo vitae y cient\u00edfico del aspirante.<\/font><\/li>\n<li><font dir=\"auto\" style=\"vertical-align: inherit;\">\nPara el caso de aspirantes extranjeros, adicionalmente se pide acta de nacimiento apostillada, copia de pasaporte con vigencia mayor a tres meses del tiempo que deseen permanecer en M\u00e9xico.\n<\/font><\/li>\n<li><font dir=\"auto\" style=\"vertical-align: inherit;\">\nPara el caso de aspirantes que su lengua materna no sea el espa\u00f1ol, deber\u00e1n comprobar dominio del idioma espa\u00f1ol en comprensi\u00f3n, lectura y redacci\u00f3n (nivel B1 del Marco Com\u00fan Europeo).\n<\/font><\/li>\n<li>\nRegistrarse en: <a href=\"https:\/\/forms.gle\/DcE585FUhQPsFvga8\" target=\"_blank\">https:\/\/forms.gle\/DcE585FUhQPsFvga8<\/a><\/li>\n<br>\n<p><strong>\nPaso 2<\/strong>  (examen de conocimientos):\n<\/p>\n<ul>\n<li>\nPresentar y aprobar un examen de conocimientos generales nivel posgrado ( INFORMACI\u00d3N)<\/li>\n<li><font color=\"#f71704\">Costo: <u> $ 1,200.00<\/u><\/font><\/li>\n<li>Pago y pre-registro Institucional<br>\n<u>Del 30 de marzo al 22 de abril de 2026.<\/u><\/li>\n<li>Registro ante CENEVAL<br>\n<u>Del 30 de marzo al 23 de abril de 2026.<\/u><\/li>\n<br>\n<u>Convocatoria de Aplicacion de EXANI III 2026-1<\/u>\n<br>\nSi est\u00e1s en proceso de ingreso a un programa de posgrado, es importante que completes correctamente tu registro para presentar el EXANI III.\n<br>\nEl proceso consta de tres pasos:\n<li>\nRealizar tu pre-registro institucional.\n<\/li>\n<li>\nEfectuar el pago correspondiente.\n<\/li>\n<li>\nY finalizar tu registro ante CENEVAL.\n<br>\nTodos son obligatorios para poder presentar el examen<\/li>\n<\/ul>\n<\/p>\n<br>\n<strong>\nModalidad de aplicaci\u00f3n: desde casa<\/strong>\n<br>\n<br>\nTe recomendamos revisar cuidadosamente cada indicaci\u00f3n y completar tu registro con anticipaci\u00f3n para evitar contratiempos.\n<br><strong>\nPre-registro institucional:<\/strong>\n<br>\n<a href=\"https:\/\/docs.google.com\/forms\/d\/e\/1FAIpQLScr3rCqojxgXl2PsLEZS1OAtpIYHOPWGtI_0tcATTpZrH3eAg\/viewform\" target=\"_blank\" rel=\"noopener noreferrer\">\n\ud83d\udd17https:\/\/docs.google.com\/forms\/d\/e\/1FAIpQLScr3rCqojxgXl2PsLEZS1OAtpIYHOPWGtI_0tcATTpZrH3eAg\/viewform\n<\/a>\n<br>\n<strong>Registro ante CENEVAL:<\/strong>\n<br>\n<a href=\"https:\/\/registroenlinea.ceneval.edu.mx\/RegistroLinea\/indexCerrado.php\" target=\"_blank\" rel=\"noopener noreferrer\">\n\ud83d\udd17https:\/\/registroenlinea.ceneval.edu.mx\/RegistroLinea\/indexCerrado.php.<\/a>\n<\/p>\n<p>\n<br>\n<strong>Paso 3<\/strong>\n<font dir=\"auto\" style=\"vertical-align: inherit;\">(evaluaci\u00f3n de habilidades investigativas)<\/font><\/font>\n<font color=\"#f71401\">Abril del 2026<\/font>\n<br>\n<font dir=\"auto\" style=\"vertical-align: inherit;\"> \nPresentar un examen que eval\u00faa la capacidad de an\u00e1lisis e interpretaci\u00f3n de la literatura cient\u00edfica.\n<\/font><\/p>\n<p>\n<strong><font dir=\"auto\" style=\"vertical-align: inherit;\">Paso 4.<\/font><\/strong><font dir=\"auto\" style=\"vertical-align: inherit;\"> (anteproyecto): <\/font>\n<font color=\"#f71401\">Mayo del 2026<\/font>\n<br>\n<font dir=\"auto\" style=\"vertical-align: inherit;\">  \nEntregar anteproyecto de investigaci\u00f3n impreso con el Aval de un Director\/a de Tesis que pertenezca al N\u00facleo Acad\u00e9mico del Programa (ver listado aqu\u00ed).\n<\/font>\n<p>\n<strong><font dir=\"auto\" style=\"vertical-align: inherit;\">Paso 5. <\/strong><\/font>(entrevista colegiada):\n<font color=\"#f71401\"> Mayo del 2026<\/font> \n<br>\nAsistir a la entrevista programada por el Coordinador de Investigaci\u00f3n y Posgrado.\n<\/font><\/p>\n<p><strong>\nPaso 6.\n<\/font><\/strong>\n<br>\nComprobar el conocimiento de una segunda lengua nivel A2 de comprensi\u00f3n lectora de acuerdo al Marco Com\u00fan Europeo de Referencia para las Lenguas, o bien su equivalente (e.g. TOEFL paper 397-433 pts.; TOEFL IBT 30-40 pts.; TOEIC 255-400 pts.; VEC online 46-53 pts.); u otras opciones como certificado de Competencia Laboral de un lenguaje de se\u00f1as que emite la SEP a trav\u00e9s del CONOCER (Consejo Nacional de Normalizaci\u00f3n y Certificaci\u00f3n de Competencias Laborales); lenguas ind\u00edgenas u otras lenguas; o bien comprobante m\u00ednimo de 400 horas de estudio emitido por una instituci\u00f3n oficial. Para todos los casos el comprobante no deber\u00e1 ser mayor a 2 a\u00f1os previos a la convocatoria de ingreso vigente.\n<br>\nLa puntuaci\u00f3n que proporciona el proceso de selecci\u00f3n es la siguiente:\n<ul>\n<li><font dir=\"auto\" style=\"vertical-align: inherit;\"><font dir=\"auto\" style=\"vertical-align: inherit;\"><font dir=\"auto\" style=\"vertical-align: inherit;\"><font dir=\"auto\" style=\"vertical-align: inherit;\">\nExamen de conocimientos hasta 30 puntos.\n<\/font><\/font><\/font><\/font><\/li>\n<li><font dir=\"auto\" style=\"vertical-align: inherit;\"><font dir=\"auto\" style=\"vertical-align: inherit;\"><font dir=\"auto\" style=\"vertical-align: inherit;\"><font dir=\"auto\" style=\"vertical-align: inherit;\">\nEntrevista colegiada y antecedentes acad\u00e9micos hasta 30 puntos\n<\/font><\/font><\/font><\/font><\/li>\n<li><font dir=\"auto\" style=\"vertical-align: inherit;\"><font dir=\"auto\" style=\"vertical-align: inherit;\"><font dir=\"auto\" style=\"vertical-align: inherit;\"><font dir=\"auto\" style=\"vertical-align: inherit;\">\nEvaluaci\u00f3n de habilidades 10 puntos\n<\/font><\/font><\/font><\/font><\/li>\n<li><font dir=\"auto\" style=\"vertical-align: inherit;\"><font dir=\"auto\" style=\"vertical-align: inherit;\"><font dir=\"auto\" style=\"vertical-align: inherit;\"><font dir=\"auto\" style=\"vertical-align: inherit;\">\nSegunda lengua 10 puntos\n<\/font><\/font><\/font><\/font><\/li>\n<li><font dir=\"auto\" style=\"vertical-align: inherit;\"><font dir=\"auto\" style=\"vertical-align: inherit;\"><font dir=\"auto\" style=\"vertical-align: inherit;\"><font dir=\"auto\" style=\"vertical-align: inherit;\">\nAnteproyecto de investigaci\u00f3n hasta 20 puntos\n<\/font><\/font><\/font><\/font><\/li>\n<\/ul>\n<p><font dir=\"auto\" style=\"vertical-align: inherit;\"><font dir=\"auto\" style=\"vertical-align: inherit;\"><font dir=\"auto\" style=\"vertical-align: inherit;\"><font dir=\"auto\" style=\"vertical-align: inherit;\">\nLos aspirantes extranjeros aceptados se comprometer\u00e1n a demostrar su estancia legal en el pa\u00eds, y tener sus documentos legalizados. Los resultados del proceso de selecci\u00f3n son inapelables, y ser\u00e1n publicados en el mes de junio en este sitio web <\/font><\/font><\/font><\/font><a href=\"https:\/\/facdeportes.uabc.mx\/campusmexicali\/\" target=\"_blank\"><font dir=\"auto\" style=\"vertical-align: inherit;\"><font dir=\"auto\" style=\"vertical-align: inherit;\"><font dir=\"auto\" style=\"vertical-align: inherit;\"><font dir=\"auto\" style=\"vertical-align: inherit;\">Facultad de Deportes.\n<\/font><\/font><\/font><\/font><\/a><\/p><font dir=\"auto\" style=\"vertical-align: inherit;\"><font dir=\"auto\" style=\"vertical-align: inherit;\"><font dir=\"auto\" style=\"vertical-align: inherit;\"><font dir=\"auto\" style=\"vertical-align: inherit;\">\nPara cualquier aclaraci\u00f3n adicional sobre la presente convocatoria, las personas interesadas pueden dirigirse al:\n  <\/font><\/font><\/font><\/font><br><font dir=\"auto\" style=\"vertical-align: inherit;\"><font dir=\"auto\" style=\"vertical-align: inherit;\"><font dir=\"auto\" style=\"vertical-align: inherit;\"><font dir=\"auto\" style=\"vertical-align: inherit;\">\nTel\u00e9fono: (686) 564-6263\n  <\/font><\/font><\/font><\/font><br><font dir=\"auto\" style=\"vertical-align: inherit;\"><font dir=\"auto\" style=\"vertical-align: inherit;\"><font dir=\"auto\" style=\"vertical-align: inherit;\"><font dir=\"auto\" style=\"vertical-align: inherit;\">\nCorreo electr\u00f3nico: <\/font><\/font><\/font><\/font><strong>\ncoordinacion.posgradofdmxl@uabc.edu.mx<\/strong>\n<p style=\"text-align: right;\">\nMexicali BC, a 3 de febrero del 2026.<\/p><\/ul>\n\n\n\n\n\n\n<img decoding=\"async\" src=\" http:\/\/fdep.mxl.uabc.mx\/posgrado\/doctorado\/wp-content\/uploads\/sites\/2\/2025\/11\/ConCerrada2025.png\">\n\n\n\n\n\n\n<img decoding=\"async\" src=\"http:\/\/fdep.mxl.uabc.mx\/posgrado\/doctorado\/wp-content\/uploads\/sites\/2\/2024\/06\/Conv-Doc-2024-2-scaled.gif\n\">\n\n\n\n\n\n\n","protected":false},"excerpt":{"rendered":"","protected":false},"author":1,"featured_media":0,"parent":0,"menu_order":0,"comment_status":"closed","ping_status":"closed","template":"","meta":{"_uag_custom_page_level_css":"","site-sidebar-layout":"default","site-content-layout":"","ast-site-content-layout":"default","site-content-style":"default","site-sidebar-style":"default","ast-global-header-display":"","ast-banner-title-visibility":"","ast-main-header-display":"","ast-hfb-above-header-display":"","ast-hfb-below-header-display":"","ast-hfb-mobile-header-display":"","site-post-title":"","ast-breadcrumbs-content":"","ast-featured-img":"","footer-sml-layout":"","ast-disable-related-posts":"","theme-transparent-header-meta":"","adv-header-id-meta":"","stick-header-meta":"","header-above-stick-meta":"","header-main-stick-meta":"","header-below-stick-meta":"","astra-migrate-meta-layouts":"default","ast-page-background-enabled":"default","ast-page-background-meta":{"desktop":{"background-color":"var(--ast-global-color-4)","background-image":"","background-repeat":"repeat","background-position":"center center","background-size":"auto","background-attachment":"scroll","background-type":"","background-media":"","overlay-type":"","overlay-color":"","overlay-opacity":"","overlay-gradient":""},"tablet":{"background-color":"","background-image":"","background-repeat":"repeat","background-position":"center center","background-size":"auto","background-attachment":"scroll","background-type":"","background-media":"","overlay-type":"","overlay-color":"","overlay-opacity":"","overlay-gradient":""},"mobile":{"background-color":"","background-image":"","background-repeat":"repeat","background-position":"center center","background-size":"auto","background-attachment":"scroll","background-type":"","background-media":"","overlay-type":"","overlay-color":"","overlay-opacity":"","overlay-gradient":""}},"ast-content-background-meta":{"desktop":{"background-color":"var(--ast-global-color-5)","background-image":"","background-repeat":"repeat","background-position":"center center","background-size":"auto","background-attachment":"scroll","background-type":"","background-media":"","overlay-type":"","overlay-color":"","overlay-opacity":"","overlay-gradient":""},"tablet":{"background-color":"var(--ast-global-color-5)","background-image":"","background-repeat":"repeat","background-position":"center center","background-size":"auto","background-attachment":"scroll","background-type":"","background-media":"","overlay-type":"","overlay-color":"","overlay-opacity":"","overlay-gradient":""},"mobile":{"background-color":"var(--ast-global-color-5)","background-image":"","background-repeat":"repeat","background-position":"center center","background-size":"auto","background-attachment":"scroll","background-type":"","background-media":"","overlay-type":"","overlay-color":"","overlay-opacity":"","overlay-gradient":""}},"footnotes":""},"class_list":["post-225","page","type-page","status-publish","hentry"],"uagb_featured_image_src":{"full":false,"thumbnail":false,"medium":false,"medium_large":false,"large":false,"1536x1536":false,"2048x2048":false},"uagb_author_info":{"display_name":"Administrador","author_link":"https:\/\/fdep.mxl.uabc.mx\/posgrado\/doctorado\/author\/administrador\/"},"uagb_comment_info":0,"uagb_excerpt":null,"_links":{"self":[{"href":"https:\/\/fdep.mxl.uabc.mx\/posgrado\/doctorado\/wp-json\/wp\/v2\/pages\/225","targetHints":{"allow":["GET"]}}],"collection":[{"href":"https:\/\/fdep.mxl.uabc.mx\/posgrado\/doctorado\/wp-json\/wp\/v2\/pages"}],"about":[{"href":"https:\/\/fdep.mxl.uabc.mx\/posgrado\/doctorado\/wp-json\/wp\/v2\/types\/page"}],"author":[{"embeddable":true,"href":"https:\/\/fdep.mxl.uabc.mx\/posgrado\/doctorado\/wp-json\/wp\/v2\/users\/1"}],"replies":[{"embeddable":true,"href":"https:\/\/fdep.mxl.uabc.mx\/posgrado\/doctorado\/wp-json\/wp\/v2\/comments?post=225"}],"version-history":[{"count":70,"href":"https:\/\/fdep.mxl.uabc.mx\/posgrado\/doctorado\/wp-json\/wp\/v2\/pages\/225\/revisions"}],"predecessor-version":[{"id":621,"href":"https:\/\/fdep.mxl.uabc.mx\/posgrado\/doctorado\/wp-json\/wp\/v2\/pages\/225\/revisions\/621"}],"wp:attachment":[{"href":"https:\/\/fdep.mxl.uabc.mx\/posgrado\/doctorado\/wp-json\/wp\/v2\/media?parent=225"}],"curies":[{"name":"wp","href":"https:\/\/api.w.org\/{rel}","templated":true}]}}