{"id":179,"date":"2023-11-03T20:57:11","date_gmt":"2023-11-03T19:57:11","guid":{"rendered":"https:\/\/fdep.mxl.uabc.mx\/posgrado\/doctorado\/?page_id=179"},"modified":"2025-02-05T19:12:08","modified_gmt":"2025-02-05T18:12:08","slug":"n-academico","status":"publish","type":"page","link":"https:\/\/fdep.mxl.uabc.mx\/posgrado\/doctorado\/n-academico\/","title":{"rendered":"N. Acad\u00e9mico"},"content":{"rendered":"\n\n\n\n<table>\n<! --encabezado -->\n  <tr>\n    <th>Acad\u00e9mico de N\u00facleo B\u00e1sico y producci\u00f3n Cient\u00edfica<\/th>\n    <th>Formaci\u00f3n<\/th>\n   <th>Sistema Nacional de Investigadores<\/th>\n  <\/tr>\n<!-- Fila 1-->\n  <tr>\n    <td>Marina Trejo Trejo<\/td>\n    <td>Dra. Ciencias M\u00e9dicas<\/td>\n    <td><center>1<\/td>\n  <\/tr>\n<!-- Fila 2-->\n  <tr>\n    <td><a href=\"https:\/\/orcid.org\/0000-0003-4316-2248\" target=\"_blank\" rel=\"noopener\">Tatiana Romero Garc\u00eda<\/a><\/td>\n    <td>Dra. en ciencias en la especialidad de bioqu\u00edmica<\/td>\n    <td><center>1<\/td>\n  <tr>\n<!-- Fila 3-->\n  <\/tr>\n    <td><a href=\"https:\/\/orcid.org\/0000-0002-8210-692X\" target=\"_blank\" rel=\"noopener\">Mirvana E. Gonz\u00e1lez Macia<\/a><\/td>\n    <td>Dra. Ciencias de la Ingenier\u00eda<\/td>\n    <td><center>1<\/td>\n  <\/tr>\n<!-- Fila 4-->\n  <tr>\n    <td><a href=\"https:\/\/orcid.org\/0000-0001-7778-7655\" target=\"_blank\" rel=\"noopener\">Antonio Pineda Espejel<\/td>\n    <td>Dr. en Ciencias de la Cultura F\u00edsica<\/td>\n    <td><center>1<\/td>\n  <\/tr>\n<!-- Fila 5-->\n  <tr>\n    <td><a href=\"https:\/\/orcid.org\/0000-0002-7703-1695\" target=\"_blank\" rel=\"noopener\">Luis Mario G\u00f3mez Miranda<\/td>\n    <td>Dr. en Ciencias de la Salud<\/td>\n    <td><center>1<\/td>\n  <\/tr>\n<!-- Fila 6-->\n  <tr>\n    <td>Lourdes Cutti Riveros<\/td>\n    <td>Dra. en Ciencias educativas<\/td>\n    <td><center>1<\/td>\n  <\/tr>\n<!-- Fila 7-->\n  <tr>\n    <td><a href=\"https:\/\/orcid.org\/0000-0001-9687-5941\" target=\"_blank\" rel=\"noopener\">Roberto Espinoza Guti\u00e9rrez<\/a><\/td>\n    <td>Dr. en Ciencias del Deporte<\/td>\n    <td><center>1<\/td>\n  <\/tr>\n<!-- Fila 8-->\n  <tr>\n    <td><a href=\"https:\/\/orcid.org\/0000-0003-1954-2857\" target=\"_blank\" rel=\"noopener\">Marco A. Hern\u00e1ndez Lepe<\/a><\/td>\n    <td>Dr. en Ciencias qu\u00edmico biol\u00f3gicas<\/td>\n    <td><center>1<\/td>\n  <\/tr>\n<!-- Fila 10-->\n  <tr>\n    <td>Edgar Ismael Alarc\u00f3n Meza<\/a><\/td>\n    <td>Dr. en Fisiolog\u00eda del Ejercicio<\/td>\n    <td><center>1<\/td>\n  <\/tr>\n<\/table>\n\n\n\n\n\n\n","protected":false},"excerpt":{"rendered":"","protected":false},"author":1,"featured_media":0,"parent":0,"menu_order":0,"comment_status":"closed","ping_status":"closed","template":"","meta":{"_uag_custom_page_level_css":"","site-sidebar-layout":"default","site-content-layout":"","ast-site-content-layout":"default","site-content-style":"default","site-sidebar-style":"default","ast-global-header-display":"","ast-banner-title-visibility":"","ast-main-header-display":"","ast-hfb-above-header-display":"","ast-hfb-below-header-display":"","ast-hfb-mobile-header-display":"","site-post-title":"","ast-breadcrumbs-content":"","ast-featured-img":"","footer-sml-layout":"","ast-disable-related-posts":"","theme-transparent-header-meta":"","adv-header-id-meta":"","stick-header-meta":"","header-above-stick-meta":"","header-main-stick-meta":"","header-below-stick-meta":"","astra-migrate-meta-layouts":"default","ast-page-background-enabled":"default","ast-page-background-meta":{"desktop":{"background-color":"var(--ast-global-color-4)","background-image":"","background-repeat":"repeat","background-position":"center center","background-size":"auto","background-attachment":"scroll","background-type":"","background-media":"","overlay-type":"","overlay-color":"","overlay-opacity":"","overlay-gradient":""},"tablet":{"background-color":"","background-image":"","background-repeat":"repeat","background-position":"center center","background-size":"auto","background-attachment":"scroll","background-type":"","background-media":"","overlay-type":"","overlay-color":"","overlay-opacity":"","overlay-gradient":""},"mobile":{"background-color":"","background-image":"","background-repeat":"repeat","background-position":"center center","background-size":"auto","background-attachment":"scroll","background-type":"","background-media":"","overlay-type":"","overlay-color":"","overlay-opacity":"","overlay-gradient":""}},"ast-content-background-meta":{"desktop":{"background-color":"var(--ast-global-color-5)","background-image":"","background-repeat":"repeat","background-position":"center center","background-size":"auto","background-attachment":"scroll","background-type":"","background-media":"","overlay-type":"","overlay-color":"","overlay-opacity":"","overlay-gradient":""},"tablet":{"background-color":"var(--ast-global-color-5)","background-image":"","background-repeat":"repeat","background-position":"center center","background-size":"auto","background-attachment":"scroll","background-type":"","background-media":"","overlay-type":"","overlay-color":"","overlay-opacity":"","overlay-gradient":""},"mobile":{"background-color":"var(--ast-global-color-5)","background-image":"","background-repeat":"repeat","background-position":"center center","background-size":"auto","background-attachment":"scroll","background-type":"","background-media":"","overlay-type":"","overlay-color":"","overlay-opacity":"","overlay-gradient":""}},"footnotes":""},"class_list":["post-179","page","type-page","status-publish","hentry"],"uagb_featured_image_src":{"full":false,"thumbnail":false,"medium":false,"medium_large":false,"large":false,"1536x1536":false,"2048x2048":false},"uagb_author_info":{"display_name":"Administrador","author_link":"https:\/\/fdep.mxl.uabc.mx\/posgrado\/doctorado\/author\/administrador\/"},"uagb_comment_info":0,"uagb_excerpt":null,"_links":{"self":[{"href":"https:\/\/fdep.mxl.uabc.mx\/posgrado\/doctorado\/wp-json\/wp\/v2\/pages\/179","targetHints":{"allow":["GET"]}}],"collection":[{"href":"https:\/\/fdep.mxl.uabc.mx\/posgrado\/doctorado\/wp-json\/wp\/v2\/pages"}],"about":[{"href":"https:\/\/fdep.mxl.uabc.mx\/posgrado\/doctorado\/wp-json\/wp\/v2\/types\/page"}],"author":[{"embeddable":true,"href":"https:\/\/fdep.mxl.uabc.mx\/posgrado\/doctorado\/wp-json\/wp\/v2\/users\/1"}],"replies":[{"embeddable":true,"href":"https:\/\/fdep.mxl.uabc.mx\/posgrado\/doctorado\/wp-json\/wp\/v2\/comments?post=179"}],"version-history":[{"count":44,"href":"https:\/\/fdep.mxl.uabc.mx\/posgrado\/doctorado\/wp-json\/wp\/v2\/pages\/179\/revisions"}],"predecessor-version":[{"id":514,"href":"https:\/\/fdep.mxl.uabc.mx\/posgrado\/doctorado\/wp-json\/wp\/v2\/pages\/179\/revisions\/514"}],"wp:attachment":[{"href":"https:\/\/fdep.mxl.uabc.mx\/posgrado\/doctorado\/wp-json\/wp\/v2\/media?parent=179"}],"curies":[{"name":"wp","href":"https:\/\/api.w.org\/{rel}","templated":true}]}}